{"id":5196,"date":"2024-04-12T12:54:42","date_gmt":"2024-04-12T12:54:42","guid":{"rendered":"https:\/\/www.planhmedia.org\/?page_id=5196"},"modified":"2024-08-17T21:29:37","modified_gmt":"2024-08-17T21:29:37","slug":"onda-corta-grieta","status":"publish","type":"page","link":"https:\/\/www.planhmedia.org\/es\/elbarcodelarroz\/onda-corta-grieta\/","title":{"rendered":"[Onda corta] Grieta"},"content":{"rendered":"<div class=\"wpb-content-wrapper\"><body><p>[vc_row overlay_background=\u201d#0a0a0a\u201d][vc_column][vc_empty_space height=\u201d12px\u201d][vc_row_inner][vc_column_inner el_class=\u201dbreadcrumb\u201d][vc_column_text]<\/p>\n<p style=\"text-align: left;\"><a href=\"\/es\/elbarcodelarroz\/\">El barco del arroz &gt;<\/a> [Onda corta] Grieta<\/p>\n<p>[\/vc_column_text][\/vc_column_inner][\/vc_row_inner][vc_empty_space height=\u201d12px\u201d][\/vc_column][\/vc_row][vc_row content_full_width=\u201d1\u2033 el_class=\u201dimage_row\u201d el_id=\u201dbackgr\u201d css=\u201d.vc_custom_1713217450636{background-image: url(https:\/\/www.planhmedia.org\/wp-content\/uploads\/2024\/04\/Lalibela_Banner_Fade.jpg?id=5357) !important;}\u201d][vc_column el_class=\u201dtext_white\u201d][vc_empty_space height=\u201d42px\u201d][vc_column_text]<\/p>\n<h1><\/h1>\n<h1><\/h1>\n<h2 style=\"text-align: center;\">[ONDA CORTA]<\/h2>\n<p>\u00a0<\/p>\n<p>\u00a0<\/p>\n<p>\u00a0<\/p>\n<h1 style=\"text-align: center;\">GRIETA<\/h1>\n<p>[\/vc_column_text][vc_empty_space height=\u201d170px\u201d el_id=\u201dtitle_space\u201d][\/vc_column][\/vc_row][vc_row content_full_width=\u201d1\u2033 overlay_background=\u201d#000000\u2033][vc_column][vc_empty_space height=\u201d7px\u201d][vc_row_inner el_class=\u201dtext_white\u201d][vc_column_inner width=\u201d1\/6\u2033][\/vc_column_inner][vc_column_inner width=\u201d2\/3\u2033][vc_empty_space height=\u201d7px\u201d][vc_column_text el_class=\u201doldfont\u201d]\u00bb ENVIADO DESDE EL BARCO DEL ARROZ<\/p>\n<p>\u00bb<\/p>\n<p>\u00bb 12\u00b0 01\u2019 54\u201d N, 39\u00b0 02\u2019 28\u201d E<\/p>\n<p>\u00bb<\/p>\n<p>\u00bb Las rocas milagrosas parec\u00edan intocables al amparo de la cruz.<\/p>\n<p>\u00bb<\/p>\n<p>\u00bb El rumor, tan tenue como persistente, ya llevaba tiempo acechando en lo profundo de la piedra.<\/p>\n<p>\u00bb<\/p>\n<p>\u00bb En el lugar menos pensado, la frontera entre cielo e infierno puede difuminarse en cuesti\u00f3n de horas.<\/p>\n<p>\u00bb<\/p>\n<p>\u00bb 7LB1-5Y43-D669<\/p>\n<p>\u00bb FIN DE LA TRANSMISI\u00d3N_[\/vc_column_text][vc_empty_space height=\u201d12px\u201d][\/vc_column_inner][vc_column_inner width=\u201d1\/6\u2033][\/vc_column_inner][\/vc_row_inner][vc_row_inner][vc_column_inner width=\u201d1\/6\u2033][\/vc_column_inner][vc_column_inner width=\u201d2\/3\u2033][vc_empty_space el_id=\u201dplayer\u201d][vc_column_text el_id=\u201drecomendado\u201d]<iframe loading=\"lazy\" src=\"https:\/\/widget.spreaker.com\/player?episode_id=59738502&amp;theme=dark&amp;color=59029c&amp;cover_image_url=https%3A%2F%2Fd3wo5wojvuv7l.cloudfront.net%2Fimages.spreaker.com%2Foriginal%2F7d43a8a1a15031394bc536f7469d69f7.jpg&amp;playlist=false&amp;playlist-continuous=false&amp;chapters-image=false&amp;episode_image_position=left&amp;hide-likes=true&amp;hide-comments=true&amp;hide-sharing=true&amp;hide-logo=true&amp;hide-download=true\" width=\"100%\" height=\"200px\" frameborder=\"0\"><\/iframe>[\/vc_column_text][vc_empty_space][\/vc_column_inner][vc_column_inner width=\u201d1\/6\u2033][\/vc_column_inner][\/vc_row_inner][vc_row_inner el_class=\u201dtext_white\u201d][vc_column_inner width=\u201d1\/6\u2033][\/vc_column_inner][vc_column_inner width=\u201d2\/3\u2033][vc_empty_space height=\u201d12px\u201d][vc_column_text]Por primera vez, en Plan H hemos doblado una historia enviada por El barco del arroz; esperamos que a la parte de nuestro p\u00fablico que no habla ahm\u00e1rico le haya parecido una buena idea (las locuciones en los tres idiomas son gentileza de Alfons Claver, gran amigo de la casa). De paso, aprovechamos para recomendarte que escuches estos sonidos con auriculares para no perderte nada.<\/p>\n<p>\u00a0<\/p>\n<p>Nuevamente, el aura de atemporalidad que envuelve a las trasmisiones del barco no nos lo pone f\u00e1cil para fechar el contenido. Pero s\u00ed creemos que estos retazos de relato personal vienen de muy poco antes del estallido del conflicto que, en sucesivas oleadas, lleva a\u00f1os masacrando a Etiop\u00eda sin que el ruido moleste demasiado al resto del mundo.<\/p>\n<p>\u00a0<\/p>\n<p>La voz comunica una sensaci\u00f3n de alivio y esperanza en tiempos de paz. Pero, escuchada hoy, esa pl\u00e1cida estampa suena inquietantemente ajena a una presencia subs\u00f3nica que ya en aquel momento amenazaba bajo tierra en forma de tensiones tanto geol\u00f3gicas como sociales. Y, a toro pasado, tampoco es dif\u00edcil relacionar esa premonitoria sombra sonora con las vibraciones de baja frecuencia que, literalmente, abrieron heridas en el coraz\u00f3n de Lalibela.<\/p>\n<p>\u00a0<\/p>\n<p>En noviembre del\u00a02023 y ante el estupor de los fieles, los truenos del armamento pesado sacudieron un lugar santo que se percib\u00eda como una burbuja espiritual pr\u00e1cticamente desvinculada del mundo f\u00edsico. En una nueva escena de la ubicua lucha entre un estado \u00abpacificador\u00bb y guerrillas locales apoyadas por buena parte de la poblaci\u00f3n de la zona, el ej\u00e9rcito nacional descarg\u00f3 su imponente peso al l\u00edmite de los templos de esta Nueva Jerusal\u00e9n excavada en la piedra (hay quien dice que por \u00e1ngeles) hace casi 1000 a\u00f1os. Los impactos propagaron ondas que resquebrajaron tanto el basalto rojo como la fe en la invulnerabilidad de lo sagrado.<\/p>\n<p>\u00a0<\/p>\n<p>Ahora, en Lalibela temen que esa brecha abierta por la violencia siga creciendo hasta el punto del desmoronamiento. No se lo esperaban; los que menos, los sacerdotes que cada d\u00eda recorren sus estrechos pasadizos envueltos en un manto protector de oraci\u00f3n y liturgia heredado de tiempos remotos. La contradicci\u00f3n resulta a\u00fan m\u00e1s desconcertante si tenemos en cuenta que el l\u00edder del pa\u00eds hab\u00eda sido ungido previamente con una distinci\u00f3n tan codiciada como el <a href=\"https:\/\/www.nobelprize.org\/prizes\/peace\/2019\/abiy\/facts\" target=\"_blank\" rel=\"noopener\">premio Nobel de la Paz<\/a>. Tal como concluye el mensaje de texto transmitido desde el barco, la l\u00ednea que separa la calma del desastre puede ser tan fina como una grieta en la roca.<\/p>\n<p>\u00a0<\/p>\n<p>\u00a0<\/p>\n<p>\u00a0<\/p>\n<p><strong>\u00bfTe has quedado con ganas de m\u00e1s?<\/strong><\/p>\n<p>\u00a0<\/p>\n<p>En <a href=\"https:\/\/www.patreon.com\/user?u=82490735\" target=\"_blank\" rel=\"noopener\">El\u00a0submarino del arroz<\/a> hemos publicado una serie de escenas que te transportar\u00e1n al ambiente herm\u00e9tico de las oscuras <a href=\"https:\/\/www.patreon.com\/collection\/626980\" target=\"_blank\" rel=\"noopener\">entra\u00f1as de Lalibela<\/a>. Escucha estas voces envueltas en misticismo mientras el fr\u00edo h\u00famedo y l\u00f3brego del interior de la roca te eriza la piel.[\/vc_column_text][vc_empty_space height=\u201d42px\u201d][\/vc_column_inner][vc_column_inner width=\u201d1\/6\u2033][\/vc_column_inner][\/vc_row_inner][vc_empty_space height=\u201d42px\u201d][vc_empty_space][vc_row_inner][vc_column_inner el_class=\u201dlang\u201d][vc_column_text text_color=\u201d#7901a5\u2033]<\/p>\n<p style=\"text-align: center;\"><a href=\"\/elbarcodelarroz\/shortwave-crack\">ENG<\/a> | ESP | <a href=\"\/ca\/elbarcodelarroz\/ona-curta-escletxa\">CAT<\/a><\/p>\n<p>[\/vc_column_text][vc_empty_space height=\u201d30px\u201d][\/vc_column_inner][\/vc_row_inner][\/vc_column][\/vc_row][vc_row overlay_background=\u201d#000000\u2033 el_class=\u201dblack_footer\u201d][vc_column width=\u201d1\/4\u2033 el_class=\u201dfoot\u201d][vc_empty_space height=\u201d24px\u201d el_class=\u201dtext_white\u201d][vc_row_inner el_class=\u201dtext_white\u201d][vc_column_inner width=\u201d1\/2\u2033][vc_column_text]<\/p>\n<p style=\"text-align: center;\">Producido por:<\/p>\n<p>[\/vc_column_text][\/vc_column_inner][vc_column_inner width=\u201d1\/2\u2033][vc_single_image image=\u201d3745\u2033 img_size=\u201d268\u00d768\u2033 alignment=\u201dcenter\u201d onclick=\u201dcustom_link\u201d link=\u201d\/es\u201d][\/vc_column_inner][\/vc_row_inner][vc_empty_space height=\u201d12px\u201d][\/vc_column][vc_column width=\u201d3\/4\u2033 el_class=\u201dtext_white\u201d][vc_empty_space height=\u201d24px\u201d][vc_row_inner][vc_column_inner el_class=\u201descuchalo\u201d width=\u201d1\/6\u2033][\/vc_column_inner][vc_column_inner el_class=\u201dfoot\u201d width=\u201d1\/6\u2033][vc_column_text]<\/p>\n<p style=\"text-align: center;\">Disponible en:<\/p>\n<p>[\/vc_column_text][\/vc_column_inner][vc_column_inner width=\u201d1\/6\u2033][vc_single_image image=\u201d4421\u2033 img_size=\u201d268\u00d768\u2033 alignment=\u201dcenter\u201d onclick=\u201dcustom_link\u201d img_link_target=\u201d_blank\u201d link=\u201dhttps:\/\/podcasts.apple.com\/us\/podcast\/el-barco-del-arroz\/id1650286435\u2033][vc_empty_space height=\u201d10px\u201d][\/vc_column_inner][vc_column_inner width=\u201d1\/6\u2033][vc_single_image image=\u201d4415\u2033 img_size=\u201d268\u00d768\u2033 alignment=\u201dcenter\u201d onclick=\u201dcustom_link\u201d img_link_target=\u201d_blank\u201d link=\u201dhttps:\/\/open.spotify.com\/show\/38orwDKCV717d9Wn1p0YQl\u201d][vc_empty_space height=\u201d10px\u201d][\/vc_column_inner][vc_column_inner width=\u201d1\/6\u2033][vc_single_image image=\u201d5510\u2033 img_size=\u201dmedium\u201d alignment=\u201dcenter\u201d onclick=\u201dcustom_link\u201d img_link_target=\u201d_blank\u201d link=\u201dhttps:\/\/www.spreaker.com\/podcast\/el-barco-del-arroz\u20135168574\u2033][vc_empty_space height=\u201d10px\u201d][\/vc_column_inner][vc_column_inner width=\u201d1\/6\u2033][vc_single_image image=\u201d3741\u2033 img_size=\u201dmedium\u201d alignment=\u201dcenter\u201d onclick=\u201dcustom_link\u201d img_link_target=\u201d_blank\u201d link=\u201dhttps:\/\/www.ivoox.com\/podcast-barco-del-arroz_sq_f11694607_1.html\u201d][vc_empty_space height=\u201d10px\u201d][\/vc_column_inner][\/vc_row_inner][vc_empty_space height=\u201d12px\u201d][\/vc_column][\/vc_row][vc_row el_id=\u201dhide_row\u201d][vc_column][vc_raw_html]JTNDc3R5bGUlM0UlMEElNDBpbXBvcnQlMjB1cmwlMjglMjdodHRwJTNBJTJGJTJGZm9udHMuY2RuZm9udHMuY29tJTJGY3NzJTJGdmVuZXRpYS1tb25pdG9yJTI3JTI5JTNCJTBBJTQwaW1wb3J0JTIwdXJsJTI4JTI3aHR0cCUzQSUyRiUyRmZvbnRzLmNkbmZvbnRzLmNvbSUyRmNzcyUyRmVsZW1lbnQlMjclMjklM0IlMEElM0MlMkZzdHlsZSUzRQ==[\/vc_raw_html][\/vc_column][\/vc_row]<\/p>\n<\/body><\/div>","protected":false},"excerpt":{"rendered":"<p>[vc_row overlay_background=\u201d#0a0a0a\u201d][vc_column][vc_empty_space height=\u201d12px\u201d][vc_row_inner][vc_column_inner el_class=\u201dbreadcrumb\u201d][vc_column_text] El barco del arroz &gt; [Onda corta] Grieta [\/vc_column_text][\/vc_column_inner][\/vc_row_inner][vc_empty_space height=\u201d12px\u201d][\/vc_column][\/vc_row][vc_row content_full_width=\u201d1\u2033 el_class=\u201dimage_row\u201d el_id=\u201dbackgr\u201d css=\u201d.vc_custom_1713217450636{background-image: url(https:\/\/www.planhmedia.org\/wp-content\/uploads\/2024\/04\/Lalibela_Banner_Fade.jpg?id=5357) !important;}\u201d][vc_column el_class=\u201dtext_white\u201d][vc_empty_space height=\u201d42px\u201d][vc_column_text] [ONDA CORTA] \u00a0 \u00a0 \u00a0 GRIETA [\/vc_column_text][vc_empty_space height=\u201d170px\u201d el_id=\u201dtitle_space\u201d][\/vc_column][\/vc_row][vc_row content_full_width=\u201d1\u2033 overlay_background=\u201d#000000\u2033][vc_column][vc_empty_space height=\u201d7px\u201d][vc_row_inner el_class=\u201dtext_white\u201d][vc_column_inner width=\u201d1\/6\u2033][\/vc_column_inner][vc_column_inner width=\u201d2\/3\u2033][vc_empty_space height=\u201d7px\u201d][vc_column_text el_class=\u201doldfont\u201d]\u00bb ENVIADO DESDE EL BARCO DEL ARROZ \u00bb \u00bb 12\u00b0 01\u2019 54\u201d N, 39\u00b0 02\u2019 28\u201d E [&hellip;]<\/p>\n","protected":false},"author":1,"featured_media":0,"parent":4305,"menu_order":1,"comment_status":"closed","ping_status":"closed","template":"","meta":{"om_disable_all_campaigns":false,"_monsterinsights_skip_tracking":false,"_monsterinsights_sitenote_active":false,"_monsterinsights_sitenote_note":"","_monsterinsights_sitenote_category":0,"footnotes":""},"class_list":["post-5196","page","type-page","status-publish","hentry"],"jetpack_sharing_enabled":true,"_links":{"self":[{"href":"https:\/\/www.planhmedia.org\/es\/wp-json\/wp\/v2\/pages\/5196","targetHints":{"allow":["GET"]}}],"collection":[{"href":"https:\/\/www.planhmedia.org\/es\/wp-json\/wp\/v2\/pages"}],"about":[{"href":"https:\/\/www.planhmedia.org\/es\/wp-json\/wp\/v2\/types\/page"}],"author":[{"embeddable":true,"href":"https:\/\/www.planhmedia.org\/es\/wp-json\/wp\/v2\/users\/1"}],"replies":[{"embeddable":true,"href":"https:\/\/www.planhmedia.org\/es\/wp-json\/wp\/v2\/comments?post=5196"}],"version-history":[{"count":5,"href":"https:\/\/www.planhmedia.org\/es\/wp-json\/wp\/v2\/pages\/5196\/revisions"}],"predecessor-version":[{"id":5551,"href":"https:\/\/www.planhmedia.org\/es\/wp-json\/wp\/v2\/pages\/5196\/revisions\/5551"}],"up":[{"embeddable":true,"href":"https:\/\/www.planhmedia.org\/es\/wp-json\/wp\/v2\/pages\/4305"}],"wp:attachment":[{"href":"https:\/\/www.planhmedia.org\/es\/wp-json\/wp\/v2\/media?parent=5196"}],"curies":[{"name":"wp","href":"https:\/\/api.w.org\/{rel}","templated":true}]}}