{"id":4917,"date":"2022-11-28T03:09:28","date_gmt":"2022-11-28T03:09:28","guid":{"rendered":"https:\/\/www.planhmedia.org\/?page_id=4917"},"modified":"2024-07-22T11:09:31","modified_gmt":"2024-07-22T11:09:31","slug":"radar-summit-fiction","status":"publish","type":"page","link":"https:\/\/www.planhmedia.org\/es\/elbarcodelarroz\/radar-summit-fiction\/","title":{"rendered":"[Radar] Cumbre-Ficci\u00f3n"},"content":{"rendered":"<div class=\"wpb-content-wrapper\"><body><p>[vc_row overlay_background=\u201d#0a0a0a\u201d][vc_column][vc_empty_space height=\u201d12px\u201d][vc_row_inner][vc_column_inner el_class=\u201dbreadcrumb\u201d][vc_column_text]<\/p>\n<p style=\"text-align: left;\"><a href=\"\/es\/elbarcodelarroz\/\">El barco del arroz \u203a<\/a> [Radar] Cumbre-Ficci\u00f3n<\/p>\n<p>[\/vc_column_text][\/vc_column_inner][\/vc_row_inner][vc_empty_space height=\u201d12px\u201d][\/vc_column][\/vc_row][vc_row content_full_width=\u201d1\u2033 css=\u201d.vc_custom_1669932960014{background-image: url(https:\/\/www.planhmedia.org\/wp-content\/uploads\/2022\/12\/Banner_Greta.jpg?id=4938) !important;}\u201d el_class=\u201dimage_row\u201d el_id=\u201dbackgr\u201d][vc_column el_class=\u201dtext_white\u201d][vc_empty_space height=\u201d42px\u201d][vc_column_text]<\/p>\n<h1><\/h1>\n<h1><\/h1>\n<h2 style=\"text-align: center;\">[RADAR]<\/h2>\n<p>\u00a0<\/p>\n<h1><\/h1>\n<h1 style=\"text-align: center;\">CUMBRE-FICCI\u00d3N<\/h1>\n<p>[\/vc_column_text][vc_empty_space height=\u201d130px\u201d el_id=\u201dtitle_space\u201d][\/vc_column][\/vc_row][vc_row content_full_width=\u201d1\u2033 overlay_background=\u201d#000000\u2033][vc_column][vc_empty_space height=\u201d22px\u201d][vc_row_inner el_class=\u201dtext_white\u201d][vc_column_inner width=\u201d1\/6\u2033][\/vc_column_inner][vc_column_inner width=\u201d2\/3\u2033][vc_empty_space height=\u201d12px\u201d][vc_column_text el_class=\u201doldfont\u201d]\u00bb ENVIADO DESDE EL BARCO DEL ARROZ<\/p>\n<p>\u00bb<\/p>\n<p>\u00bb 40\u00b0 42\u2019 14\u201d N, 74\u00b0 00\u2019 57\u201d O<\/p>\n<p>\u00bb<\/p>\n<p>\u00bb En qu\u00e9 mundo loco hace falta que una ni\u00f1a empiece a faltar al colegio para mirar al incendio a los ojos.<\/p>\n<p>\u00bb<\/p>\n<p>\u00bb Los gritos quieren agitar las cabezas que, sobre cuellos inmaculados y corbatas caras, giran para cualquier otro lado.<\/p>\n<p>\u00bb<\/p>\n<p>\u00bb Su pantomima podr\u00eda resultar hasta absurdamente hilarante si no fuera porque ha matado, mata y matar\u00e1.<\/p>\n<p>\u00bb<\/p>\n<p>\u00bb 8A5T-AR05-666<\/p>\n<p>\u00bb FIN DE LA TRANSMISI\u00d3N_[\/vc_column_text][vc_empty_space height=\u201d12px\u201d][\/vc_column_inner][vc_column_inner width=\u201d1\/6\u2033][\/vc_column_inner][\/vc_row_inner][vc_row_inner][vc_column_inner width=\u201d1\/6\u2033][\/vc_column_inner][vc_column_inner width=\u201d2\/3\u2033][vc_empty_space el_id=\u201dplayer\u201d][vc_column_text el_id=\u201drecomendado\u201d]<iframe loading=\"lazy\" src=\"https:\/\/widget.spreaker.com\/player?episode_id=52075827&amp;theme=dark&amp;color=e00000&amp;cover_image_url=https%3A%2F%2Fd3wo5wojvuv7l.cloudfront.net%2Fimages.spreaker.com%2Foriginal%2F7d43a8a1a15031394bc536f7469d69f7.jpg&amp;playlist=false&amp;playlist-continuous=false&amp;chapters-image=false&amp;episode_image_position=left&amp;hide-likes=true&amp;hide-comments=true&amp;hide-sharing=true&amp;hide-logo=true&amp;hide-download=true\" width=\"100%\" height=\"200px\" frameborder=\"0\"><\/iframe>[\/vc_column_text][vc_empty_space][\/vc_column_inner][vc_column_inner width=\u201d1\/6\u2033][\/vc_column_inner][\/vc_row_inner][vc_row_inner el_class=\u201dtext_white\u201d][vc_column_inner width=\u201d1\/6\u2033][\/vc_column_inner][vc_column_inner width=\u201d2\/3\u2033][vc_empty_space height=\u201d12px\u201d][vc_column_text]<em>Summit-Fiction<\/em>, \u00abCumbre-Ficci\u00f3n\u00bb. Esta vez, tanto el t\u00edtulo como las l\u00edneas de f\u00f3sforo verde enviadas desde el barco del arroz son muy poco neutrales. \u00a0Y, como queda claro en estos minutos de rabia sonora, no estamos hablando de las blancas nieves del Kilimanjaro, sino de los lodos de una par\u00e1lisis tan c\u00ednica como inaceptable y, en \u00faltimo t\u00e9rmino, destructora.<\/p>\n<p>\u00a0<\/p>\n<p>La voz principal de este coro indignado es inconfundible. Idolatrada por unos, odiada por otros, su mensaje y su puesta en escena calaron hasta el punto de movilizar seriamente a mucha m\u00e1s gente de la que nadie habr\u00eda esperado cuando empez\u00f3 a saltarse las clases de los viernes. La bola rodaba, se hac\u00eda cada vez m\u00e1s grande, los medios la amplificaban, decenas de miles de personas se montaban en ella; parec\u00eda imparable. Y, oh calamidad, de repente choc\u00f3 contra una pared v\u00edrica que lo trunc\u00f3 todo.<\/p>\n<p>\u00a0<\/p>\n<p>Estos sonidos vienen de poco antes del violento frenazo. Y, entre los v\u00edtores y el entusiasmo, el o\u00eddo fino quiz\u00e1 capte matices misteriosamente premonitorios. Ahora, esa bola parece que est\u00e1 volviendo a arrancar (algo trabajosamente) en respuesta a nuevas producciones del perverso g\u00e9nero de la cumbre-ficci\u00f3n. Los actores son los mismos; los guiones, como en una serie mala, no son m\u00e1s que un refrito de temporadas pasadas con algunos di\u00e1logos levemente maquillados. Y, para verg\u00fcenza planetaria, las mentiras contra las que se clamaba en esta protesta masiva siguen viajando con absoluto descaro tanto en el tiempo como en el espacio. La farsa contin\u00faa; veremos hasta cu\u00e1ndo.[\/vc_column_text][vc_empty_space height=\u201d42px\u201d][\/vc_column_inner][vc_column_inner width=\u201d1\/6\u2033][\/vc_column_inner][\/vc_row_inner][vc_empty_space height=\u201d42px\u201d][vc_empty_space][vc_row_inner][vc_column_inner el_class=\u201dlang\u201d][vc_column_text]<\/p>\n<p style=\"text-align: center;\"><a href=\"\/elbarcodelarroz\/radar-summit-fiction\">ENG<\/a> | ESP | <a href=\"\/ca\/elbarcodelarroz\/radar-summit-fiction\">CAT<\/a><\/p>\n<p>[\/vc_column_text][vc_empty_space height=\u201d30px\u201d][\/vc_column_inner][\/vc_row_inner][\/vc_column][\/vc_row][vc_row overlay_background=\u201d#000000\u2033 el_class=\u201dblack_footer\u201d][vc_column width=\u201d1\/4\u2033 el_class=\u201dfoot\u201d][vc_empty_space height=\u201d24px\u201d el_class=\u201dtext_white\u201d][vc_row_inner el_class=\u201dblack_footer\u201d][vc_column_inner el_class=\u201dtext_white\u201d width=\u201d1\/2\u2033][vc_column_text]<\/p>\n<p style=\"text-align: center;\">Producido por:<\/p>\n<p>[\/vc_column_text][\/vc_column_inner][vc_column_inner width=\u201d1\/2\u2033][vc_single_image image=\u201d3745\u2033 img_size=\u201d268\u00d768\u2033 alignment=\u201dcenter\u201d onclick=\u201dcustom_link\u201d link=\u201d\/es\u201d][\/vc_column_inner][\/vc_row_inner][vc_empty_space height=\u201d12px\u201d][\/vc_column][vc_column width=\u201d3\/4\u2033 el_class=\u201dtext_white\u201d][vc_empty_space height=\u201d24px\u201d][vc_row_inner][vc_column_inner el_class=\u201descuchalo\u201d width=\u201d1\/6\u2033][\/vc_column_inner][vc_column_inner el_class=\u201dfoot\u201d width=\u201d1\/6\u2033][vc_column_text]<\/p>\n<p style=\"text-align: center;\">Disponible en:<\/p>\n<p>[\/vc_column_text][\/vc_column_inner][vc_column_inner width=\u201d1\/6\u2033][vc_single_image image=\u201d4421\u2033 img_size=\u201d268\u00d768\u2033 alignment=\u201dcenter\u201d onclick=\u201dcustom_link\u201d img_link_target=\u201d_blank\u201d link=\u201dhttps:\/\/podcasts.apple.com\/us\/podcast\/el-barco-del-arroz\/id1650286435\u2033][vc_empty_space height=\u201d10px\u201d][\/vc_column_inner][vc_column_inner width=\u201d1\/6\u2033][vc_single_image image=\u201d4415\u2033 img_size=\u201d268\u00d768\u2033 alignment=\u201dcenter\u201d onclick=\u201dcustom_link\u201d img_link_target=\u201d_blank\u201d link=\u201dhttps:\/\/open.spotify.com\/show\/38orwDKCV717d9Wn1p0YQl\u201d][vc_empty_space height=\u201d10px\u201d][\/vc_column_inner][vc_column_inner width=\u201d1\/6\u2033][vc_single_image image=\u201d5510\u2033 img_size=\u201dmedium\u201d alignment=\u201dcenter\u201d onclick=\u201dcustom_link\u201d img_link_target=\u201d_blank\u201d link=\u201dhttps:\/\/www.spreaker.com\/podcast\/el-barco-del-arroz\u20135168574\u2033][vc_empty_space height=\u201d10px\u201d][\/vc_column_inner][vc_column_inner width=\u201d1\/6\u2033][vc_single_image image=\u201d3741\u2033 img_size=\u201dmedium\u201d alignment=\u201dcenter\u201d onclick=\u201dcustom_link\u201d img_link_target=\u201d_blank\u201d link=\u201dhttps:\/\/www.ivoox.com\/podcast-barco-del-arroz_sq_f11694607_1.html\u201d][vc_empty_space height=\u201d10px\u201d][\/vc_column_inner][\/vc_row_inner][vc_empty_space height=\u201d12px\u201d][\/vc_column][\/vc_row][vc_row el_id=\u201dhide_row\u201d][vc_column][vc_raw_html]JTNDc3R5bGUlM0UlMEElNDBpbXBvcnQlMjB1cmwlMjglMjdodHRwJTNBJTJGJTJGZm9udHMuY2RuZm9udHMuY29tJTJGY3NzJTJGdmVuZXRpYS1tb25pdG9yJTI3JTI5JTNCJTBBJTQwaW1wb3J0JTIwdXJsJTI4JTI3aHR0cCUzQSUyRiUyRmZvbnRzLmNkbmZvbnRzLmNvbSUyRmNzcyUyRmVsZW1lbnQlMjclMjklM0IlMEElM0MlMkZzdHlsZSUzRQ==[\/vc_raw_html][\/vc_column][\/vc_row]<\/p>\n<\/body><\/div>","protected":false},"excerpt":{"rendered":"<p>[vc_row overlay_background=\u201d#0a0a0a\u201d][vc_column][vc_empty_space height=\u201d12px\u201d][vc_row_inner][vc_column_inner el_class=\u201dbreadcrumb\u201d][vc_column_text] El barco del arroz \u203a [Radar] Cumbre-Ficci\u00f3n [\/vc_column_text][\/vc_column_inner][\/vc_row_inner][vc_empty_space height=\u201d12px\u201d][\/vc_column][\/vc_row][vc_row content_full_width=\u201d1\u2033 css=\u201d.vc_custom_1669932960014{background-image: url(https:\/\/www.planhmedia.org\/wp-content\/uploads\/2022\/12\/Banner_Greta.jpg?id=4938) !important;}\u201d el_class=\u201dimage_row\u201d el_id=\u201dbackgr\u201d][vc_column el_class=\u201dtext_white\u201d][vc_empty_space height=\u201d42px\u201d][vc_column_text] [RADAR] \u00a0 CUMBRE-FICCI\u00d3N [\/vc_column_text][vc_empty_space height=\u201d130px\u201d el_id=\u201dtitle_space\u201d][\/vc_column][\/vc_row][vc_row content_full_width=\u201d1\u2033 overlay_background=\u201d#000000\u2033][vc_column][vc_empty_space height=\u201d22px\u201d][vc_row_inner el_class=\u201dtext_white\u201d][vc_column_inner width=\u201d1\/6\u2033][\/vc_column_inner][vc_column_inner width=\u201d2\/3\u2033][vc_empty_space height=\u201d12px\u201d][vc_column_text el_class=\u201doldfont\u201d]\u00bb ENVIADO DESDE EL BARCO DEL ARROZ \u00bb \u00bb 40\u00b0 42\u2019 14\u201d N, 74\u00b0 00\u2019 57\u201d O \u00bb \u00bb En qu\u00e9 [&hellip;]<\/p>\n","protected":false},"author":1,"featured_media":0,"parent":4305,"menu_order":1,"comment_status":"closed","ping_status":"closed","template":"","meta":{"om_disable_all_campaigns":false,"_monsterinsights_skip_tracking":false,"_monsterinsights_sitenote_active":false,"_monsterinsights_sitenote_note":"","_monsterinsights_sitenote_category":0,"footnotes":""},"class_list":["post-4917","page","type-page","status-publish","hentry"],"jetpack_sharing_enabled":true,"_links":{"self":[{"href":"https:\/\/www.planhmedia.org\/es\/wp-json\/wp\/v2\/pages\/4917","targetHints":{"allow":["GET"]}}],"collection":[{"href":"https:\/\/www.planhmedia.org\/es\/wp-json\/wp\/v2\/pages"}],"about":[{"href":"https:\/\/www.planhmedia.org\/es\/wp-json\/wp\/v2\/types\/page"}],"author":[{"embeddable":true,"href":"https:\/\/www.planhmedia.org\/es\/wp-json\/wp\/v2\/users\/1"}],"replies":[{"embeddable":true,"href":"https:\/\/www.planhmedia.org\/es\/wp-json\/wp\/v2\/comments?post=4917"}],"version-history":[{"count":17,"href":"https:\/\/www.planhmedia.org\/es\/wp-json\/wp\/v2\/pages\/4917\/revisions"}],"predecessor-version":[{"id":5521,"href":"https:\/\/www.planhmedia.org\/es\/wp-json\/wp\/v2\/pages\/4917\/revisions\/5521"}],"up":[{"embeddable":true,"href":"https:\/\/www.planhmedia.org\/es\/wp-json\/wp\/v2\/pages\/4305"}],"wp:attachment":[{"href":"https:\/\/www.planhmedia.org\/es\/wp-json\/wp\/v2\/media?parent=4917"}],"curies":[{"name":"wp","href":"https:\/\/api.w.org\/{rel}","templated":true}]}}