{"id":4701,"date":"2022-07-27T15:16:53","date_gmt":"2022-07-27T15:16:53","guid":{"rendered":"https:\/\/www.planhmedia.org\/?page_id=4701"},"modified":"2024-08-17T20:59:44","modified_gmt":"2024-08-17T20:59:44","slug":"radar-tromba","status":"publish","type":"page","link":"https:\/\/www.planhmedia.org\/es\/elbarcodelarroz\/radar-tromba\/","title":{"rendered":"[Radar] Tromba"},"content":{"rendered":"<div class=\"wpb-content-wrapper\"><body><p>[vc_row overlay_background=\u201d#0a0a0a\u201d][vc_column][vc_empty_space height=\u201d12px\u201d][vc_row_inner][vc_column_inner el_class=\u201dbreadcrumb\u201d][vc_column_text]<\/p>\n<p style=\"text-align: left;\"><a href=\"\/es\/elbarcodelarroz\/\">El barco del arroz \u203a<\/a> [Radar] Tromba<\/p>\n<p>[\/vc_column_text][\/vc_column_inner][\/vc_row_inner][vc_empty_space height=\u201d12px\u201d][\/vc_column][\/vc_row][vc_row content_full_width=\u201d1\u2033 css=\u201d.vc_custom_1668437420051{background-image: url(https:\/\/www.planhmedia.org\/wp-content\/uploads\/2022\/11\/Banner_Tromba-2.jpg?id=4905) !important;}\u201d el_class=\u201dimage_row\u201d el_id=\u201dbackgr\u201d][vc_column el_class=\u201dtext_white\u201d][vc_empty_space height=\u201d42px\u201d][vc_column_text]<\/p>\n<h1><\/h1>\n<h1><\/h1>\n<h2 style=\"text-align: center;\">[RADAR]<\/h2>\n<p>\u00a0<\/p>\n<h1><\/h1>\n<h1 style=\"text-align: center;\">TROMBA<\/h1>\n<p>[\/vc_column_text][vc_empty_space height=\u201d130px\u201d el_id=\u201dtitle_space\u201d][\/vc_column][\/vc_row][vc_row content_full_width=\u201d1\u2033 overlay_background=\u201d#000000\u2033][vc_column][vc_empty_space height=\u201d22px\u201d][vc_row_inner el_class=\u201dtext_white\u201d][vc_column_inner width=\u201d1\/6\u2033][\/vc_column_inner][vc_column_inner width=\u201d2\/3\u2033][vc_empty_space height=\u201d12px\u201d][vc_column_text el_class=\u201doldfont\u201d]\u00bb ENVIADO DESDE EL BARCO DEL ARROZ<\/p>\n<p>\u00bb<\/p>\n<p>\u00bb 15\u00b0 42\u2019 11\u201d S, 46\u00b0 19\u2019 42\u201d E<\/p>\n<p>\u00bb<\/p>\n<p>\u00bb Es una peque\u00f1a construcci\u00f3n rectangular de ladrillo y ca\u00f1a repleta de gente sentada en el suelo.<\/p>\n<p>\u00bb<\/p>\n<p>\u00bb Gritos, sudor, palmas y una humedad sofocante acompa\u00f1an a la cantinela de un acorde\u00f3n ext\u00e1tico y el galope desenfrenado de los tambores.<\/p>\n<p>\u00bb<\/p>\n<p>\u00bb Guardianes con espadas cortas, ropas rojas y jirones de tinte blanco en la cara escoltan la bajada de los poseedores.<\/p>\n<p>\u00bb<\/p>\n<p>\u00bb La ceremonia durar\u00e1 lo que tenga que durar. Para los participantes, las decisiones no pertenecen a seres de este mundo.<\/p>\n<p>\u00bb<\/p>\n<p>\u00bb 8372-YB99-2637<\/p>\n<p>\u00bb FIN DE LA TRANSMISI\u00d3N_[\/vc_column_text][vc_empty_space height=\u201d12px\u201d][\/vc_column_inner][vc_column_inner width=\u201d1\/6\u2033][\/vc_column_inner][\/vc_row_inner][vc_row_inner][vc_column_inner width=\u201d1\/6\u2033][\/vc_column_inner][vc_column_inner width=\u201d2\/3\u2033][vc_empty_space el_id=\u201dplayer\u201d][vc_column_text el_id=\u201drecomendado\u201d]<iframe loading=\"lazy\" src=\"https:\/\/widget.spreaker.com\/player?episode_id=51552684&amp;theme=dark&amp;color=e00000&amp;cover_image_url=https%3A%2F%2Fd3wo5wojvuv7l.cloudfront.net%2Fimages.spreaker.com%2Foriginal%2F7d43a8a1a15031394bc536f7469d69f7.jpg&amp;playlist=false&amp;playlist-continuous=false&amp;chapters-image=false&amp;episode_image_position=left&amp;hide-likes=true&amp;hide-comments=true&amp;hide-sharing=true&amp;hide-logo=true&amp;hide-download=true\" width=\"100%\" height=\"200px\" frameborder=\"0\"><\/iframe>[\/vc_column_text][vc_empty_space][\/vc_column_inner][vc_column_inner width=\u201d1\/6\u2033][\/vc_column_inner][\/vc_row_inner][vc_row_inner el_class=\u201dtext_white\u201d][vc_column_inner width=\u201d1\/6\u2033][\/vc_column_inner][vc_column_inner width=\u201d2\/3\u2033][vc_empty_space height=\u201d12px\u201d][vc_column_text]Esta intensa escena es muy dif\u00edcil de situar en el tiempo: por el sonido, podr\u00eda haber sucedido la semana pasada o hace cien a\u00f1os. En cambio, las coordenadas indicadas desde el barco s\u00ed revelan el lugar. Estamos en las inmediaciones de la ciudad de Mahajanga, en el noroeste de Madagascar, y esa localizaci\u00f3n deja claro qu\u00e9 es lo que est\u00e1 pasando ah\u00ed.<\/p>\n<p>\u00a0<\/p>\n<p>Se trata de una ceremonia ligada al culto <em>tromba<\/em>.<\/p>\n<p>\u00a0<\/p>\n<p>La m\u00fasica que llena esta transmisi\u00f3n entra de cabeza en las tradiciones del acompa\u00f1amiento del trance. Las reacciones tambi\u00e9n corresponden al marco de los ritos de posesi\u00f3n, y no es dif\u00edcil imaginar que las escaladas de las palmas y el jaleo punt\u00faan los momentos en que los asistentes interpretan que una entidad espiritual se apodera temporalmente del cuerpo f\u00edsico de uno de ellos. En este escenario, los \u00abguardianes\u00bb (no <a href=\"https:\/\/www.planhmedia.org\/es\/guardianes-de-la-memoria\/\" target=\"_blank\" rel=\"noopener\">de la memoria<\/a> en este caso) velan por el buen funcionamiento de la ceremonia pertrechados con armas blancas y un atuendo simb\u00f3lico que les caracteriza como figuras de autoridad a medio camino entre las dos esferas, la mundana y la sobrenatural.<\/p>\n<p>\u00a0<\/p>\n<p>\u00a0<\/p>\n<p>\u00a0<\/p>\n<p><strong>\u00bfTe has quedado con ganas de m\u00e1s?<\/strong><\/p>\n<p>\u00a0<\/p>\n<p>En <a href=\"https:\/\/www.patreon.com\/user?u=82490735\" target=\"_blank\" rel=\"noopener\">El submarino del arroz<\/a> tienes m\u00e1s fiesta\u2026 porque esto, aparte de una sentida manifestaci\u00f3n espiritual, no deja de ser una celebraci\u00f3n jovial y rebosante de vitalidad. Entra <a href=\"https:\/\/www.patreon.com\/posts\/radar-tromba-107180331\" target=\"_blank\" rel=\"noopener\">aqu\u00ed<\/a> para participar de la algarab\u00eda.[\/vc_column_text][vc_empty_space height=\u201d42px\u201d][\/vc_column_inner][vc_column_inner width=\u201d1\/6\u2033][\/vc_column_inner][\/vc_row_inner][vc_empty_space height=\u201d42px\u201d][vc_empty_space][vc_row_inner][vc_column_inner el_class=\u201dlang\u201d][vc_column_text]<\/p>\n<p style=\"text-align: center;\"><a href=\"\/elbarcodelarroz\/radar-tromba\">ENG<\/a> | ESP | <a href=\"\/ca\/elbarcodelarroz\/radar-tromba\">CAT<\/a><\/p>\n<p>[\/vc_column_text][vc_empty_space height=\u201d30px\u201d][\/vc_column_inner][\/vc_row_inner][\/vc_column][\/vc_row][vc_row overlay_background=\u201d#000000\u2033 el_class=\u201dblack_footer\u201d][vc_column width=\u201d1\/4\u2033 el_class=\u201dfoot\u201d][vc_empty_space height=\u201d24px\u201d el_class=\u201dtext_white\u201d][vc_row_inner el_class=\u201dblack_footer\u201d][vc_column_inner el_class=\u201dtext_white\u201d width=\u201d1\/2\u2033][vc_column_text]<\/p>\n<p style=\"text-align: center;\">Producido por:<\/p>\n<p>[\/vc_column_text][\/vc_column_inner][vc_column_inner width=\u201d1\/2\u2033][vc_single_image image=\u201d3745\u2033 img_size=\u201d268\u00d768\u2033 alignment=\u201dcenter\u201d onclick=\u201dcustom_link\u201d link=\u201d\/es\u201d][\/vc_column_inner][\/vc_row_inner][vc_empty_space height=\u201d12px\u201d][\/vc_column][vc_column width=\u201d3\/4\u2033 el_class=\u201dtext_white\u201d][vc_empty_space height=\u201d24px\u201d][vc_row_inner][vc_column_inner el_class=\u201descuchalo\u201d width=\u201d1\/6\u2033][\/vc_column_inner][vc_column_inner el_class=\u201dfoot\u201d width=\u201d1\/6\u2033][vc_column_text]<\/p>\n<p style=\"text-align: center;\">Disponible en:<\/p>\n<p>[\/vc_column_text][\/vc_column_inner][vc_column_inner width=\u201d1\/6\u2033][vc_single_image image=\u201d4421\u2033 img_size=\u201d268\u00d768\u2033 alignment=\u201dcenter\u201d onclick=\u201dcustom_link\u201d img_link_target=\u201d_blank\u201d link=\u201dhttps:\/\/podcasts.apple.com\/us\/podcast\/el-barco-del-arroz\/id1650286435\u2033][vc_empty_space height=\u201d10px\u201d][\/vc_column_inner][vc_column_inner width=\u201d1\/6\u2033][vc_single_image image=\u201d4415\u2033 img_size=\u201d268\u00d768\u2033 alignment=\u201dcenter\u201d onclick=\u201dcustom_link\u201d img_link_target=\u201d_blank\u201d link=\u201dhttps:\/\/open.spotify.com\/show\/38orwDKCV717d9Wn1p0YQl\u201d][vc_empty_space height=\u201d10px\u201d][\/vc_column_inner][vc_column_inner width=\u201d1\/6\u2033][vc_single_image image=\u201d5510\u2033 img_size=\u201dmedium\u201d alignment=\u201dcenter\u201d onclick=\u201dcustom_link\u201d img_link_target=\u201d_blank\u201d link=\u201dhttps:\/\/www.spreaker.com\/podcast\/el-barco-del-arroz\u20135168574\u2033][vc_empty_space height=\u201d10px\u201d][\/vc_column_inner][vc_column_inner width=\u201d1\/6\u2033][vc_single_image image=\u201d3741\u2033 img_size=\u201dmedium\u201d alignment=\u201dcenter\u201d onclick=\u201dcustom_link\u201d img_link_target=\u201d_blank\u201d link=\u201dhttps:\/\/www.ivoox.com\/podcast-barco-del-arroz_sq_f11694607_1.html\u201d][vc_empty_space height=\u201d10px\u201d][\/vc_column_inner][\/vc_row_inner][vc_empty_space height=\u201d12px\u201d][\/vc_column][\/vc_row][vc_row el_id=\u201dhide_row\u201d][vc_column][vc_raw_html]JTNDc3R5bGUlM0UlMEElNDBpbXBvcnQlMjB1cmwlMjglMjdodHRwJTNBJTJGJTJGZm9udHMuY2RuZm9udHMuY29tJTJGY3NzJTJGdmVuZXRpYS1tb25pdG9yJTI3JTI5JTNCJTBBJTQwaW1wb3J0JTIwdXJsJTI4JTI3aHR0cCUzQSUyRiUyRmZvbnRzLmNkbmZvbnRzLmNvbSUyRmNzcyUyRmVsZW1lbnQlMjclMjklM0IlMEElM0MlMkZzdHlsZSUzRQ==[\/vc_raw_html][\/vc_column][\/vc_row]<\/p>\n<\/body><\/div>","protected":false},"excerpt":{"rendered":"<p>[vc_row overlay_background=\u201d#0a0a0a\u201d][vc_column][vc_empty_space height=\u201d12px\u201d][vc_row_inner][vc_column_inner el_class=\u201dbreadcrumb\u201d][vc_column_text] El barco del arroz \u203a [Radar] Tromba [\/vc_column_text][\/vc_column_inner][\/vc_row_inner][vc_empty_space height=\u201d12px\u201d][\/vc_column][\/vc_row][vc_row content_full_width=\u201d1\u2033 css=\u201d.vc_custom_1668437420051{background-image: url(https:\/\/www.planhmedia.org\/wp-content\/uploads\/2022\/11\/Banner_Tromba-2.jpg?id=4905) !important;}\u201d el_class=\u201dimage_row\u201d el_id=\u201dbackgr\u201d][vc_column el_class=\u201dtext_white\u201d][vc_empty_space height=\u201d42px\u201d][vc_column_text] [RADAR] \u00a0 TROMBA [\/vc_column_text][vc_empty_space height=\u201d130px\u201d el_id=\u201dtitle_space\u201d][\/vc_column][\/vc_row][vc_row content_full_width=\u201d1\u2033 overlay_background=\u201d#000000\u2033][vc_column][vc_empty_space height=\u201d22px\u201d][vc_row_inner el_class=\u201dtext_white\u201d][vc_column_inner width=\u201d1\/6\u2033][\/vc_column_inner][vc_column_inner width=\u201d2\/3\u2033][vc_empty_space height=\u201d12px\u201d][vc_column_text el_class=\u201doldfont\u201d]\u00bb ENVIADO DESDE EL BARCO DEL ARROZ \u00bb \u00bb 15\u00b0 42\u2019 11\u201d S, 46\u00b0 19\u2019 42\u201d E \u00bb \u00bb Es una [&hellip;]<\/p>\n","protected":false},"author":1,"featured_media":0,"parent":4305,"menu_order":1,"comment_status":"closed","ping_status":"closed","template":"","meta":{"om_disable_all_campaigns":false,"_monsterinsights_skip_tracking":false,"_monsterinsights_sitenote_active":false,"_monsterinsights_sitenote_note":"","_monsterinsights_sitenote_category":0,"footnotes":""},"class_list":["post-4701","page","type-page","status-publish","hentry"],"jetpack_sharing_enabled":true,"_links":{"self":[{"href":"https:\/\/www.planhmedia.org\/es\/wp-json\/wp\/v2\/pages\/4701","targetHints":{"allow":["GET"]}}],"collection":[{"href":"https:\/\/www.planhmedia.org\/es\/wp-json\/wp\/v2\/pages"}],"about":[{"href":"https:\/\/www.planhmedia.org\/es\/wp-json\/wp\/v2\/types\/page"}],"author":[{"embeddable":true,"href":"https:\/\/www.planhmedia.org\/es\/wp-json\/wp\/v2\/users\/1"}],"replies":[{"embeddable":true,"href":"https:\/\/www.planhmedia.org\/es\/wp-json\/wp\/v2\/comments?post=4701"}],"version-history":[{"count":6,"href":"https:\/\/www.planhmedia.org\/es\/wp-json\/wp\/v2\/pages\/4701\/revisions"}],"predecessor-version":[{"id":5546,"href":"https:\/\/www.planhmedia.org\/es\/wp-json\/wp\/v2\/pages\/4701\/revisions\/5546"}],"up":[{"embeddable":true,"href":"https:\/\/www.planhmedia.org\/es\/wp-json\/wp\/v2\/pages\/4305"}],"wp:attachment":[{"href":"https:\/\/www.planhmedia.org\/es\/wp-json\/wp\/v2\/media?parent=4701"}],"curies":[{"name":"wp","href":"https:\/\/api.w.org\/{rel}","templated":true}]}}