{"id":4371,"date":"2022-03-16T20:13:54","date_gmt":"2022-03-16T20:13:54","guid":{"rendered":"https:\/\/www.planhmedia.org\/?page_id=4371"},"modified":"2024-07-22T11:14:43","modified_gmt":"2024-07-22T11:14:43","slug":"mariposa-contra-el-viento","status":"publish","type":"page","link":"https:\/\/www.planhmedia.org\/es\/elbarcodelarroz\/mariposa-contra-el-viento\/","title":{"rendered":"Mariposa contra el viento"},"content":{"rendered":"<div class=\"wpb-content-wrapper\"><body><p>[vc_row overlay_background=\u201d#0a0a0a\u201d][vc_column][vc_empty_space height=\u201d12px\u201d][vc_row_inner][vc_column_inner el_class=\u201dbreadcrumb\u201d][vc_column_text]<\/p>\n<p style=\"text-align: left;\"><a href=\"\/es\/elbarcodelarroz\/\">El barco del arroz \u203a<\/a> Mariposa contra el viento<\/p>\n<p>[\/vc_column_text][\/vc_column_inner][\/vc_row_inner][vc_empty_space height=\u201d12px\u201d][\/vc_column][\/vc_row][vc_row content_full_width=\u201d1\u2033 css=\u201d.vc_custom_1658486662645{background-image: url(https:\/\/www.planhmedia.org\/wp-content\/uploads\/2022\/07\/mariposa_banner_fade.png?id=4692) !important;}\u201d el_class=\u201dimage_row\u201d el_id=\u201dbackgr\u201d][vc_column el_class=\u201dtext_white\u201d][vc_empty_space height=\u201d42px\u201d][vc_column_text]<\/p>\n<h1><\/h1>\n<h1><\/h1>\n<h1 style=\"text-align: center;\">MARIPOSA<br>\nCONTRA EL VIENTO<\/h1>\n<p>\u00a0<\/p>\n<h4 style=\"text-align: center;\"><\/h4>\n<p>[\/vc_column_text][vc_empty_space height=\u201d130px\u201d el_id=\u201dtitle_space\u201d][\/vc_column][\/vc_row][vc_row content_full_width=\u201d1\u2033 overlay_background=\u201d#000000\u2033][vc_column][vc_empty_space height=\u201d22px\u201d][vc_row_inner el_class=\u201dtext_white\u201d][vc_column_inner width=\u201d1\/6\u2033][\/vc_column_inner][vc_column_inner width=\u201d2\/3\u2033][vc_empty_space height=\u201d12px\u201d][vc_column_text el_class=\u201doldfont\u201d]\u00bb ENVIADO DESDE EL BARCO DEL ARROZ<\/p>\n<p>\u00bb<\/p>\n<p>\u00bb 19\u00b0 35\u2019 32\u201d N, 100\u00b0 15\u2019 49\u201d O<\/p>\n<p>\u00bb<\/p>\n<p>\u00bb A diferencia de otros casos en el mundo de la realeza, esta monarca honor\u00edfica es amada y respetada por todos.<\/p>\n<p>\u00bb<\/p>\n<p>\u00bb Su visita anual se hace esperar, puesto que implica un agotador viaje de tres meses desde su residencia de verano.<\/p>\n<p>\u00bb<\/p>\n<p>\u00bb Pero siempre, siempre llega puntual para coincidir con el mayor homenaje que se les rinde a los muertos.<\/p>\n<p>\u00bb<\/p>\n<p>\u00bb 7754-31XK-4737<\/p>\n<p>\u00bb FIN DE LA TRANSMISI\u00d3N_[\/vc_column_text][vc_empty_space height=\u201d12px\u201d][\/vc_column_inner][vc_column_inner width=\u201d1\/6\u2033][\/vc_column_inner][\/vc_row_inner][vc_row_inner][vc_column_inner width=\u201d1\/6\u2033][\/vc_column_inner][vc_column_inner width=\u201d2\/3\u2033][vc_empty_space el_id=\u201dplayer\u201d][vc_column_text el_id=\u201drecomendado\u201d]<iframe loading=\"lazy\" src=\"https:\/\/widget.spreaker.com\/player?episode_id=51552583&amp;theme=dark&amp;color=ff8c00&amp;cover_image_url=https%3A%2F%2Fd3wo5wojvuv7l.cloudfront.net%2Fimages.spreaker.com%2Foriginal%2F7d43a8a1a15031394bc536f7469d69f7.jpg&amp;playlist=false&amp;playlist-continuous=false&amp;chapters-image=false&amp;episode_image_position=left&amp;hide-likes=true&amp;hide-comments=true&amp;hide-sharing=true&amp;hide-logo=true&amp;hide-download=true\" width=\"100%\" height=\"200px\" frameborder=\"0\"><\/iframe>[\/vc_column_text][vc_empty_space][\/vc_column_inner][vc_column_inner width=\u201d1\/6\u2033][\/vc_column_inner][\/vc_row_inner][vc_row_inner el_class=\u201dtext_white\u201d][vc_column_inner width=\u201d1\/6\u2033][\/vc_column_inner][vc_column_inner width=\u201d2\/3\u2033][vc_empty_space height=\u201d12px\u201d][vc_column_text]Este fue el primer audio de larga duraci\u00f3n que nos lleg\u00f3 desde El barco del arroz tras las primeras se\u00f1ales recibidas por onda corta. Se trata de un documental sonoro (creemos que podemos llamarlo as\u00ed) que arranca con la incre\u00edble migraci\u00f3n c\u00edclica de la mariposa monarca, pero vuela bastante m\u00e1s all\u00e1. La cultura relacionada con el fen\u00f3meno natural, la precariedad de las comunidades que viven en la zona, la protecci\u00f3n de los bosques, la memoria de los ancestros, la tala clandestina, los problemas que rodean al activismo medioambiental en M\u00e9xico\u2026 Todo est\u00e1 ah\u00ed, gravitando en torno a la concentraci\u00f3n de enormes colonias de insectos que ti\u00f1en de naranja un territorio relativamente reducido tras recorrer gran parte de Norteam\u00e9rica. Y no eligen una fecha cualquiera, ya que llegan justo en un momento profundamente emotivo para todos los mexicanos.<\/p>\n<p>\u00a0<\/p>\n<p>Aunque seguimos en la inopia total sobre esta antena navegante (no queremos ni imaginarnos c\u00f3mo lleg\u00f3 a transmitir desde las monta\u00f1as de Michoac\u00e1n), con la historia de la mariposa y de la gente de <a href=\"https:\/\/es-es.facebook.com\/pages\/category\/Community\/Santuario-de-la-Mariposa-Monarca-el-Rosario-131202373600797\" target=\"_blank\" rel=\"noopener\">El\u00a0Rosario<\/a> ya empezamos a intuir m\u00e1s claramente qu\u00e9 tipo de mensajes podemos esperar de ella: el barco quiere que escuchemos voces y sonidos de nuestro mundo que nos lleven al descubrimiento y, con algo de suerte, a la reflexi\u00f3n.[\/vc_column_text][vc_empty_space height=\u201d42px\u201d][\/vc_column_inner][vc_column_inner width=\u201d1\/6\u2033][\/vc_column_inner][\/vc_row_inner][vc_empty_space height=\u201d42px\u201d][vc_empty_space][vc_row_inner][vc_column_inner el_class=\u201dlang\u201d][vc_column_text]<\/p>\n<p style=\"text-align: center;\"><a href=\"\/elbarcodelarroz\/butterfly-against-the-wind\">ENG<\/a> | ESP | <a href=\"\/ca\/elbarcodelarroz\/papallona-contra-el-vent\">CAT<\/a><\/p>\n<p>[\/vc_column_text][vc_empty_space height=\u201d30px\u201d][\/vc_column_inner][\/vc_row_inner][\/vc_column][\/vc_row][vc_row overlay_background=\u201d#000000\u2033 el_class=\u201dblack_footer\u201d][vc_column width=\u201d1\/4\u2033 el_class=\u201dfoot\u201d][vc_empty_space height=\u201d24px\u201d el_class=\u201dtext_white\u201d][vc_row_inner el_class=\u201dtext_white\u201d][vc_column_inner width=\u201d1\/2\u2033][vc_column_text]<\/p>\n<p style=\"text-align: center;\">Producido por:<\/p>\n<p>[\/vc_column_text][\/vc_column_inner][vc_column_inner width=\u201d1\/2\u2033][vc_single_image image=\u201d3745\u2033 img_size=\u201d268\u00d768\u2033 alignment=\u201dcenter\u201d onclick=\u201dcustom_link\u201d link=\u201d\/es\u201d][\/vc_column_inner][\/vc_row_inner][vc_empty_space height=\u201d12px\u201d][\/vc_column][vc_column width=\u201d3\/4\u2033 el_class=\u201dtext_white\u201d][vc_empty_space height=\u201d24px\u201d][vc_row_inner][vc_column_inner el_class=\u201descuchalo\u201d width=\u201d1\/6\u2033][\/vc_column_inner][vc_column_inner el_class=\u201dfoot\u201d width=\u201d1\/6\u2033][vc_column_text]<\/p>\n<p style=\"text-align: center;\">Disponible en:<\/p>\n<p>[\/vc_column_text][\/vc_column_inner][vc_column_inner width=\u201d1\/6\u2033][vc_single_image image=\u201d4421\u2033 img_size=\u201d268\u00d768\u2033 alignment=\u201dcenter\u201d onclick=\u201dcustom_link\u201d img_link_target=\u201d_blank\u201d link=\u201dhttps:\/\/podcasts.apple.com\/us\/podcast\/el-barco-del-arroz\/id1650286435\u2033][vc_empty_space height=\u201d10px\u201d][\/vc_column_inner][vc_column_inner width=\u201d1\/6\u2033][vc_single_image image=\u201d4415\u2033 img_size=\u201d268\u00d768\u2033 alignment=\u201dcenter\u201d onclick=\u201dcustom_link\u201d img_link_target=\u201d_blank\u201d link=\u201dhttps:\/\/open.spotify.com\/show\/38orwDKCV717d9Wn1p0YQl\u201d][vc_empty_space height=\u201d10px\u201d][\/vc_column_inner][vc_column_inner width=\u201d1\/6\u2033][vc_single_image image=\u201d5510\u2033 img_size=\u201dmedium\u201d alignment=\u201dcenter\u201d onclick=\u201dcustom_link\u201d img_link_target=\u201d_blank\u201d link=\u201dhttps:\/\/www.spreaker.com\/podcast\/el-barco-del-arroz\u20135168574\u2033][vc_empty_space height=\u201d10px\u201d][\/vc_column_inner][vc_column_inner width=\u201d1\/6\u2033][vc_single_image image=\u201d3741\u2033 img_size=\u201dmedium\u201d alignment=\u201dcenter\u201d onclick=\u201dcustom_link\u201d img_link_target=\u201d_blank\u201d link=\u201dhttps:\/\/www.ivoox.com\/podcast-barco-del-arroz_sq_f11694607_1.html\u201d][vc_empty_space height=\u201d10px\u201d][\/vc_column_inner][\/vc_row_inner][vc_empty_space height=\u201d12px\u201d][\/vc_column][\/vc_row][vc_row el_id=\u201dhide_row\u201d][vc_column][vc_raw_html]JTNDc3R5bGUlM0UlMEElNDBpbXBvcnQlMjB1cmwlMjglMjdodHRwJTNBJTJGJTJGZm9udHMuY2RuZm9udHMuY29tJTJGY3NzJTJGdmVuZXRpYS1tb25pdG9yJTI3JTI5JTNCJTBBJTQwaW1wb3J0JTIwdXJsJTI4JTI3aHR0cCUzQSUyRiUyRmZvbnRzLmNkbmZvbnRzLmNvbSUyRmNzcyUyRmVsZW1lbnQlMjclMjklM0IlMEElM0MlMkZzdHlsZSUzRQ==[\/vc_raw_html][\/vc_column][\/vc_row]<\/p>\n<\/body><\/div>","protected":false},"excerpt":{"rendered":"<p>[vc_row overlay_background=\u201d#0a0a0a\u201d][vc_column][vc_empty_space height=\u201d12px\u201d][vc_row_inner][vc_column_inner el_class=\u201dbreadcrumb\u201d][vc_column_text] El barco del arroz \u203a Mariposa contra el viento [\/vc_column_text][\/vc_column_inner][\/vc_row_inner][vc_empty_space height=\u201d12px\u201d][\/vc_column][\/vc_row][vc_row content_full_width=\u201d1\u2033 css=\u201d.vc_custom_1658486662645{background-image: url(https:\/\/www.planhmedia.org\/wp-content\/uploads\/2022\/07\/mariposa_banner_fade.png?id=4692) !important;}\u201d el_class=\u201dimage_row\u201d el_id=\u201dbackgr\u201d][vc_column el_class=\u201dtext_white\u201d][vc_empty_space height=\u201d42px\u201d][vc_column_text] MARIPOSA CONTRA EL VIENTO \u00a0 [\/vc_column_text][vc_empty_space height=\u201d130px\u201d el_id=\u201dtitle_space\u201d][\/vc_column][\/vc_row][vc_row content_full_width=\u201d1\u2033 overlay_background=\u201d#000000\u2033][vc_column][vc_empty_space height=\u201d22px\u201d][vc_row_inner el_class=\u201dtext_white\u201d][vc_column_inner width=\u201d1\/6\u2033][\/vc_column_inner][vc_column_inner width=\u201d2\/3\u2033][vc_empty_space height=\u201d12px\u201d][vc_column_text el_class=\u201doldfont\u201d]\u00bb ENVIADO DESDE EL BARCO DEL ARROZ \u00bb \u00bb 19\u00b0 35\u2019 32\u201d N, 100\u00b0 15\u2019 49\u201d O [&hellip;]<\/p>\n","protected":false},"author":1,"featured_media":0,"parent":4305,"menu_order":1,"comment_status":"closed","ping_status":"closed","template":"","meta":{"om_disable_all_campaigns":false,"_monsterinsights_skip_tracking":false,"_monsterinsights_sitenote_active":false,"_monsterinsights_sitenote_note":"","_monsterinsights_sitenote_category":0,"footnotes":""},"class_list":["post-4371","page","type-page","status-publish","hentry"],"jetpack_sharing_enabled":true,"_links":{"self":[{"href":"https:\/\/www.planhmedia.org\/es\/wp-json\/wp\/v2\/pages\/4371","targetHints":{"allow":["GET"]}}],"collection":[{"href":"https:\/\/www.planhmedia.org\/es\/wp-json\/wp\/v2\/pages"}],"about":[{"href":"https:\/\/www.planhmedia.org\/es\/wp-json\/wp\/v2\/types\/page"}],"author":[{"embeddable":true,"href":"https:\/\/www.planhmedia.org\/es\/wp-json\/wp\/v2\/users\/1"}],"replies":[{"embeddable":true,"href":"https:\/\/www.planhmedia.org\/es\/wp-json\/wp\/v2\/comments?post=4371"}],"version-history":[{"count":88,"href":"https:\/\/www.planhmedia.org\/es\/wp-json\/wp\/v2\/pages\/4371\/revisions"}],"predecessor-version":[{"id":5528,"href":"https:\/\/www.planhmedia.org\/es\/wp-json\/wp\/v2\/pages\/4371\/revisions\/5528"}],"up":[{"embeddable":true,"href":"https:\/\/www.planhmedia.org\/es\/wp-json\/wp\/v2\/pages\/4305"}],"wp:attachment":[{"href":"https:\/\/www.planhmedia.org\/es\/wp-json\/wp\/v2\/media?parent=4371"}],"curies":[{"name":"wp","href":"https:\/\/api.w.org\/{rel}","templated":true}]}}