{"id":4305,"date":"2021-12-03T15:25:13","date_gmt":"2021-12-03T15:25:13","guid":{"rendered":"https:\/\/www.planhmedia.org\/?page_id=4305"},"modified":"2024-09-08T12:30:19","modified_gmt":"2024-09-08T12:30:19","slug":"elbarcodelarroz","status":"publish","type":"page","link":"https:\/\/www.planhmedia.org\/es\/elbarcodelarroz\/","title":{"rendered":"El barco del arroz"},"content":{"rendered":"<div class=\"wpb-content-wrapper\"><body><p>[vc_row content_full_width=\u201d1\u2033 css=\u201d.vc_custom_1656535354786{background-image: url(https:\/\/www.planhmedia.org\/wp-content\/uploads\/2022\/06\/Barco4-scaled.jpg?id=4644) !important;}\u201d el_id=\u201dbackgr\u201d][vc_column el_class=\u201dtext_white\u201d][vc_empty_space height=\u201d40px\u201d][vc_column_text el_class=\u201dmain_title\u201d]<\/p>\n<h1 style=\"text-align: center;\">EL BARCO\u00a0DEL ARROZ<\/h1>\n<p>[\/vc_column_text][vc_empty_space height=\u201d220px\u201d el_id=\u201dsub_title_space\u201d][vc_column_text el_class=\u201dmain_title\u201d]<\/p>\n<h4 style=\"text-align: center;\">Se\u00f1ales desde una antena errante<\/h4>\n<p>[\/vc_column_text][vc_empty_space height=\u201d220px\u201d el_id=\u201dtitle_space\u201d][\/vc_column][\/vc_row][vc_row content_full_width=\u201d1\u2033 overlay_background=\u201d#000000\u2033][vc_column][vc_empty_space][vc_row_inner css=\u201d.vc_custom_1652892656737{margin-top: -184px !important;}\u201d][vc_column_inner width=\u201d1\/6\u2033][\/vc_column_inner][vc_column_inner el_class=\u201dtext_white\u201d width=\u201d2\/3\u2033][vc_column_text]<\/p>\n<p style=\"text-align: center;\">Desde hace un tiempo, estamos recibiendo transmisiones procedentes de algo que se hace llamar \u00abEl barco del arroz\u00bb. Son comunicaciones en forma de audio y textos cortos que nos llegan aparentemente de la nada y sin ning\u00fan aviso ni regularidad. No sabemos qui\u00e9n las env\u00eda; ni siquiera tenemos claro que haya una mano tangible detr\u00e1s de ellas. Sin embargo, hemos decidido publicar estas historias a medida que las vayamos captando. De alguna manera, sentimos que esa es la intenci\u00f3n desde el supuesto barco: que el mundo las conozca.<\/p>\n<p>\u00a0<\/p>\n<p>[\/vc_column_text][\/vc_column_inner][vc_column_inner width=\u201d1\/6\u2033][\/vc_column_inner][\/vc_row_inner][vc_empty_space height=\u201d42px\u201d][vc_row_inner][vc_column_inner width=\u201d1\/6\u2033][\/vc_column_inner][vc_column_inner width=\u201d2\/3\u2033][vc_empty_space el_id=\u201dplayer\u201d][vc_column_text el_id=\u201drecomendado\u201d]<iframe loading=\"lazy\" src=\"https:\/\/widget.spreaker.com\/player?episode_id=51319047&amp;theme=dark&amp;color=1dab02&amp;cover_image_url=https%3A%2F%2Fd3wo5wojvuv7l.cloudfront.net%2Fimages.spreaker.com%2Foriginal%2F7ce89145ce48070eb64b7c25011dcdec.jpg&amp;playlist=show&amp;playlist-continuous=false&amp;chapters-image=false&amp;episode_image_position=left&amp;hide-likes=true&amp;hide-comments=true&amp;hide-sharing=true&amp;hide-logo=true&amp;hide-download=true\" width=\"100%\" height=\"350px\" frameborder=\"0\"><\/iframe>[\/vc_column_text][\/vc_column_inner][vc_column_inner width=\u201d1\/6\u2033][\/vc_column_inner][\/vc_row_inner][vc_empty_space height=\u201d42px\u201d][vc_row_inner][vc_column_inner width=\u201d1\/6\u2033][\/vc_column_inner][vc_column_inner el_class=\u201dtext_white\u201d width=\u201d2\/3\u2033][vc_column_text]<\/p>\n<h3 style=\"text-align: center;\">Transmisiones recibidas<\/h3>\n<p>[\/vc_column_text][\/vc_column_inner][vc_column_inner width=\u201d1\/6\u2033][\/vc_column_inner][\/vc_row_inner][vc_empty_space height=\u201d40px\u201d][\/vc_column][\/vc_row][vc_row content_full_width=\u201d1\u2033 overlay_background=\u201d#000000\u2033 el_class=\u201dtext_white\u201d el_id=\u201depisodes\u201d][vc_column width=\u201d1\/6\u2033][\/vc_column][vc_column width=\u201d2\/3\u2033 center_content=\u201dtrue\u201d el_class=\u201depisodes\u201d][vc_row_inner equal_height=\u201dyes\u201d gap=\u201d10\u2033 el_class=\u201dtext_white\u201d][vc_column_inner width=\u201d1\/3\u2033][vc_single_image image=\u201d4696\u2033 img_size=\u201d800\u00d7800\u2033 add_caption=\u201dyes\u201d alignment=\u201dcenter\u201d onclick=\u201dcustom_link\u201d img_link_target=\u201d_blank\u201d link=\u201donda-corta-leon\u201d][vc_empty_space height=\u201d20px\u201d][vc_column_text el_class=\u201doldfont\u201d]<\/p>\n<p style=\"text-align: center;\"><a href=\"https:\/\/www.planhmedia.org\/es\/elbarcodelarroz\/onda-corta-leon\" target=\"_blank\" rel=\"noopener\">[ONDA CORTA]<\/a><\/p>\n<p style=\"text-align: center;\"><a href=\"https:\/\/www.planhmedia.org\/es\/elbarcodelarroz\/onda-corta-leon\" target=\"_blank\" rel=\"noopener\">LE\u00d3N<\/a><\/p>\n<p>[\/vc_column_text][vc_empty_space height=\u201d12px\u201d][vc_column_text]<\/p>\n<p style=\"text-align: center;\"><a href=\"\/es\/elbarcodelarroz\/onda-corta-leon\" target=\"_blank\" rel=\"noopener\">C\u00f3mo un salto al vac\u00edo instigado por un ni\u00f1o que no quiere morir puede trazar la l\u00ednea entre la condena y la salvaci\u00f3n.<\/a><\/p>\n<p>[\/vc_column_text][vc_empty_space height=\u201d60px\u201d][\/vc_column_inner][vc_column_inner width=\u201d1\/3\u2033][vc_single_image image=\u201d4901\u2033 img_size=\u201dfull\u201d alignment=\u201dcenter\u201d onclick=\u201dcustom_link\u201d img_link_target=\u201d_blank\u201d link=\u201d\/es\/elbarcodelarroz\/radar-tromba\u201d][vc_empty_space height=\u201d20px\u201d][vc_column_text el_class=\u201doldfont\u201d]<\/p>\n<p style=\"text-align: center;\"><a href=\"https:\/\/www.planhmedia.org\/es\/elbarcodelarroz\/radar-tromba\/\" target=\"_blank\" rel=\"noopener\">[RADAR]<br>\nTROMBA<\/a><\/p>\n<p>[\/vc_column_text][vc_empty_space height=\u201d12px\u201d][vc_column_text]<\/p>\n<p style=\"text-align: center;\"><a href=\"https:\/\/www.planhmedia.org\/es\/elbarcodelarroz\/radar-tromba\/\" target=\"_blank\" rel=\"noopener\">15\u00ba 42\u2019 11\u201d S<\/a><\/p>\n<p style=\"text-align: center;\"><a href=\"https:\/\/www.planhmedia.org\/es\/elbarcodelarroz\/radar-tromba\/\" target=\"_blank\" rel=\"noopener\">46\u00ba 19\u2019 42\u201d E<\/a><\/p>\n<p>[\/vc_column_text][vc_empty_space height=\u201d60px\u201d][\/vc_column_inner][vc_column_inner width=\u201d1\/3\u2033][vc_single_image image=\u201d4397\u2033 img_size=\u201d500\u00d7500\u2033 alignment=\u201dcenter\u201d onclick=\u201dcustom_link\u201d img_link_target=\u201d_blank\u201d link=\u201dhttps:\/\/www.planhmedia.org\/es\/elbarcodelarroz\/mariposa-contra-el-viento\u201d][vc_empty_space height=\u201d20px\u201d][vc_column_text el_class=\u201doldfont\u201d]<\/p>\n<p style=\"text-align: center;\"><a href=\"https:\/\/www.planhmedia.org\/es\/elbarcodelarroz\/mariposa-contra-el-viento\" target=\"_blank\" rel=\"noopener\">MARIPOSA<\/a><\/p>\n<p style=\"text-align: center;\"><a href=\"https:\/\/www.planhmedia.org\/es\/elbarcodelarroz\/mariposa-contra-el-viento\" target=\"_blank\" rel=\"noopener\">CONTRA EL VIENTO<\/a><\/p>\n<p>[\/vc_column_text][vc_empty_space height=\u201d12px\u201d][vc_column_text]<\/p>\n<p style=\"text-align: center;\"><a href=\"https:\/\/www.planhmedia.org\/es\/elbarcodelarroz\/mariposa-contra-el-viento\" target=\"_blank\" rel=\"noopener\">Un insecto de medio gramo vuela m\u00e1s de 4000 kil\u00f3metros para encontrarse con sus antepasados y revolver la vida de las comunidades de la regi\u00f3n.<\/a><\/p>\n<p>[\/vc_column_text][vc_empty_space height=\u201d60px\u201d][\/vc_column_inner][\/vc_row_inner][vc_row_inner equal_height=\u201dyes\u201d gap=\u201d10\u2033 el_class=\u201dtext_white\u201d][vc_column_inner width=\u201d1\/3\u2033][vc_single_image image=\u201d4954\u2033 img_size=\u201dfull\u201d alignment=\u201dcenter\u201d onclick=\u201dcustom_link\u201d img_link_target=\u201d_blank\u201d link=\u201d\/es\/elbarcodelarroz\/radar-summit-fiction\u201d][vc_empty_space height=\u201d20px\u201d][vc_column_text el_class=\u201doldfont\u201d]<\/p>\n<p style=\"text-align: center;\"><a href=\"https:\/\/www.planhmedia.org\/es\/elbarcodelarroz\/radar-summit-fiction\/\" target=\"_blank\" rel=\"noopener\">[RADAR]<br>\nCUMBRE-FICCI\u00d3N<\/a><\/p>\n<p>[\/vc_column_text][vc_empty_space height=\u201d12px\u201d][vc_column_text]<\/p>\n<p style=\"text-align: center;\"><a href=\"https:\/\/www.planhmedia.org\/es\/elbarcodelarroz\/radar-summit-fiction\/\" target=\"_blank\" rel=\"noopener\">40\u00b0 42\u2019 14\u201d N<\/a><\/p>\n<p style=\"text-align: center;\"><a href=\"https:\/\/www.planhmedia.org\/es\/elbarcodelarroz\/radar-summit-fiction\/\" target=\"_blank\" rel=\"noopener\">74\u00b0 00\u2019 57\u201d O<\/a><\/p>\n<p>\u00a0<\/p>\n<p style=\"text-align: center;\"><strong>Idioma<\/strong>: ingl\u00e9s.<\/p>\n<p>[\/vc_column_text][vc_empty_space height=\u201d60px\u201d][\/vc_column_inner][vc_column_inner width=\u201d1\/3\u2033][vc_single_image image=\u201d5435\u2033 img_size=\u201d800\u00d7800\u2033 add_caption=\u201dyes\u201d alignment=\u201dcenter\u201d onclick=\u201dcustom_link\u201d img_link_target=\u201d_blank\u201d link=\u201donda-corta-grieta\u201d][vc_empty_space height=\u201d20px\u201d][vc_column_text el_class=\u201doldfont\u201d]<\/p>\n<p style=\"text-align: center;\"><a href=\"https:\/\/www.planhmedia.org\/es\/elbarcodelarroz\/onda-corta-grieta\" target=\"_blank\" rel=\"noopener\">[ONDA CORTA]<\/a><\/p>\n<p style=\"text-align: center;\"><a href=\"https:\/\/www.planhmedia.org\/es\/elbarcodelarroz\/onda-corta-grieta\" target=\"_blank\" rel=\"noopener\">GRIETA<\/a><\/p>\n<p>[\/vc_column_text][vc_empty_space height=\u201d12px\u201d][vc_column_text]<\/p>\n<p style=\"text-align: center;\"><a href=\"\/es\/elbarcodelarroz\/onda-corta-grieta\" target=\"_blank\" rel=\"noopener\">\u00bfQui\u00e9n iba a pensar que una sombra invisible har\u00eda crujir las cruces de piedra con delicadeza sibilina?<\/a><\/p>\n<p>\u00a0<\/p>\n<p style=\"text-align: center;\"><strong>Idiomas<\/strong>: Ahm\u00e1rico doblado a <a style=\"color: #15f55f !important;\" href=\"\/es\/onda-corta-grieta\">castellano<\/a>, <a style=\"color: #15f55f !important;\" href=\"\/ca\/ona-curta-escletxa\">catal\u00e1n<\/a> e <a style=\"color: #15f55f !important;\" href=\"\/shortwave-crack\">ingl\u00e9s<\/a>.<\/p>\n<p>[\/vc_column_text][vc_empty_space height=\u201d60px\u201d][\/vc_column_inner][vc_column_inner width=\u201d1\/3\u2033][\/vc_column_inner][\/vc_row_inner][vc_row_inner][vc_column_inner][vc_empty_space][vc_column_text]<\/p>\n<h3 style=\"text-align: center;\">Las historias, a m\u00e1s profundidad<\/h3>\n<p>\u00a0<\/p>\n<p style=\"text-align: center;\">\u00a1Pero esto no acaba aqu\u00ed!<\/p>\n<p>\u00a0<\/p>\n<p style=\"text-align: center;\">El barco del arroz no solo est\u00e1 emitiendo cada vez m\u00e1s se\u00f1ales, sino que, en el momento menos pensado, env\u00eda transmisiones relacionadas con historias que ya hab\u00edamos recibido anteriormente. Esos audios fuera de campo pueden ser nuevas ramificaciones de los relatos, voces a\u00fan no escuchadas, testimonios m\u00e1s detallados, ambientes ac\u00fasticos m\u00e1s envolventes\u2026 Y, teniendo en cuenta que este material revela capas m\u00e1s profundas de los mundos sonoros que nos llegan desde el barco, hemos pensado que ser\u00eda buena idea recopilarlo en un canal paralelo que hemos abierto en Patreon y al que, en un rapto de inspiraci\u00f3n, se nos ha ocurrido llamar \u00ab<a href=\"https:\/\/www.patreon.com\/user?u=82490735\" target=\"_blank\" rel=\"noopener\"><span style=\"color: #00ff00;\">El\u00a0submarino del arroz<\/span><\/a>\u00bb.<\/p>\n<p>\u00a0<\/p>\n<p style=\"text-align: center;\">Si te pica la curiosidad, entra sin m\u00e1s a este sorprendente archivo sumergido. El acceso a todo el contenido es completamente libre y gratuito, pero, si te gusta lo que te ofrecemos, puedes suscribirte en Patreon para que toda esta historia no acabe en un nuevo naufragio de las buenas intenciones.<\/p>\n<p>[\/vc_column_text][vc_empty_space height=\u201d49px\u201d][vc_column_text]<\/p>\n<h3 style=\"text-align: center;\">Ay\u00fadanos a seguir<\/h3>\n<p>[\/vc_column_text][vc_empty_space][vc_column_text]Mantengamos esta antena a flote: \u00a1toda aportaci\u00f3n suma![\/vc_column_text][vc_empty_space height=\u201d38px\u201d][\/vc_column_inner][\/vc_row_inner][vc_row_inner][vc_column_inner width=\u201d1\/6\u2033][\/vc_column_inner][vc_column_inner width=\u201d1\/6\u2033][\/vc_column_inner][vc_column_inner width=\u201d1\/6\u2033][vc_single_image image=\u201d5594\u2033 img_size=\u201d49\u00d770\u2033 alignment=\u201dcenter\u201d onclick=\u201dcustom_link\u201d img_link_target=\u201d_blank\u201d link=\u201dhttps:\/\/www.patreon.com\/user?u=82490735\u2033][vc_empty_space height=\u201d20px\u201d][\/vc_column_inner][vc_column_inner width=\u201d1\/6\u2033][vc_raw_html css=\u201d.vc_custom_1725802025635{margin-top: 6px !important;margin-bottom: 6px !important;}\u201d]JTNDZGl2JTIwaWQlM0QlMjJkb25hdGUtYnV0dG9uLWNvbnRhaW5lciUyMiUzRSUwQSUzQ2RpdiUyMGlkJTNEJTIyZG9uYXRlLWJ1dHRvbiUyMiUzRSUzQyUyRmRpdiUzRSUwQSUzQ3NjcmlwdCUyMHNyYyUzRCUyMmh0dHBzJTNBJTJGJTJGd3d3LnBheXBhbG9iamVjdHMuY29tJTJGZG9uYXRlJTJGc2RrJTJGZG9uYXRlLXNkay5qcyUyMiUyMGNoYXJzZXQlM0QlMjJVVEYtOCUyMiUzRSUzQyUyRnNjcmlwdCUzRSUwQSUzQ3NjcmlwdCUzRSUwQVBheVBhbC5Eb25hdGlvbi5CdXR0b24lMjglN0IlMEFlbnYlM0ElMjdwcm9kdWN0aW9uJTI3JTJDJTBBaG9zdGVkX2J1dHRvbl9pZCUzQSUyNzlUNEZZSjlDVUVMODglMjclMkMlMEFpbWFnZSUzQSUyMCU3QiUwQXNyYyUzQSUyN2h0dHBzJTNBJTJGJTJGd3d3LnBsYW5obWVkaWEub3JnJTJGd3AtY29udGVudCUyRnVwbG9hZHMlMkYyMDI0JTJGMDklMkZQYXlwYWxfQmxhbmNvLnBuZyUyNyUyQyUwQWFsdCUzQSUyNyVDMiVBMUF5JUMzJUJBZGFub3MlMjBhJTIwc2VndWlyJTIxJTI3JTJDJTBBdGl0bGUlM0ElMjdQYXlQYWwlMjAtJTIwVGhlJTIwc2FmZXIlMkMlMjBlYXNpZXIlMjB3YXklMjB0byUyMHBheSUyMG9ubGluZSUyMSUyNyUyQyUwQSU3RCUwQSU3RCUyOS5yZW5kZXIlMjglMjclMjNkb25hdGUtYnV0dG9uJTI3JTI5JTNCJTBBJTNDJTJGc2NyaXB0JTNFJTBBJTNDJTJGZGl2JTNF[\/vc_raw_html][\/vc_column_inner][vc_column_inner width=\u201d1\/6\u2033][\/vc_column_inner][vc_column_inner width=\u201d1\/6\u2033][\/vc_column_inner][\/vc_row_inner][vc_empty_space height=\u201d40px\u201d][vc_row_inner][vc_column_inner el_class=\u201dlang\u201d][vc_column_text]<\/p>\n<p style=\"text-align: center;\"><a href=\"\/elbarcodelarroz\/\">ENG<\/a> | ESP | <a href=\"\/ca\/elbarcodelarroz\/\">CAT <\/a><\/p>\n<p>[\/vc_column_text][vc_empty_space height=\u201d30px\u201d][\/vc_column_inner][\/vc_row_inner][\/vc_column][vc_column width=\u201d1\/6\u2033][\/vc_column][\/vc_row][vc_row overlay_background=\u201d#000000\u2033 el_class=\u201dblack_footer\u201d][vc_column width=\u201d1\/4\u2033 el_class=\u201dfoot\u201d][vc_empty_space height=\u201d24px\u201d][vc_row_inner el_class=\u201dtext_white\u201d][vc_column_inner width=\u201d1\/2\u2033][vc_column_text]<\/p>\n<p style=\"text-align: center;\">Producido por:<\/p>\n<p>[\/vc_column_text][\/vc_column_inner][vc_column_inner width=\u201d1\/2\u2033][vc_single_image image=\u201d3745\u2033 img_size=\u201d268\u00d768\u2033 alignment=\u201dcenter\u201d onclick=\u201dcustom_link\u201d img_link_target=\u201d_blank\u201d link=\u201d\/es\u201d][\/vc_column_inner][\/vc_row_inner][vc_empty_space height=\u201d12px\u201d][\/vc_column][vc_column width=\u201d3\/4\u2033][vc_empty_space height=\u201d24px\u201d][vc_row_inner el_class=\u201dtext_white\u201d][vc_column_inner el_class=\u201descuchalo\u201d width=\u201d1\/6\u2033][\/vc_column_inner][vc_column_inner el_class=\u201dfoot\u201d width=\u201d1\/6\u2033][vc_column_text]<\/p>\n<p style=\"text-align: center;\">Disponible en:<\/p>\n<p>[\/vc_column_text][\/vc_column_inner][vc_column_inner width=\u201d1\/6\u2033][vc_single_image image=\u201d4421\u2033 img_size=\u201d268\u00d768\u2033 alignment=\u201dcenter\u201d onclick=\u201dcustom_link\u201d img_link_target=\u201d_blank\u201d link=\u201dhttps:\/\/podcasts.apple.com\/us\/podcast\/el-barco-del-arroz\/id1650286435\u2033][vc_empty_space height=\u201d10px\u201d][\/vc_column_inner][vc_column_inner width=\u201d1\/6\u2033][vc_single_image image=\u201d4415\u2033 img_size=\u201d268\u00d768\u2033 alignment=\u201dcenter\u201d onclick=\u201dcustom_link\u201d img_link_target=\u201d_blank\u201d link=\u201dhttps:\/\/open.spotify.com\/show\/38orwDKCV717d9Wn1p0YQl\u201d][vc_empty_space height=\u201d10px\u201d][\/vc_column_inner][vc_column_inner width=\u201d1\/6\u2033][vc_single_image image=\u201d5510\u2033 img_size=\u201dmedium\u201d alignment=\u201dcenter\u201d onclick=\u201dcustom_link\u201d img_link_target=\u201d_blank\u201d link=\u201dhttps:\/\/www.spreaker.com\/podcast\/el-barco-del-arroz\u20135168574\u2033][vc_empty_space height=\u201d10px\u201d][\/vc_column_inner][vc_column_inner width=\u201d1\/6\u2033][vc_single_image image=\u201d3741\u2033 img_size=\u201dmedium\u201d alignment=\u201dcenter\u201d onclick=\u201dcustom_link\u201d img_link_target=\u201d_blank\u201d link=\u201dhttps:\/\/www.ivoox.com\/podcast-barco-del-arroz_sq_f11694607_1.html\u201d][vc_empty_space height=\u201d10px\u201d][\/vc_column_inner][\/vc_row_inner][vc_empty_space height=\u201d12px\u201d][\/vc_column][\/vc_row][vc_row el_id=\u201dhide_row\u201d][vc_column][vc_raw_html]JTNDc3R5bGUlM0UlMEElNDBpbXBvcnQlMjB1cmwlMjglMjdodHRwJTNBJTJGJTJGZm9udHMuY2RuZm9udHMuY29tJTJGY3NzJTJGZWxlbWVudCUyNyUyOSUzQiUwQSU0MGltcG9ydCUyMHVybCUyOCUyN2h0dHAlM0ElMkYlMkZmb250cy5jZG5mb250cy5jb20lMkZjc3MlMkZjYXB0dXJlLWl0JTI3JTI5JTNCJTBBJTNDJTJGc3R5bGUlM0U=[\/vc_raw_html][\/vc_column][\/vc_row]<\/p>\n<\/body><\/div>","protected":false},"excerpt":{"rendered":"<p>[vc_row content_full_width=\u201d1\u2033 css=\u201d.vc_custom_1656535354786{background-image: url(https:\/\/www.planhmedia.org\/wp-content\/uploads\/2022\/06\/Barco4-scaled.jpg?id=4644) !important;}\u201d el_id=\u201dbackgr\u201d][vc_column el_class=\u201dtext_white\u201d][vc_empty_space height=\u201d40px\u201d][vc_column_text el_class=\u201dmain_title\u201d] EL BARCO\u00a0DEL ARROZ [\/vc_column_text][vc_empty_space height=\u201d220px\u201d el_id=\u201dsub_title_space\u201d][vc_column_text el_class=\u201dmain_title\u201d] Se\u00f1ales desde una antena errante [\/vc_column_text][vc_empty_space height=\u201d220px\u201d el_id=\u201dtitle_space\u201d][\/vc_column][\/vc_row][vc_row content_full_width=\u201d1\u2033 overlay_background=\u201d#000000\u2033][vc_column][vc_empty_space][vc_row_inner css=\u201d.vc_custom_1652892656737{margin-top: -184px !important;}\u201d][vc_column_inner width=\u201d1\/6\u2033][\/vc_column_inner][vc_column_inner el_class=\u201dtext_white\u201d width=\u201d2\/3\u2033][vc_column_text] Desde hace un tiempo, estamos recibiendo transmisiones procedentes de algo que se hace llamar \u00abEl barco del arroz\u00bb. Son comunicaciones en forma de [&hellip;]<\/p>\n","protected":false},"author":1,"featured_media":0,"parent":0,"menu_order":0,"comment_status":"closed","ping_status":"closed","template":"","meta":{"om_disable_all_campaigns":false,"_monsterinsights_skip_tracking":false,"_monsterinsights_sitenote_active":false,"_monsterinsights_sitenote_note":"","_monsterinsights_sitenote_category":0,"footnotes":""},"class_list":["post-4305","page","type-page","status-publish","hentry"],"jetpack_sharing_enabled":true,"_links":{"self":[{"href":"https:\/\/www.planhmedia.org\/es\/wp-json\/wp\/v2\/pages\/4305","targetHints":{"allow":["GET"]}}],"collection":[{"href":"https:\/\/www.planhmedia.org\/es\/wp-json\/wp\/v2\/pages"}],"about":[{"href":"https:\/\/www.planhmedia.org\/es\/wp-json\/wp\/v2\/types\/page"}],"author":[{"embeddable":true,"href":"https:\/\/www.planhmedia.org\/es\/wp-json\/wp\/v2\/users\/1"}],"replies":[{"embeddable":true,"href":"https:\/\/www.planhmedia.org\/es\/wp-json\/wp\/v2\/comments?post=4305"}],"version-history":[{"count":4,"href":"https:\/\/www.planhmedia.org\/es\/wp-json\/wp\/v2\/pages\/4305\/revisions"}],"predecessor-version":[{"id":5598,"href":"https:\/\/www.planhmedia.org\/es\/wp-json\/wp\/v2\/pages\/4305\/revisions\/5598"}],"wp:attachment":[{"href":"https:\/\/www.planhmedia.org\/es\/wp-json\/wp\/v2\/media?parent=4305"}],"curies":[{"name":"wp","href":"https:\/\/api.w.org\/{rel}","templated":true}]}}