{"id":4208,"date":"2021-08-08T20:35:09","date_gmt":"2021-08-08T20:35:09","guid":{"rendered":"https:\/\/www.planhmedia.com\/?page_id=4208"},"modified":"2024-07-22T11:17:23","modified_gmt":"2024-07-22T11:17:23","slug":"enclavedemujeres","status":"publish","type":"page","link":"https:\/\/www.planhmedia.org\/es\/enclavedemujeres\/","title":{"rendered":"En clave de mujeres"},"content":{"rendered":"<div class=\"wpb-content-wrapper\"><body><p>[vc_row][vc_column][vc_empty_space height=\u201d42px\u201d][\/vc_column][\/vc_row][vc_row][vc_column width=\u201d1\/3\u2033][vc_single_image image=\u201d4211\u2033 img_size=\u201dfull\u201d alignment=\u201dcenter\u201d][vc_empty_space][\/vc_column][vc_column width=\u201d2\/3\u2033][vc_column_text]<\/p>\n<h3>En clave de mujeres<\/h3>\n<h4><\/h4>\n<h4>Un concierto hecho podcast con historias para contar y cantar<\/h4>\n<p>\u00a0<\/p>\n<p>A trav\u00e9s de relatos y canciones, este podcast de 3 episodios ilumina el rol de las mujeres en la m\u00fasica popular latinoamericana como compositoras, int\u00e9rpretes, letristas, inspiradoras de historias y melod\u00edas; mujeres que usaron la m\u00fasica para reivindicar derechos.[\/vc_column_text][vc_empty_space][vc_empty_space][vc_column_text]Esc\u00fachanos en:[\/vc_column_text][vc_empty_space height=\u201d12px\u201d][vc_row_inner][vc_column_inner el_class=\u201descuchalo\u201d width=\u201d1\/4\u2033][vc_single_image image=\u201d3719\u2033 img_size=\u201dfull\u201d alignment=\u201dcenter\u201d onclick=\u201dcustom_link\u201d img_link_target=\u201d_blank\u201d link=\u201dhttps:\/\/podcasts.apple.com\/es\/podcast\/en-clave-de-mujeres\/id1613027499\u2033][vc_empty_space height=\u201d10px\u201d][\/vc_column_inner][vc_column_inner el_class=\u201descuchalo\u201d width=\u201d1\/4\u2033][vc_single_image image=\u201d3722\u2033 img_size=\u201dfull\u201d alignment=\u201dcenter\u201d onclick=\u201dcustom_link\u201d img_link_target=\u201d_blank\u201d link=\u201dhttps:\/\/open.spotify.com\/show\/6bYuDsUQOwlenSyh51ejd6\u2033][vc_empty_space height=\u201d10px\u201d][\/vc_column_inner][vc_column_inner width=\u201d1\/4\u2033 el_id=\u201descuchalo\u201d][vc_single_image image=\u201d5510\u2033 img_size=\u201dfull\u201d alignment=\u201dcenter\u201d onclick=\u201dcustom_link\u201d img_link_target=\u201d_blank\u201d link=\u201dhttps:\/\/www.spreaker.com\/podcast\/en-clave-de-mujeres\u20135038846\u2033][vc_empty_space height=\u201d10px\u201d][\/vc_column_inner][vc_column_inner width=\u201d1\/4\u2033 el_id=\u201descuchalo\u201d][vc_single_image image=\u201d3741\u2033 img_size=\u201dfull\u201d alignment=\u201dcenter\u201d onclick=\u201dcustom_link\u201d link=\u201dhttps:\/\/www.ivoox.com\/podcast-en-clave-mujeres_sq_f11482837_1.html\u201d][vc_empty_space height=\u201d10px\u201d][\/vc_column_inner][\/vc_row_inner][vc_column_text]Tus suscripciones, calificaciones y comentarios nos ayudan a seguir, \u00a1gracias![\/vc_column_text][\/vc_column][\/vc_row][vc_row][vc_column][vc_empty_space][vc_column_text]<\/p>\n<h3>Episodios<\/h3>\n<p>[\/vc_column_text][vc_separator color=\u201dcustom\u201d accent_color=\u201d#9900ef\u201d][vc_row_inner][vc_column_inner offset=\u201dvc_col-lg-offset-1\/5 vc_col-lg-3\/5 vc_col-md-offset-1\/5 vc_col-md-3\/5\u2033 el_id=\u201dplayer\u201d][vc_column_text]<iframe loading=\"lazy\" src=\"https:\/\/widget.spreaker.com\/player?episode_key=5SUNaPc9dBDa--45993235&amp;theme=light&amp;color=9900ef&amp;playlist=show&amp;playlist-continuous=true&amp;chapters-image=false&amp;episode_image_position=right&amp;hide-likes=false&amp;hide-comments=false&amp;hide-sharing=false&amp;hide-logo=true&amp;hide-download=true\" width=\"100%\" height=\"350px\" frameborder=\"0\"><\/iframe>[\/vc_column_text][vc_column_text]<div class=\"heateor_sss_sharing_container heateor_sss_horizontal_sharing\" data-heateor-ss-offset=\"0\" data-heateor-sss-href='https:\/\/www.enclavedemujeres.org'><div class=\"heateor_sss_sharing_title\" style=\"font-weight:bold\">Comp\u00e1rtelo en<\/div><div class=\"heateor_sss_sharing_ul\"><a aria-label=\"Facebook\" class=\"heateor_sss_facebook\" href=\"https:\/\/www.facebook.com\/sharer\/sharer.php?u=https%3A%2F%2Fwww.enclavedemujeres.org\" title=\"Facebook\" rel=\"nofollow noopener\" target=\"_blank\" style=\"font-size:32px!important;box-shadow:none;display:inline-block;vertical-align:middle\"><span class=\"heateor_sss_svg\" style=\"background-color:#0765FE;width:35px;height:35px;border-radius:999px;display:inline-block;opacity:1;float:left;font-size:32px;box-shadow:none;display:inline-block;font-size:16px;padding:0 4px;vertical-align:middle;background-repeat:repeat;overflow:hidden;padding:0;cursor:pointer;box-sizing:content-box\"><svg style=\"display:block;border-radius:999px;\" focusable=\"false\" aria-hidden=\"true\" xmlns=\"http:\/\/www.w3.org\/2000\/svg\" width=\"100%\" height=\"100%\" viewBox=\"0 0 32 32\"><path fill=\"#fff\" d=\"M28 16c0-6.627-5.373-12-12-12S4 9.373 4 16c0 5.628 3.875 10.35 9.101 11.647v-7.98h-2.474V16H13.1v-1.58c0-4.085 1.849-5.978 5.859-5.978.76 0 2.072.15 2.608.298v3.325c-.283-.03-.775-.045-1.386-.045-1.967 0-2.728.745-2.728 2.683V16h3.92l-.673 3.667h-3.247v8.245C23.395 27.195 28 22.135 28 16Z\"><\/path><\/svg><\/span><\/a><a aria-label=\"Twitter\" class=\"heateor_sss_button_twitter\" href=\"https:\/\/twitter.com\/intent\/tweet?text=En%20clave%20de%20mujeres&url=https%3A%2F%2Fwww.enclavedemujeres.org\" title=\"Twitter\" rel=\"nofollow noopener\" target=\"_blank\" style=\"font-size:32px!important;box-shadow:none;display:inline-block;vertical-align:middle\"><span class=\"heateor_sss_svg heateor_sss_s__default heateor_sss_s_twitter\" style=\"background-color:#55acee;width:35px;height:35px;border-radius:999px;display:inline-block;opacity:1;float:left;font-size:32px;box-shadow:none;display:inline-block;font-size:16px;padding:0 4px;vertical-align:middle;background-repeat:repeat;overflow:hidden;padding:0;cursor:pointer;box-sizing:content-box\"><svg style=\"display:block;border-radius:999px;\" focusable=\"false\" aria-hidden=\"true\" xmlns=\"http:\/\/www.w3.org\/2000\/svg\" width=\"100%\" height=\"100%\" viewBox=\"-4 -4 39 39\"><path d=\"M28 8.557a9.913 9.913 0 0 1-2.828.775 4.93 4.93 0 0 0 2.166-2.725 9.738 9.738 0 0 1-3.13 1.194 4.92 4.92 0 0 0-3.593-1.55 4.924 4.924 0 0 0-4.794 6.049c-4.09-.21-7.72-2.17-10.15-5.15a4.942 4.942 0 0 0-.665 2.477c0 1.71.87 3.214 2.19 4.1a4.968 4.968 0 0 1-2.23-.616v.06c0 2.39 1.7 4.38 3.952 4.83-.414.115-.85.174-1.297.174-.318 0-.626-.03-.928-.086a4.935 4.935 0 0 0 4.6 3.42 9.893 9.893 0 0 1-6.114 2.107c-.398 0-.79-.023-1.175-.068a13.953 13.953 0 0 0 7.55 2.213c9.056 0 14.01-7.507 14.01-14.013 0-.213-.005-.426-.015-.637.96-.695 1.795-1.56 2.455-2.55z\" fill=\"#fff\"><\/path><\/svg><\/span><\/a><a aria-label=\"Whatsapp\" class=\"heateor_sss_whatsapp\" href=\"https:\/\/api.whatsapp.com\/send?text=En%20clave%20de%20mujeres%20https%3A%2F%2Fwww.enclavedemujeres.org\" title=\"Whatsapp\" rel=\"nofollow noopener\" target=\"_blank\" style=\"font-size:32px!important;box-shadow:none;display:inline-block;vertical-align:middle\"><span class=\"heateor_sss_svg\" style=\"background-color:#55eb4c;width:35px;height:35px;border-radius:999px;display:inline-block;opacity:1;float:left;font-size:32px;box-shadow:none;display:inline-block;font-size:16px;padding:0 4px;vertical-align:middle;background-repeat:repeat;overflow:hidden;padding:0;cursor:pointer;box-sizing:content-box\"><svg style=\"display:block;border-radius:999px;\" focusable=\"false\" aria-hidden=\"true\" xmlns=\"http:\/\/www.w3.org\/2000\/svg\" width=\"100%\" height=\"100%\" viewBox=\"-6 -5 40 40\"><path class=\"heateor_sss_svg_stroke heateor_sss_no_fill\" stroke=\"#fff\" stroke-width=\"2\" fill=\"none\" d=\"M 11.579798566743314 24.396926207859085 A 10 10 0 1 0 6.808479557110079 20.73576436351046\"><\/path><path d=\"M 7 19 l -1 6 l 6 -1\" class=\"heateor_sss_no_fill heateor_sss_svg_stroke\" stroke=\"#fff\" stroke-width=\"2\" fill=\"none\"><\/path><path d=\"M 10 10 q -1 8 8 11 c 5 -1 0 -6 -1 -3 q -4 -3 -5 -5 c 4 -2 -1 -5 -1 -4\" fill=\"#fff\"><\/path><\/svg><\/span><\/a><\/div><div class=\"heateorSssClear\"><\/div><\/div>[\/vc_column_text][\/vc_column_inner][\/vc_row_inner][\/vc_column][\/vc_row][vc_row][vc_column][vc_empty_space][vc_column_text]<\/p>\n<h3>Algunos v\u00eddeos<\/h3>\n<p>[\/vc_column_text][vc_separator color=\u201dcustom\u201d accent_color=\u201d#9900ef\u201d][vc_row_inner][vc_column_inner width=\u201d1\/6\u2033][\/vc_column_inner][vc_column_inner width=\u201d2\/3\u2033][vc_video link=\u201dhttps:\/\/youtu.be\/PGi-Lc8MUQo\u201d][vc_empty_space height=\u201d20px\u201d][vc_video link=\u201dhttps:\/\/youtu.be\/Trmaq9hlI0w\u201d][vc_empty_space height=\u201d20px\u201d][vc_video link=\u201dhttps:\/\/youtu.be\/fov_NZKkpw0\u2033][vc_empty_space height=\u201d20px\u201d][vc_video link=\u201dhttps:\/\/www.youtube.com\/watch?v=3TWm6lFwGKg\u201d][\/vc_column_inner][vc_column_inner width=\u201d1\/6\u2033][\/vc_column_inner][\/vc_row_inner][vc_empty_space][vc_row_inner gap=\u201d20\u2033][vc_column_inner width=\u201d1\/2\u2033][vc_column_text]<strong>Cr\u00e9ditos del podcast<\/strong><\/p>\n<p>Narrado y guionado por Feli Rossi con edici\u00f3n de Sebasti\u00e1n Vigo.<\/p>\n<p>\u00a0<\/p>\n<p>Cantado por Feli Rossi, junto a Emilio Teubal en piano y arreglos, Sergio Rafael Reyes en viol\u00edn, Pablo Lanouguere en contrabajo, y Guillermo Vaisman en guitarra y acorde\u00f3n.<\/p>\n<p>\u00a0<\/p>\n<p>La edici\u00f3n del podcast estuvo a cargo de Plan H Media.[\/vc_column_text][\/vc_column_inner][vc_column_inner width=\u201d1\/2\u2033][vc_column_text]<strong>Cr\u00e9ditos del disco<\/strong><\/p>\n<p>Voz: Feli Rossi<br>\nPiano y arreglos: Emilio Teubal<br>\nViol\u00edn: Sergio Rafael Reyes<br>\nContrabajo: Pablo Lanouguere<br>\nGuitarra y acorde\u00f3n: Guillermo Vaisman<br>\nProducci\u00f3n general: Emilio Teubal y Feli Rossi<br>\nGrabado en Park West Studios, Brooklyn, Nueva York, en mayo de 2021.<br>\nDise\u00f1o de portada: Neta Zeta<br>\nV\u00eddeos: Pablo Lanouguere \u2013 PLB Audiovisual[\/vc_column_text][\/vc_column_inner][\/vc_row_inner][\/vc_column][\/vc_row][vc_row][vc_column][vc_empty_space][vc_column_text]<\/p>\n<h3>\u00bfQu\u00e9 te parece?<\/h3>\n<p>[\/vc_column_text][vc_separator color=\u201dcustom\u201d accent_color=\u201d#9900ef\u201d][vc_column_text]<div id='easy-voice-mail'><p>Si quieres dejarnos un mensaje de voz, solo tienes que hacer clic en el bot\u00f3n para comenzar la grabaci\u00f3n (no olvides dejar tu nombre y tus datos de contacto).<\/p><input id='easy_voice_mail_max_duration' type='hidden' value='120' \/><form id='easy-voice-mail-form' action='' method='post'><input type='hidden'  name='_wp_easy_voice_mail_nonce' value='3f1545178e'\/><input type='hidden' name='easy_voice_mail_message'\/><\/form><div class='easy-voice-mail-controls'><button id='easy_voice_mail_record' style='display: none;'>Record<\/button><button id='easy_voice_mail_stop' style='display: none;'>Stop<\/button><button id='easy_voice_mail_play' style='display: none;'>Play<\/button><button id='easy_voice_mail_pause' style='display: none;'>Pause<\/button><button id='easy_voice_mail_save' style='display: none;'>Save<\/button><button id='easy_voice_mail_cancel' style='display: none;'>Cancel<\/button><\/div><p id='easy_voice_mail_countdown'>0<p><\/div>[\/vc_column_text][\/vc_column][\/vc_row][vc_row][vc_column][vc_empty_space][vc_separator color=\u201dcustom\u201d accent_color=\u201d#9900ef\u201d][vc_row_inner equal_height=\u201dyes\u201d][vc_column_inner width=\u201d1\/3\u2033][vc_single_image image=\u201d4318\u2033 img_size=\u201dmedium\u201d alignment=\u201dcenter\u201d][vc_empty_space height=\u201d12px\u201d][\/vc_column_inner][vc_column_inner width=\u201d2\/3\u2033][vc_column_text]Feli Rossi es cantante, abogada y feminista, en orden indistinto. Naci\u00f3 en la ciudad de Buenos Aires y, desde hace 20 a\u00f1os, su vida se reparte apasionadamente entre el derecho y la m\u00fasica.<\/p>\n<p>\u00a0<\/p>\n<p>Arranc\u00f3 cantando tango y en los \u00faltimos a\u00f1os incorpor\u00f3 boleros y canciones folkl\u00f3ricas argentinas y latinoamericanas. Para unir sus dos mundos cre\u00f3 un repertorio musical dedicado a los derechos de las mujeres.<\/p>\n<p>\u00a0<\/p>\n<p>En 2018 se mud\u00f3 a la ciudad de Nueva York, donde grab\u00f3 su concierto \u201cEn clave de Mujeres\u201d que luego transform\u00f3 en podcast.[\/vc_column_text][\/vc_column_inner][\/vc_row_inner][\/vc_column][\/vc_row][vc_row][vc_column][vc_empty_space][vc_column_text]<\/p>\n<h3>C\u00f3mo escucharnos<\/h3>\n<p>[\/vc_column_text][vc_separator color=\u201dcustom\u201d accent_color=\u201d#9900ef\u201d][vc_column_text]<span lang=\"ES-TRAD\">Puedes hacerlo directamente en esta p\u00e1gina web (solo tienes que pulsar \u201cplay\u201d en el reproductor que est\u00e1 m\u00e1s arriba) o desde una <b>app <\/b>en tu tel\u00e9fono o tableta. <\/span><\/p>\n<p>[\/vc_column_text][vc_tta_accordion color=\u201dwhite\u201d c_position=\u201dright\u201d active_section=\u201d\u201d no_fill=\u201dtrue\u201d collapsible_all=\u201dtrue\u201d][vc_tta_section title=\u201dM\u00e1s sobre las apps\u201d tab_id=\u201d1636370210691-3069e97c-a61a\u201d][vc_column_text]\u00bfPor qu\u00e9 desde una app?<\/p>\n<p>\u00a0<\/p>\n<p>Si utilizas una app podr\u00e1s <strong>suscribirte de manera gratuita<\/strong> a nuestro podcast y recibir una notificaci\u00f3n cada vez que publiquemos un nuevo episodio. Adem\u00e1s, podr\u00e1s descargarte los episodios para escucharlos en otro momento, incluso sin conexi\u00f3n a Internet.<\/p>\n<p>\u00a0<\/p>\n<p>\u00bfQu\u00e9 app uso?<\/p>\n<p>\u00a0<\/p>\n<p>Si tienes un <strong>iPhone<\/strong> o un <strong>iPad<\/strong>: desde el dispositivo, <a href=\"https:\/\/podcasts.apple.com\/es\/podcast\/en-clave-de-mujeres\/id1613027499\" target=\"_blank\" rel=\"noopener noreferrer\"><strong>este enlace<\/strong> <\/a> te llevar\u00e1 a la app <strong>Apple Podcasts<\/strong>. Desde all\u00ed podr\u00e1s escucharnos y suscribirte a <em>Movidas varias<\/em>. Tambi\u00e9n podr\u00e1s buscar por nombre o por categor\u00eda otros podcasts que quieras o\u00edr o a los que te interese suscribirte.<\/p>\n<p>\u00a0<\/p>\n<p>Si tienes un dispositivo <strong>Android<\/strong> dir\u00edgete a Google Play y desc\u00e1rgate la aplicaci\u00f3n <a href=\"https:\/\/play.google.com\/store\/apps\/details?id=com.google.android.apps.podcasts&amp;hl=es\" target=\"_blank\" rel=\"noopener noreferrer\"><strong>Podcasts de Google<\/strong><\/a>. Si ya la tienes instalada, siguiendo <a href=\"https:\/\/podcasts.google.com\/feed\/aHR0cHM6Ly93d3cuc3ByZWFrZXIuY29tL3Nob3cvNTAzODg0Ni9lcGlzb2Rlcy9mZWVk\"><strong>este enlace<\/strong><\/a> podr\u00e1s escuchar nuestro podcast y suscribirte a \u00e9l. Desde la app tambi\u00e9n puedes buscar por otros podcasts que te interesen por nombre o por categor\u00eda.<\/p>\n<p>\u00a0<\/p>\n<p>Adem\u00e1s, puedes usar apps que funcionan en ambos sistemas, como <strong><a href=\"https:\/\/open.spotify.com\/show\/6bYuDsUQOwlenSyh51ejd6\" target=\"_blank\" rel=\"noopener noreferrer\">Spotify<\/a><\/strong>, <a href=\"https:\/\/www.spreaker.com\/show\/en-clave-de-mujeres\" target=\"_blank\" rel=\"noopener noreferrer\"><strong>Spreaker<\/strong><\/a> o <a href=\"https:\/\/www.ivoox.com\/podcast-en-clave-mujeres_sq_f11482837_1.html\" target=\"_blank\" rel=\"noopener noreferrer\"><strong>iVoox<\/strong><\/a>.[\/vc_column_text][\/vc_tta_section][\/vc_tta_accordion][\/vc_column][\/vc_row][vc_row][vc_column][vc_empty_space][vc_column_text]<\/p>\n<h3>Tambi\u00e9n te recomendamos<\/h3>\n<p>[\/vc_column_text][vc_separator color=\u201dcustom\u201d accent_color=\u201d#9900ef\u201d][\/vc_column][\/vc_row][vc_row][vc_column width=\u201d1\/4\u2033][vc_single_image image=\u201d3692\u2033 onclick=\u201dcustom_link\u201d link=\u201d\/es\/guardianes-de-la-memoria\/\u201d][\/vc_column][vc_column width=\u201d3\/4\u2033 el_class=\u201drecomendado\u201d][vc_column_text el_id=\u201drecomendado\u201d]<iframe loading=\"lazy\" src=\"https:\/\/widget.spreaker.com\/player?show_id=3447381&amp;theme=light&amp;playlist=false&amp;playlist-continuous=false&amp;chapters-image=false&amp;episode_image_position=right&amp;hide-likes=true&amp;hide-comments=true&amp;hide-sharing=false&amp;hide-logo=true&amp;hide-download=true\" width=\"100%\" height=\"200px\" frameborder=\"0\"><\/iframe>[\/vc_column_text][\/vc_column][\/vc_row][vc_row][vc_column][vc_empty_space][\/vc_column][\/vc_row]<\/p>\n<\/body><\/div>","protected":false},"excerpt":{"rendered":"<p>[vc_row][vc_column][vc_empty_space height=\u201d42px\u201d][\/vc_column][\/vc_row][vc_row][vc_column width=\u201d1\/3\u2033][vc_single_image image=\u201d4211\u2033 img_size=\u201dfull\u201d alignment=\u201dcenter\u201d][vc_empty_space][\/vc_column][vc_column width=\u201d2\/3\u2033][vc_column_text] En clave de mujeres Un concierto hecho podcast con historias para contar y cantar \u00a0 A trav\u00e9s de relatos y canciones, este podcast de 3 episodios ilumina el rol de las mujeres en la m\u00fasica popular latinoamericana como compositoras, int\u00e9rpretes, letristas, inspiradoras de historias y melod\u00edas; mujeres que [&hellip;]<\/p>\n","protected":false},"author":1,"featured_media":0,"parent":0,"menu_order":0,"comment_status":"closed","ping_status":"closed","template":"","meta":{"om_disable_all_campaigns":false,"_monsterinsights_skip_tracking":false,"_monsterinsights_sitenote_active":false,"_monsterinsights_sitenote_note":"","_monsterinsights_sitenote_category":0,"footnotes":""},"class_list":["post-4208","page","type-page","status-publish","hentry"],"jetpack_sharing_enabled":true,"_links":{"self":[{"href":"https:\/\/www.planhmedia.org\/es\/wp-json\/wp\/v2\/pages\/4208","targetHints":{"allow":["GET"]}}],"collection":[{"href":"https:\/\/www.planhmedia.org\/es\/wp-json\/wp\/v2\/pages"}],"about":[{"href":"https:\/\/www.planhmedia.org\/es\/wp-json\/wp\/v2\/types\/page"}],"author":[{"embeddable":true,"href":"https:\/\/www.planhmedia.org\/es\/wp-json\/wp\/v2\/users\/1"}],"replies":[{"embeddable":true,"href":"https:\/\/www.planhmedia.org\/es\/wp-json\/wp\/v2\/comments?post=4208"}],"version-history":[{"count":33,"href":"https:\/\/www.planhmedia.org\/es\/wp-json\/wp\/v2\/pages\/4208\/revisions"}],"predecessor-version":[{"id":4215,"href":"https:\/\/www.planhmedia.org\/es\/wp-json\/wp\/v2\/pages\/4208\/revisions\/4215"}],"wp:attachment":[{"href":"https:\/\/www.planhmedia.org\/es\/wp-json\/wp\/v2\/media?parent=4208"}],"curies":[{"name":"wp","href":"https:\/\/api.w.org\/{rel}","templated":true}]}}