{"id":4045,"date":"2020-10-19T15:24:37","date_gmt":"2020-10-19T15:24:37","guid":{"rendered":"https:\/\/www.planhmedia.com\/?page_id=4045"},"modified":"2021-04-04T13:19:55","modified_gmt":"2021-04-04T13:19:55","slug":"valores","status":"publish","type":"page","link":"https:\/\/www.planhmedia.org\/es\/nosotros\/valores\/","title":{"rendered":"Valores"},"content":{"rendered":"<div class=\"wpb-content-wrapper\"><body><p>[vc_row][vc_column][vc_row_inner][vc_column_inner][vc_empty_space height=\u201d100px\u201d][vc_custom_heading text=\u201dNUESTROS VALORES\u201d font_container=\u201dtag:h2|text_align:center|color:%23000000\u2033 google_fonts=\u201dfont_family:Lato%3A100%2C100italic%2C300%2C300italic%2Cregular%2Citalic%2C700%2C700italic%2C900%2C900italic|font_style:900%20bold%20regular%3A900%3Anormal\u201d letter_spacing=\u201d2pt\u201d line_bottom_width=\u201d150px\u201d line_bottom_height=\u201d3px\u201d line_bottom_margin=\u201d30px 0 0 0\u2033 line_bottom_color=\u201d#ffbf00\u2033 line_bottom_position=\u201dcenter\u201d][vc_empty_space height=\u201d42px\u201d][\/vc_column_inner][\/vc_row_inner][\/vc_column][vc_column][vc_row_inner equal_height=\u201dyes\u201d][vc_column_inner width=\u201d1\/6\u2033][vc_column_text css_animation=\u201dnone\u201d text_color=\u201d#ffbf00\u2033 el_class=\u201dnum_value\u201d]<\/p>\n<h3 style=\"text-align: right;\">1\/<\/h3>\n<p>[\/vc_column_text][\/vc_column_inner][vc_column_inner width=\u201d2\/3\u2033][vc_column_text]<\/p>\n<p style=\"text-align: center;\">Creemos que las buenas historias tienen el poder de cambiar el mundo y tenemos la convicci\u00f3n de que los podcasts son un medio ideal para inspirar al p\u00fablico a participar y posicionarse en los temas importantes de nuestro tiempo.<\/p>\n<p>[\/vc_column_text][vc_empty_space][\/vc_column_inner][vc_column_inner width=\u201d1\/6\u2033][\/vc_column_inner][\/vc_row_inner][vc_row_inner equal_height=\u201dyes\u201d][vc_column_inner width=\u201d1\/6\u2033][vc_column_text css_animation=\u201dnone\u201d text_color=\u201d#ffbf00\u2033 el_class=\u201dnum_value\u201d]<\/p>\n<h3 style=\"text-align: right;\">2\/<\/h3>\n<p>[\/vc_column_text][\/vc_column_inner][vc_column_inner width=\u201d2\/3\u2033][vc_column_text]<\/p>\n<p style=\"text-align: center;\">Trabajamos con entusiasmo, curiosidad y profesionalidad para ofrecer podcasts de alta calidad que \u00abmuevan\u00bb a sus oyentes.<\/p>\n<p>[\/vc_column_text][vc_empty_space][\/vc_column_inner][vc_column_inner width=\u201d1\/6\u2033][\/vc_column_inner][\/vc_row_inner][vc_row_inner equal_height=\u201dyes\u201d][vc_column_inner width=\u201d1\/6\u2033][vc_column_text css_animation=\u201dnone\u201d text_color=\u201d#ffbf00\u2033 el_class=\u201dnum_value\u201d]<\/p>\n<h3 style=\"text-align: right;\">3\/<\/h3>\n<p>[\/vc_column_text][\/vc_column_inner][vc_column_inner width=\u201d2\/3\u2033][vc_column_text]<\/p>\n<p style=\"text-align: center;\">Nos gusta la gente honesta. Honesta con su trabajo, honesta con clientes y proveedores, honesta con la empresa y, sobre todo, honesta en el deseo de traer al mundo las mejores historias de audio.<\/p>\n<p>[\/vc_column_text][vc_empty_space][\/vc_column_inner][vc_column_inner width=\u201d1\/6\u2033][\/vc_column_inner][\/vc_row_inner][vc_row_inner equal_height=\u201dyes\u201d][vc_column_inner width=\u201d1\/6\u2033][vc_column_text css_animation=\u201dnone\u201d text_color=\u201d#ffbf00\u2033 el_class=\u201dnum_value\u201d]<\/p>\n<h3 style=\"text-align: right;\">4\/<\/h3>\n<p>[\/vc_column_text][\/vc_column_inner][vc_column_inner width=\u201d2\/3\u2033][vc_column_text]<\/p>\n<p style=\"text-align: center;\">Buscamos trabajar con personas que no esperan \u00f3rdenes, hacen lo que prometen y act\u00faan con consideraci\u00f3n hacia los dem\u00e1s.<\/p>\n<p>[\/vc_column_text][vc_empty_space][\/vc_column_inner][vc_column_inner width=\u201d1\/6\u2033][\/vc_column_inner][\/vc_row_inner][vc_row_inner equal_height=\u201dyes\u201d][vc_column_inner width=\u201d1\/6\u2033][vc_column_text css_animation=\u201dnone\u201d text_color=\u201d#ffbf00\u2033 el_class=\u201dnum_value\u201d]<\/p>\n<h3 style=\"text-align: right;\">5\/<\/h3>\n<p>[\/vc_column_text][\/vc_column_inner][vc_column_inner width=\u201d2\/3\u2033][vc_column_text]<\/p>\n<p style=\"text-align: center;\">Perseguimos altos est\u00e1ndares profesionales, pero la amabilidad y la cercan\u00eda en nuestras interacciones son tambi\u00e9n fundamentales.<\/p>\n<p>[\/vc_column_text][vc_empty_space][\/vc_column_inner][vc_column_inner width=\u201d1\/6\u2033][\/vc_column_inner][\/vc_row_inner][vc_row_inner equal_height=\u201dyes\u201d][vc_column_inner width=\u201d1\/6\u2033][vc_column_text css_animation=\u201dnone\u201d text_color=\u201d#ffbf00\u2033 el_class=\u201dnum_value\u201d]<\/p>\n<h3 style=\"text-align: right;\">6\/<\/h3>\n<p>[\/vc_column_text][\/vc_column_inner][vc_column_inner width=\u201d2\/3\u2033][vc_column_text]<\/p>\n<p style=\"text-align: center;\">Queremos que los miembros de la empresa, as\u00ed como sus colaboradores y clientes, puedan ganarse dignamente la vida con su trabajo.<\/p>\n<p>[\/vc_column_text][vc_empty_space][\/vc_column_inner][vc_column_inner width=\u201d1\/6\u2033][\/vc_column_inner][\/vc_row_inner][vc_row_inner equal_height=\u201dyes\u201d][vc_column_inner width=\u201d1\/6\u2033][vc_column_text css_animation=\u201dnone\u201d text_color=\u201d#ffbf00\u2033 el_class=\u201dnum_value\u201d]<\/p>\n<h3 style=\"text-align: right;\">7\/<\/h3>\n<p>[\/vc_column_text][\/vc_column_inner][vc_column_inner width=\u201d2\/3\u2033][vc_column_text]<\/p>\n<p style=\"text-align: center;\">Tenemos un fuerte compromiso con la diversidad, la equidad, la inclusi\u00f3n y la sostenibilidad.<\/p>\n<p>[\/vc_column_text][vc_empty_space][\/vc_column_inner][vc_column_inner width=\u201d1\/6\u2033][\/vc_column_inner][\/vc_row_inner][vc_row_inner equal_height=\u201dyes\u201d][vc_column_inner width=\u201d1\/6\u2033][vc_column_text css_animation=\u201dnone\u201d text_color=\u201d#ffbf00\u2033 el_class=\u201dnum_value\u201d]<\/p>\n<h3 style=\"text-align: right;\">8\/<\/h3>\n<p>[\/vc_column_text][\/vc_column_inner][vc_column_inner width=\u201d2\/3\u2033][vc_column_text]<\/p>\n<p style=\"text-align: center;\">Nuestro objetivo es que la empresa sea rentable, pero no a cualquier precio. Entendemos que cada individuo depende de otros y, por lo tanto, somos responsables hacia los dem\u00e1s y las generaciones futuras.<\/p>\n<p>[\/vc_column_text][vc_empty_space][\/vc_column_inner][vc_column_inner width=\u201d1\/6\u2033][\/vc_column_inner][\/vc_row_inner][vc_row_inner equal_height=\u201dyes\u201d][vc_column_inner width=\u201d1\/6\u2033][vc_column_text css_animation=\u201dnone\u201d text_color=\u201d#ffbf00\u2033 el_class=\u201dnum_value\u201d]<\/p>\n<h3 style=\"text-align: right;\">9\/<\/h3>\n<p>[\/vc_column_text][\/vc_column_inner][vc_column_inner width=\u201d2\/3\u2033][vc_column_text]<\/p>\n<p style=\"text-align: center;\">Apoyamos plenamente los <a href=\"https:\/\/www.un.org\/sustainabledevelopment\/es\/\" target=\"_blank\" rel=\"noopener noreferrer\">Objetivos de Desarrollo Sostenible<\/a> de las Naciones Unidas.<\/p>\n<p>[\/vc_column_text][vc_empty_space][\/vc_column_inner][vc_column_inner width=\u201d1\/6\u2033][\/vc_column_inner][\/vc_row_inner][vc_row_inner equal_height=\u201dyes\u201d][vc_column_inner width=\u201d1\/6\u2033][vc_column_text css_animation=\u201dnone\u201d text_color=\u201d#ffbf00\u2033 el_class=\u201dnum_value\u201d]<\/p>\n<h3 style=\"text-align: right;\">10\/<\/h3>\n<p>[\/vc_column_text][\/vc_column_inner][vc_column_inner width=\u201d2\/3\u2033][vc_column_text]<\/p>\n<p style=\"text-align: center;\">Creemos firmemente que debemos ser el cambio que buscamos en el mundo. Es por eso que solo trabajamos en proyectos que resuenan con nuestro <a href=\"\/es\/nosotros#purpose\">prop\u00f3sito<\/a> y estimulan nuestra creatividad.<\/p>\n<p>[\/vc_column_text][vc_empty_space][\/vc_column_inner][vc_column_inner width=\u201d1\/6\u2033][\/vc_column_inner][\/vc_row_inner][\/vc_column][\/vc_row][vc_row][vc_column][vc_empty_space height=\u201d60px\u201d][\/vc_column][\/vc_row]<\/p>\n<\/body><\/div>","protected":false},"excerpt":{"rendered":"<p>[vc_row][vc_column][vc_row_inner][vc_column_inner][vc_empty_space height=\u201d100px\u201d][vc_custom_heading text=\u201dNUESTROS VALORES\u201d font_container=\u201dtag:h2|text_align:center|color:%23000000\u2033 google_fonts=\u201dfont_family:Lato%3A100%2C100italic%2C300%2C300italic%2Cregular%2Citalic%2C700%2C700italic%2C900%2C900italic|font_style:900%20bold%20regular%3A900%3Anormal\u201d letter_spacing=\u201d2pt\u201d line_bottom_width=\u201d150px\u201d line_bottom_height=\u201d3px\u201d line_bottom_margin=\u201d30px 0 0 0\u2033 line_bottom_color=\u201d#ffbf00\u2033 line_bottom_position=\u201dcenter\u201d][vc_empty_space height=\u201d42px\u201d][\/vc_column_inner][\/vc_row_inner][\/vc_column][vc_column][vc_row_inner equal_height=\u201dyes\u201d][vc_column_inner width=\u201d1\/6\u2033][vc_column_text css_animation=\u201dnone\u201d text_color=\u201d#ffbf00\u2033 el_class=\u201dnum_value\u201d] 1\/ [\/vc_column_text][\/vc_column_inner][vc_column_inner width=\u201d2\/3\u2033][vc_column_text] Creemos que las buenas historias tienen el poder de cambiar el mundo y tenemos la convicci\u00f3n de que los podcasts son un medio ideal para inspirar al p\u00fablico a participar y [&hellip;]<\/p>\n","protected":false},"author":1,"featured_media":0,"parent":3064,"menu_order":0,"comment_status":"closed","ping_status":"closed","template":"","meta":{"om_disable_all_campaigns":false,"_monsterinsights_skip_tracking":false,"_monsterinsights_sitenote_active":false,"_monsterinsights_sitenote_note":"","_monsterinsights_sitenote_category":0,"footnotes":""},"class_list":["post-4045","page","type-page","status-publish","hentry"],"jetpack_sharing_enabled":true,"_links":{"self":[{"href":"https:\/\/www.planhmedia.org\/es\/wp-json\/wp\/v2\/pages\/4045","targetHints":{"allow":["GET"]}}],"collection":[{"href":"https:\/\/www.planhmedia.org\/es\/wp-json\/wp\/v2\/pages"}],"about":[{"href":"https:\/\/www.planhmedia.org\/es\/wp-json\/wp\/v2\/types\/page"}],"author":[{"embeddable":true,"href":"https:\/\/www.planhmedia.org\/es\/wp-json\/wp\/v2\/users\/1"}],"replies":[{"embeddable":true,"href":"https:\/\/www.planhmedia.org\/es\/wp-json\/wp\/v2\/comments?post=4045"}],"version-history":[{"count":6,"href":"https:\/\/www.planhmedia.org\/es\/wp-json\/wp\/v2\/pages\/4045\/revisions"}],"predecessor-version":[{"id":4105,"href":"https:\/\/www.planhmedia.org\/es\/wp-json\/wp\/v2\/pages\/4045\/revisions\/4105"}],"up":[{"embeddable":true,"href":"https:\/\/www.planhmedia.org\/es\/wp-json\/wp\/v2\/pages\/3064"}],"wp:attachment":[{"href":"https:\/\/www.planhmedia.org\/es\/wp-json\/wp\/v2\/media?parent=4045"}],"curies":[{"name":"wp","href":"https:\/\/api.w.org\/{rel}","templated":true}]}}