{"id":3702,"date":"2019-03-28T20:11:13","date_gmt":"2019-03-28T20:11:13","guid":{"rendered":"https:\/\/www.planhmedia.com\/?page_id=3702"},"modified":"2024-07-22T11:19:06","modified_gmt":"2024-07-22T11:19:06","slug":"guardianes-de-la-memoria","status":"publish","type":"page","link":"https:\/\/www.planhmedia.org\/es\/guardianes-de-la-memoria\/","title":{"rendered":"Guardianes de la Memoria"},"content":{"rendered":"<div class=\"wpb-content-wrapper\"><body><p><\/p>\n<p>[vc_row][vc_column][vc_empty_space height=\u201d42px\u201d][\/vc_column][\/vc_row][vc_row][vc_column width=\u201d1\/3\u2033][vc_single_image image=\u201d3692\u2033 img_size=\u201dfull\u201d alignment=\u201dcenter\u201d][vc_empty_space][vc_column_text]<strong><img data-recalc-dims=\"1\" decoding=\"async\" class=\"alignleft wp-image-4974 size-thumbnail\" src=\"https:\/\/i0.wp.com\/www.planhmedia.org\/wp-content\/uploads\/2023\/02\/LPA.jpeg?resize=150%2C150&#038;ssl=1\" alt=\"\" width=\"150\" height=\"150\" loading=\"lazy\" srcset=\"https:\/\/i0.wp.com\/www.planhmedia.org\/wp-content\/uploads\/2023\/02\/LPA.jpeg?resize=150%2C150&amp;ssl=1 150w, https:\/\/i0.wp.com\/www.planhmedia.org\/wp-content\/uploads\/2023\/02\/LPA.jpeg?w=300&amp;ssl=1 300w, https:\/\/i0.wp.com\/www.planhmedia.org\/wp-content\/uploads\/2023\/02\/LPA.jpeg?resize=66%2C66&amp;ssl=1 66w, https:\/\/i0.wp.com\/www.planhmedia.org\/wp-content\/uploads\/2023\/02\/LPA.jpeg?resize=94%2C94&amp;ssl=1 94w\" sizes=\"auto, (max-width: 150px) 100vw, 150px\" \/><\/strong><\/p>\n<p>\u00a0<\/p>\n<p><strong>\u00a1Ganador <a href=\"https:\/\/latinpodcastawards.com\/\" target=\"_blank\" rel=\"noopener noreferrer\">Latin Podcast Awards 2019<\/a> en la categor\u00eda Historia! \u00a0<\/strong>[\/vc_column_text][vc_empty_space][\/vc_column][vc_column width=\u201d2\/3\u2033][vc_column_text]<\/p>\n<h3>Guardianes de la Memoria<\/h3>\n<h4><\/h4>\n<h4>El podcast que te cuenta las historias que viven en los objetos<\/h4>\n<p>\u00a0<\/p>\n<p>En cada episodio nos embarcamos en un viaje para descubrir las historias humanas que rodean a los objetos m\u00e1s variados. Da igual que pesen varias toneladas o que sean min\u00fasculos, que valgan much\u00edsimo dinero o que sean considerados basura. Hay objetos que en su interior guardan historias fascinantes y esto los convierte en verdaderos guardianes de la memoria.[\/vc_column_text][vc_empty_space][vc_column_text]Esc\u00fachanos en:[\/vc_column_text][vc_empty_space height=\u201d12px\u201d][vc_row_inner el_class=\u201dlogos_plat\u201d][vc_column_inner el_class=\u201descuchalo\u201d width=\u201d1\/4\u2033][vc_single_image image=\u201d3719\u2033 img_size=\u201dfull\u201d alignment=\u201dcenter\u201d onclick=\u201dcustom_link\u201d link=\u201dhttps:\/\/itunes.apple.com\/us\/podcast\/guardianes-de-la-memoria\/id1458159828\u2033][vc_empty_space height=\u201d10px\u201d][\/vc_column_inner][vc_column_inner el_class=\u201descuchalo\u201d width=\u201d1\/4\u2033][vc_single_image image=\u201d3722\u2033 img_size=\u201dfull\u201d alignment=\u201dcenter\u201d onclick=\u201dcustom_link\u201d link=\u201dhttps:\/\/open.spotify.com\/show\/6qkVtDxJkHUfhJjdUZ8ZNO\u201d][vc_empty_space height=\u201d10px\u201d][\/vc_column_inner][vc_column_inner el_class=\u201descuchalo\u201d width=\u201d1\/4\u2033][vc_single_image image=\u201d5510\u2033 img_size=\u201dfull\u201d alignment=\u201dcenter\u201d onclick=\u201dcustom_link\u201d link=\u201dhttps:\/\/www.spreaker.com\/podcast\/guardianes-de-la-memoria\u20133447381\u2033][vc_empty_space height=\u201d10px\u201d][\/vc_column_inner][vc_column_inner el_class=\u201descuchalo\u201d width=\u201d1\/4\u2033][vc_single_image image=\u201d3741\u2033 img_size=\u201dfull\u201d alignment=\u201dcenter\u201d onclick=\u201dcustom_link\u201d link=\u201dhttps:\/\/www.ivoox.com\/s_p2_683554_1.html\u201d][vc_empty_space height=\u201d10px\u201d][\/vc_column_inner][\/vc_row_inner][vc_row_inner el_class=\u201dlogo_yt\u201d][vc_column_inner el_class=\u201descuchalo\u201d width=\u201d1\/4\u2033 el_id=\u201descuchalo_yt\u201d][vc_single_image image=\u201d5053\u2033 img_size=\u201dfull\u201d alignment=\u201dcenter\u201d onclick=\u201dcustom_link\u201d link=\u201dhttps:\/\/www.youtube.com\/playlist?list=PLVinkCqcdpVBcBhDrZkzKsGkaLp3LPdxT\u201d][vc_empty_space height=\u201d10px\u201d][\/vc_column_inner][vc_column_inner width=\u201d1\/4\u2033][\/vc_column_inner][vc_column_inner width=\u201d1\/4\u2033][\/vc_column_inner][vc_column_inner width=\u201d1\/4\u2033][\/vc_column_inner][\/vc_row_inner][vc_empty_space height=\u201d12px\u201d][vc_column_text]Tus suscripciones, calificaciones, donaciones y comentarios nos ayudan a seguir contando historias, \u00a1gracias![\/vc_column_text][vc_empty_space][vc_row_inner equal_height=\u201dyes\u201d content_placement=\u201dtop\u201d][vc_column_inner width=\u201d1\/3\u2033][\/vc_column_inner][vc_column_inner width=\u201d1\/3\u2033][vc_raw_html]JTNDZGl2JTIwaWQlM0QlMjJkb25hdGUtYnV0dG9uLWNvbnRhaW5lciUyMiUzRSUwQSUzQ2RpdiUyMGlkJTNEJTIyZG9uYXRlLWJ1dHRvbiUyMiUzRSUzQyUyRmRpdiUzRSUwQSUzQ3NjcmlwdCUyMHNyYyUzRCUyMmh0dHBzJTNBJTJGJTJGd3d3LnBheXBhbG9iamVjdHMuY29tJTJGZG9uYXRlJTJGc2RrJTJGZG9uYXRlLXNkay5qcyUyMiUyMGNoYXJzZXQlM0QlMjJVVEYtOCUyMiUzRSUzQyUyRnNjcmlwdCUzRSUwQSUzQ3NjcmlwdCUzRSUwQVBheVBhbC5Eb25hdGlvbi5CdXR0b24lMjglN0IlMEFlbnYlM0ElMjdwcm9kdWN0aW9uJTI3JTJDJTBBaG9zdGVkX2J1dHRvbl9pZCUzQSUyNzlUNEZZSjlDVUVMODglMjclMkMlMEFpbWFnZSUzQSUyMCU3QiUwQXNyYyUzQSUyN2h0dHBzJTNBJTJGJTJGd3d3LnBheXBhbG9iamVjdHMuY29tJTJGZXNfRVMlMkZFUyUyRmklMkZidG4lMkZidG5fZG9uYXRlX0xHLmdpZiUyNyUyQyUwQWFsdCUzQSUyN0JvdCVDMyVCM24lQzIlQTBEb25hciUyMGNvbiUyMFBheVBhbCUyNyUyQyUwQXRpdGxlJTNBJTI3UGF5UGFsJTIwLSUyMFRoZSUyMHNhZmVyJTJDJTIwZWFzaWVyJTIwd2F5JTIwdG8lMjBwYXklMjBvbmxpbmUlMjElMjclMkMlMEElN0QlMEElN0QlMjkucmVuZGVyJTI4JTI3JTIzZG9uYXRlLWJ1dHRvbiUyNyUyOSUzQiUwQSUzQyUyRnNjcmlwdCUzRSUwQSUzQyUyRmRpdiUzRQ==[\/vc_raw_html][\/vc_column_inner][vc_column_inner width=\u201d1\/3\u2033][\/vc_column_inner][\/vc_row_inner][\/vc_column][\/vc_row][vc_row][vc_column][vc_empty_space][vc_column_text]<\/p>\n<h3>\u00daltimos episodios<\/h3>\n<p>[\/vc_column_text][vc_separator color=\u201dcustom\u201d accent_color=\u201d#ffb84d\u201d][vc_row_inner][vc_column_inner offset=\u201dvc_col-lg-offset-1\/5 vc_col-lg-3\/5 vc_col-md-offset-1\/5 vc_col-md-3\/5\u2033 el_id=\u201dplayer\u201d][vc_column_text el_id=\u201drecomendado\u201d]<iframe loading=\"lazy\" src=\"https:\/\/widget.spreaker.com\/player?show_id=3447381&amp;theme=light&amp;playlist=show&amp;playlist-continuous=false&amp;chapters-image=true&amp;episode_image_position=right&amp;hide-likes=false&amp;hide-comments=false&amp;hide-sharing=false&amp;hide-logo=false&amp;hide-download=true\" width=\"100%\" height=\"350px\" frameborder=\"0\"><\/iframe>[\/vc_column_text][vc_column_text]<div class=\"heateor_sss_sharing_container heateor_sss_horizontal_sharing\" data-heateor-ss-offset=\"0\" data-heateor-sss-href='https:\/\/www.guardianesdelamemoria.com'><div class=\"heateor_sss_sharing_title\" style=\"font-weight:bold\">Comp\u00e1rtelo en<\/div><div class=\"heateor_sss_sharing_ul\"><a aria-label=\"Facebook\" class=\"heateor_sss_facebook\" href=\"https:\/\/www.facebook.com\/sharer\/sharer.php?u=https%3A%2F%2Fwww.guardianesdelamemoria.com\" title=\"Facebook\" rel=\"nofollow noopener\" target=\"_blank\" style=\"font-size:32px!important;box-shadow:none;display:inline-block;vertical-align:middle\"><span class=\"heateor_sss_svg\" style=\"background-color:#0765FE;width:35px;height:35px;border-radius:999px;display:inline-block;opacity:1;float:left;font-size:32px;box-shadow:none;display:inline-block;font-size:16px;padding:0 4px;vertical-align:middle;background-repeat:repeat;overflow:hidden;padding:0;cursor:pointer;box-sizing:content-box\"><svg style=\"display:block;border-radius:999px;\" focusable=\"false\" aria-hidden=\"true\" xmlns=\"http:\/\/www.w3.org\/2000\/svg\" width=\"100%\" height=\"100%\" viewBox=\"0 0 32 32\"><path fill=\"#fff\" d=\"M28 16c0-6.627-5.373-12-12-12S4 9.373 4 16c0 5.628 3.875 10.35 9.101 11.647v-7.98h-2.474V16H13.1v-1.58c0-4.085 1.849-5.978 5.859-5.978.76 0 2.072.15 2.608.298v3.325c-.283-.03-.775-.045-1.386-.045-1.967 0-2.728.745-2.728 2.683V16h3.92l-.673 3.667h-3.247v8.245C23.395 27.195 28 22.135 28 16Z\"><\/path><\/svg><\/span><\/a><a aria-label=\"Twitter\" class=\"heateor_sss_button_twitter\" href=\"https:\/\/twitter.com\/intent\/tweet?text=Guardianes%20de%20la%20Memoria&url=https%3A%2F%2Fwww.guardianesdelamemoria.com\" title=\"Twitter\" rel=\"nofollow noopener\" target=\"_blank\" style=\"font-size:32px!important;box-shadow:none;display:inline-block;vertical-align:middle\"><span class=\"heateor_sss_svg heateor_sss_s__default heateor_sss_s_twitter\" style=\"background-color:#55acee;width:35px;height:35px;border-radius:999px;display:inline-block;opacity:1;float:left;font-size:32px;box-shadow:none;display:inline-block;font-size:16px;padding:0 4px;vertical-align:middle;background-repeat:repeat;overflow:hidden;padding:0;cursor:pointer;box-sizing:content-box\"><svg style=\"display:block;border-radius:999px;\" focusable=\"false\" aria-hidden=\"true\" xmlns=\"http:\/\/www.w3.org\/2000\/svg\" width=\"100%\" height=\"100%\" viewBox=\"-4 -4 39 39\"><path d=\"M28 8.557a9.913 9.913 0 0 1-2.828.775 4.93 4.93 0 0 0 2.166-2.725 9.738 9.738 0 0 1-3.13 1.194 4.92 4.92 0 0 0-3.593-1.55 4.924 4.924 0 0 0-4.794 6.049c-4.09-.21-7.72-2.17-10.15-5.15a4.942 4.942 0 0 0-.665 2.477c0 1.71.87 3.214 2.19 4.1a4.968 4.968 0 0 1-2.23-.616v.06c0 2.39 1.7 4.38 3.952 4.83-.414.115-.85.174-1.297.174-.318 0-.626-.03-.928-.086a4.935 4.935 0 0 0 4.6 3.42 9.893 9.893 0 0 1-6.114 2.107c-.398 0-.79-.023-1.175-.068a13.953 13.953 0 0 0 7.55 2.213c9.056 0 14.01-7.507 14.01-14.013 0-.213-.005-.426-.015-.637.96-.695 1.795-1.56 2.455-2.55z\" fill=\"#fff\"><\/path><\/svg><\/span><\/a><a aria-label=\"Whatsapp\" class=\"heateor_sss_whatsapp\" href=\"https:\/\/api.whatsapp.com\/send?text=Guardianes%20de%20la%20Memoria%20https%3A%2F%2Fwww.guardianesdelamemoria.com\" title=\"Whatsapp\" rel=\"nofollow noopener\" target=\"_blank\" style=\"font-size:32px!important;box-shadow:none;display:inline-block;vertical-align:middle\"><span class=\"heateor_sss_svg\" style=\"background-color:#55eb4c;width:35px;height:35px;border-radius:999px;display:inline-block;opacity:1;float:left;font-size:32px;box-shadow:none;display:inline-block;font-size:16px;padding:0 4px;vertical-align:middle;background-repeat:repeat;overflow:hidden;padding:0;cursor:pointer;box-sizing:content-box\"><svg style=\"display:block;border-radius:999px;\" focusable=\"false\" aria-hidden=\"true\" xmlns=\"http:\/\/www.w3.org\/2000\/svg\" width=\"100%\" height=\"100%\" viewBox=\"-6 -5 40 40\"><path class=\"heateor_sss_svg_stroke heateor_sss_no_fill\" stroke=\"#fff\" stroke-width=\"2\" fill=\"none\" d=\"M 11.579798566743314 24.396926207859085 A 10 10 0 1 0 6.808479557110079 20.73576436351046\"><\/path><path d=\"M 7 19 l -1 6 l 6 -1\" class=\"heateor_sss_no_fill heateor_sss_svg_stroke\" stroke=\"#fff\" stroke-width=\"2\" fill=\"none\"><\/path><path d=\"M 10 10 q -1 8 8 11 c 5 -1 0 -6 -1 -3 q -4 -3 -5 -5 c 4 -2 -1 -5 -1 -4\" fill=\"#fff\"><\/path><\/svg><\/span><\/a><\/div><div class=\"heateorSssClear\"><\/div><\/div>[\/vc_column_text][\/vc_column_inner][\/vc_row_inner][\/vc_column][\/vc_row][vc_row][vc_column][vc_empty_space][vc_column_text]<\/p>\n<h3>Env\u00edanos tu\u00a0historia<\/h3>\n<p>[\/vc_column_text][vc_separator color=\u201dcustom\u201d accent_color=\u201d#ffb84d\u201d][vc_column_text]\u00bfSabes de alg\u00fan objeto con una historia fuera de lo com\u00fan? \u00bfHay algo en tu familia que ha pasado de generaci\u00f3n en generaci\u00f3n y cuyo relato va m\u00e1s all\u00e1 de tu propio c\u00edrculo familiar?<\/p>\n<p>\u00a0<\/p>\n<p>Escr\u00edbenos a: &#103;&#x75;&#x61;r&#100;&#x69;a&#110;&#x65;s&#64;&#x70;l&#97;&#x6e;&#x68;&#109;&#x65;&#x64;i&#97;&#x2e;o&#114;&#x67;. \u00a1Estaremos encantados de o\u00edrte![\/vc_column_text][vc_empty_space height=\u201d22px\u201d][vc_column_text]<div id='easy-voice-mail'><p>Si quieres dejarnos un mensaje de voz, solo tienes que hacer clic en el bot\u00f3n para comenzar la grabaci\u00f3n (no olvides dejar tu nombre y tus datos de contacto).<\/p><input id='easy_voice_mail_max_duration' type='hidden' value='120' \/><form id='easy-voice-mail-form' action='' method='post'><input type='hidden'  name='_wp_easy_voice_mail_nonce' value='3f1545178e'\/><input type='hidden' name='easy_voice_mail_message'\/><\/form><div class='easy-voice-mail-controls'><button id='easy_voice_mail_record' style='display: none;'>Record<\/button><button id='easy_voice_mail_stop' style='display: none;'>Stop<\/button><button id='easy_voice_mail_play' style='display: none;'>Play<\/button><button id='easy_voice_mail_pause' style='display: none;'>Pause<\/button><button id='easy_voice_mail_save' style='display: none;'>Save<\/button><button id='easy_voice_mail_cancel' style='display: none;'>Cancel<\/button><\/div><p id='easy_voice_mail_countdown'>0<p><\/div>[\/vc_column_text][\/vc_column][\/vc_row][vc_row][vc_column][vc_empty_space][vc_separator color=\u201dcustom\u201d accent_color=\u201d#ffb84d\u201d][vc_row_inner][vc_column_inner width=\u201d1\/3\u2033][vc_single_image image=\u201d3773\u2033 alignment=\u201dcenter\u201d][vc_empty_space height=\u201d12px\u201d][\/vc_column_inner][vc_column_inner width=\u201d2\/3\u2033][vc_column_text]<strong>Mart\u00edn Haro<\/strong> es el creador, productor y presentador de Guardianes de la memoria.<\/p>\n<p>Mart\u00edn naci\u00f3 en Montevideo y ha vivido tambi\u00e9n en Barcelona y Nueva York.<\/p>\n<p>\u00a0<\/p>\n<p>Desde ni\u00f1o le ha fascinado el poder del audio como medio ideal para contar historias, comunicar emociones y generar empat\u00eda. Por eso, su vida profesional ha girado siempre en torno a la m\u00fasica, el sonido y las historias humanas. Puedes saber m\u00e1s sobre su trayectoria en <a href=\"https:\/\/www.linkedin.com\/in\/martin-haro\/\" target=\"_blank\" rel=\"noopener noreferrer\">LinkedIn<\/a>.[\/vc_column_text][\/vc_column_inner][\/vc_row_inner][vc_empty_space height=\u201d22px\u201d][\/vc_column][\/vc_row][vc_row][vc_column][vc_empty_space][vc_column_text]<\/p>\n<h3>Tambi\u00e9n te recomendamos<\/h3>\n<p>[\/vc_column_text][vc_separator color=\u201dcustom\u201d accent_color=\u201d#ffb84d\u201d][vc_row_inner][vc_column_inner width=\u201d1\/4\u2033][vc_single_image image=\u201d4816\u2033 onclick=\u201dcustom_link\u201d link=\u201d\/es\/elbarcodelarroz\/\u201d][\/vc_column_inner][vc_column_inner el_class=\u201drecomendado\u201d width=\u201d3\/4\u2033][vc_column_text]<iframe loading=\"lazy\" src=\"https:\/\/widget.spreaker.com\/player?episode_id=51552583&amp;theme=dark&amp;color=ff8c00&amp;cover_image_url=https%3A%2F%2Fd3wo5wojvuv7l.cloudfront.net%2Fimages.spreaker.com%2Foriginal%2F7d43a8a1a15031394bc536f7469d69f7.jpg&amp;playlist=false&amp;playlist-continuous=false&amp;chapters-image=false&amp;episode_image_position=left&amp;hide-likes=true&amp;hide-comments=true&amp;hide-sharing=true&amp;hide-logo=true&amp;hide-download=true\" width=\"100%\" height=\"200px\" frameborder=\"0\"><\/iframe>[\/vc_column_text][\/vc_column_inner][\/vc_row_inner][\/vc_column][\/vc_row][vc_row][vc_column][vc_empty_space height=\u201d12px\u201d][\/vc_column][\/vc_row][vc_row][vc_column][vc_empty_space][\/vc_column][\/vc_row]<\/p>\n<p><\/p>\n<\/body><\/div>","protected":false},"excerpt":{"rendered":"<p>[vc_row][vc_column][vc_empty_space height=\u201d42px\u201d][\/vc_column][\/vc_row][vc_row][vc_column width=\u201d1\/3\u2033][vc_single_image image=\u201d3692\u2033 img_size=\u201dfull\u201d alignment=\u201dcenter\u201d][vc_empty_space][vc_column_text] \u00a0 \u00a1Ganador Latin Podcast Awards 2019 en la categor\u00eda Historia! \u00a0[\/vc_column_text][vc_empty_space][\/vc_column][vc_column width=\u201d2\/3\u2033][vc_column_text] Guardianes de la Memoria El podcast que te cuenta las historias que viven en los objetos \u00a0 En cada episodio nos embarcamos en un viaje para descubrir las historias humanas que rodean a los objetos m\u00e1s variados. [&hellip;]<\/p>\n","protected":false},"author":1,"featured_media":0,"parent":0,"menu_order":0,"comment_status":"closed","ping_status":"closed","template":"","meta":{"om_disable_all_campaigns":false,"_monsterinsights_skip_tracking":false,"_monsterinsights_sitenote_active":false,"_monsterinsights_sitenote_note":"","_monsterinsights_sitenote_category":0,"footnotes":""},"class_list":["post-3702","page","type-page","status-publish","hentry"],"jetpack_sharing_enabled":true,"_links":{"self":[{"href":"https:\/\/www.planhmedia.org\/es\/wp-json\/wp\/v2\/pages\/3702","targetHints":{"allow":["GET"]}}],"collection":[{"href":"https:\/\/www.planhmedia.org\/es\/wp-json\/wp\/v2\/pages"}],"about":[{"href":"https:\/\/www.planhmedia.org\/es\/wp-json\/wp\/v2\/types\/page"}],"author":[{"embeddable":true,"href":"https:\/\/www.planhmedia.org\/es\/wp-json\/wp\/v2\/users\/1"}],"replies":[{"embeddable":true,"href":"https:\/\/www.planhmedia.org\/es\/wp-json\/wp\/v2\/comments?post=3702"}],"version-history":[{"count":102,"href":"https:\/\/www.planhmedia.org\/es\/wp-json\/wp\/v2\/pages\/3702\/revisions"}],"predecessor-version":[{"id":3730,"href":"https:\/\/www.planhmedia.org\/es\/wp-json\/wp\/v2\/pages\/3702\/revisions\/3730"}],"wp:attachment":[{"href":"https:\/\/www.planhmedia.org\/es\/wp-json\/wp\/v2\/media?parent=3702"}],"curies":[{"name":"wp","href":"https:\/\/api.w.org\/{rel}","templated":true}]}}