{"id":3581,"date":"2018-12-10T18:52:11","date_gmt":"2018-12-10T18:52:11","guid":{"rendered":"https:\/\/www.planhmedia.com\/?page_id=3581"},"modified":"2025-08-09T21:28:25","modified_gmt":"2025-08-09T21:28:25","slug":"portada","status":"publish","type":"page","link":"https:\/\/www.planhmedia.org\/es\/","title":{"rendered":"Portada"},"content":{"rendered":"<div class=\"wpb-content-wrapper\"><body><p>[vc_row content_full_width=\u201d1\u2033][vc_column][vc_empty_space height=\u201d60px\u201d][vc_single_image image=\u201d5166\u2033 img_size=\u201dfull\u201d alignment=\u201dcenter\u201d][vc_empty_space height=\u201d42px\u201d][\/vc_column][\/vc_row][vc_row equal_height=\u201dyes\u201d][vc_column width=\u201d1\/6\u2033][\/vc_column][vc_column width=\u201d2\/3\u2033][vc_column_text]<\/p>\n<p style=\"text-align: center;\">Desde el principio de los tiempos, los seres humanos hemos usado el sonido y la voz para contar historias, conectar con otras personas, generar empat\u00eda y llamar a la acci\u00f3n. Por eso, en Plan H Media creemos firmemente que los podcasts son un medio ideal para inspirar a las audiencias a participar y posicionarse en los temas importantes de nuestros d\u00edas.<\/p>\n<p>[\/vc_column_text][vc_empty_space height=\u201d100px\u201d][\/vc_column][vc_column width=\u201d1\/6\u2033][\/vc_column][\/vc_row][vc_row equal_height=\u201dyes\u201d content_full_width=\u201d1\u2033 overlay_background=\u201d#000000\u2033 el_class=\u201dvinilos\u201d][vc_column width=\u201d1\/6\u2033][\/vc_column][vc_column width=\u201d2\/3\u2033 el_class=\u201dshows\u201d][vc_empty_space height=\u201d100px\u201d][vc_custom_heading text=\u201dNUESTROS PODCASTS\u201d font_container=\u201dtag:h2|font_size:32px|text_align:center|color:%23ffffff\u201d google_fonts=\u201dfont_family:Lato%3A100%2C100italic%2C300%2C300italic%2Cregular%2Citalic%2C700%2C700italic%2C900%2C900italic|font_style:900%20bold%20regular%3A900%3Anormal\u201d letter_spacing=\u201d2pt\u201d line_bottom_width=\u201d150px\u201d line_bottom_height=\u201d3px\u201d line_bottom_margin=\u201d30px 0 0 0\u2033 line_bottom_color=\u201d#ffbf00\u2033 line_bottom_position=\u201dcenter\u201d][vc_empty_space height=\u201d100px\u201d][vc_row_inner equal_height=\u201dyes\u201d el_class=\u201dwhite\u201d][vc_column_inner width=\u201d1\/2\u2033][vc_single_image image=\u201d5634\u2033 alignment=\u201dcenter\u201d onclick=\u201dcustom_link\u201d img_link_target=\u201d_blank\u201d css=\u201d\u201d link=\u201dhttps:\/\/www.planhmedia.org\/es\/verso-y-reverso\u201d][vc_empty_space][vc_column_text css=\u201d\u201d]<\/p>\n<h3 style=\"text-align: center;\"><a href=\"https:\/\/www.planhmedia.org\/es\/verso-y-reverso\/\" target=\"_blank\" rel=\"noopener noreferrer\">Verso y Reverso<\/a><\/h3>\n<p style=\"text-align: center;\">Diez poetas, dos festivales y un <i>live\u00a0coder<\/i>: <em>Verso y Reverso<\/em> afina el o\u00eddo a las m\u00faltiples frecuencias de la poes\u00eda actual.<\/p>\n<p>\u00a0<\/p>\n<p style=\"text-align: center;\"><strong>Idioma<\/strong>: espa\u00f1ol.<\/p>\n<p>[\/vc_column_text][vc_empty_space height=\u201d60px\u201d][\/vc_column_inner][vc_column_inner width=\u201d1\/2\u2033][vc_single_image image=\u201d4921\u2033 alignment=\u201dcenter\u201d onclick=\u201dcustom_link\u201d img_link_target=\u201d_blank\u201d link=\u201dhttps:\/\/www.planhmedia.org\/es\/elbarcodelarroz\u201d][vc_empty_space][vc_column_text]<\/p>\n<h3 style=\"text-align: center;\"><a href=\"https:\/\/www.planhmedia.org\/es\/elbarcodelarroz\/\" target=\"_blank\" rel=\"noopener noreferrer\">El barco del arroz<\/a><\/h3>\n<p style=\"text-align: center;\">Algo que se hace llamar \u00abEl barco del arroz\u00bb nos est\u00e1 enviando historias y escenas sonoras desde los lugares m\u00e1s insospechados. Y, aunque no sabemos nada sobre la antena que las transmite, hemos decidido publicarlas.<\/p>\n<p>\u00a0<\/p>\n<p style=\"text-align: center;\"><strong>Idioma<\/strong>: espa\u00f1ol.<\/p>\n<p>[\/vc_column_text][\/vc_column_inner][\/vc_row_inner][vc_empty_space height=\u201d60px\u201d][vc_row_inner equal_height=\u201dyes\u201d el_class=\u201dwhite\u201d][vc_column_inner width=\u201d1\/2\u2033][vc_single_image image=\u201d4218\u2033 alignment=\u201dcenter\u201d onclick=\u201dcustom_link\u201d img_link_target=\u201d_blank\u201d link=\u201d\/es\/movidasvarias\u201d][vc_empty_space][vc_column_text]<\/p>\n<h3 style=\"text-align: center;\"><a href=\"\/es\/movidasvarias\" target=\"_blank\" rel=\"noopener noreferrer\">Movidas varias<\/a><\/h3>\n<p style=\"text-align: center;\">El podcast en el que la voz cantante la tienen les otres. Aqu\u00ed se habla de todo y de nada: con Quan Zhou, conocida en redes como Gazpacho Agridulce, damos a conocer otras realidades m\u00e1s all\u00e1 de lo <em>mainstream<\/em> en un tono educativo-festivo, antirracista e interseccional.<\/p>\n<p style=\"text-align: center;\">\u00a1Bienvenidos, bienvenidas y bienvenides a <em>Movidas varias<\/em>!<\/p>\n<p>\u00a0<\/p>\n<p style=\"text-align: center;\"><strong>Idioma<\/strong>: espa\u00f1ol.<\/p>\n<p>[\/vc_column_text][vc_empty_space height=\u201d60px\u201d][\/vc_column_inner][vc_column_inner width=\u201d1\/2\u2033][vc_single_image image=\u201d3692\u2033 alignment=\u201dcenter\u201d onclick=\u201dcustom_link\u201d img_link_target=\u201d_blank\u201d link=\u201d\/es\/guardianes-de-la-memoria\u201d][vc_empty_space][vc_column_text]<\/p>\n<h3 style=\"text-align: center;\"><a href=\"\/es\/guardianes-de-la-memoria\" target=\"_blank\" rel=\"noopener noreferrer\">Guardianes de la memoria<\/a><\/h3>\n<p style=\"text-align: center;\">En cada episodio nos embarcamos en un viaje para descubrir las historias humanas que rodean a los objetos m\u00e1s variados. Da igual que pesen varias toneladas o que sean min\u00fasculos, que valgan much\u00edsimo dinero o que sean considerados basura. Hay objetos que en su interior guardan historias fascinantes y esto los convierte en verdaderos guardianes de la memoria.<\/p>\n<p style=\"text-align: center;\">Podcast ganador de los <strong><a href=\"https:\/\/latinpodcastawards.com\/\" target=\"_blank\" rel=\"noopener noreferrer\">Latin Podcast Awards<\/a><\/strong> 2019 en la categor\u00eda de Historia.<\/p>\n<p>\u00a0<\/p>\n<p style=\"text-align: center;\"><strong>Idioma<\/strong>: espa\u00f1ol.<\/p>\n<p>[\/vc_column_text][vc_empty_space height=\u201d60px\u201d][\/vc_column_inner][\/vc_row_inner][vc_row_inner equal_height=\u201dyes\u201d el_class=\u201dwhite\u201d][vc_column_inner width=\u201d1\/2\u2033][vc_single_image image=\u201d5133\u2033 alignment=\u201dcenter\u201d onclick=\u201dcustom_link\u201d img_link_target=\u201d_blank\u201d link=\u201dhttps:\/\/acpas.org\/el-podcast-de-la-alta-sensibilidad\/\u201d][vc_empty_space][vc_column_text]<\/p>\n<h3 style=\"text-align: center;\"><a href=\"https:\/\/acpas.org\/el-podcast-de-la-alta-sensibilidad\/\" target=\"_blank\" rel=\"noopener noreferrer\">El podcast de la alta sensibilidad<\/a><\/h3>\n<p style=\"text-align: center;\">\u00bfQu\u00e9 significa tener alta sensibilidad? \u00bfCu\u00e1les son las caracter\u00edsticas que definen este rasgo? \u00bfC\u00f3mo podemos convertirla en una aliada en nuestro d\u00eda a d\u00eda? Te acompa\u00f1amos a descubrirlo de la mano de ACPAS, la Asociaci\u00f3n Catalana de Personas con Alta Sensibilidad.<\/p>\n<p>\u00a0<\/p>\n<p style=\"text-align: center;\"><strong>Idioma<\/strong>: espa\u00f1ol.<strong><br>\n<\/strong><\/p>\n<p>[\/vc_column_text][vc_empty_space height=\u201d60px\u201d][\/vc_column_inner][vc_column_inner width=\u201d1\/2\u2033][vc_single_image image=\u201d4211\u2033 alignment=\u201dcenter\u201d onclick=\u201dcustom_link\u201d img_link_target=\u201d_blank\u201d link=\u201d\/es\/enclavedemujeres\u201d][vc_empty_space][vc_column_text]<\/p>\n<h3 style=\"text-align: center;\"><a href=\"https:\/\/www.planhmedia.org\/es\/enclavedemujeres\/enclavedemujeres\/\" target=\"_blank\" rel=\"noopener noreferrer\">En clave de mujeres<\/a><\/h3>\n<p style=\"text-align: center;\">A trav\u00e9s de relatos y canciones, este podcast de 3 episodios ilumina el rol de las mujeres en la m\u00fasica popular latinoamericana como compositoras, int\u00e9rpretes, letristas, inspiradoras de historias y melod\u00edas; mujeres que usaron la m\u00fasica para reivindicar derechos.<\/p>\n<p>\u00a0<\/p>\n<p style=\"text-align: center;\"><strong>Idioma<\/strong>: espa\u00f1ol.<strong><br>\n<\/strong><\/p>\n<p>[\/vc_column_text][vc_empty_space height=\u201d60px\u201d][\/vc_column_inner][\/vc_row_inner][vc_row_inner equal_height=\u201dyes\u201d el_class=\u201dwhite\u201d][vc_column_inner width=\u201d1\/2\u2033][vc_single_image image=\u201d5181\u2033 alignment=\u201dcenter\u201d onclick=\u201dcustom_link\u201d img_link_target=\u201d_blank\u201d link=\u201dhttps:\/\/sanaremosjuntas.es\/\u201d][vc_empty_space][vc_column_text]<\/p>\n<h3 style=\"text-align: center;\"><a href=\"https:\/\/sanaremosjuntas.es\/\" target=\"_blank\" rel=\"noopener noreferrer\">Sanaremos juntas<\/a><\/h3>\n<p style=\"text-align: center;\">Un proyecto colaborativo de concienciaci\u00f3n pol\u00edtica sobre la salud mental con perspectiva migrada y feminista. En este podcast exploramos c\u00f3mo la migraci\u00f3n en s\u00ed misma es un factor de riesgo para la salud mental que no se est\u00e1 tomando en consideraci\u00f3n, y analizamos qu\u00e9 hacen las instituciones para abordar este problema.<\/p>\n<p>\u00a0<\/p>\n<p style=\"text-align: center;\"><strong>Idioma<\/strong>: espa\u00f1ol.<strong><br>\n<\/strong><\/p>\n<p>[\/vc_column_text][vc_empty_space height=\u201d60px\u201d][\/vc_column_inner][vc_column_inner width=\u201d1\/2\u2033][\/vc_column_inner][\/vc_row_inner][vc_empty_space height=\u201d40px\u201d][\/vc_column][vc_column width=\u201d1\/6\u2033][\/vc_column][\/vc_row][vc_row css=\u201d.vc_custom_1651078073524{background-color: #ffffff !important;}\u201d][vc_column][vc_empty_space height=\u201d100px\u201d][vc_custom_heading text=\u201dAY\u00daDANOS A SEGUIR\u201d font_container=\u201dtag:h3|text_align:center\u201d google_fonts=\u201dfont_family:Lato%3A100%2C100italic%2C300%2C300italic%2Cregular%2Citalic%2C700%2C700italic%2C900%2C900italic|font_style:900%20bold%20regular%3A900%3Anormal\u201d letter_spacing=\u201d2pt\u201d line_bottom_width=\u201d150px\u201d line_bottom_height=\u201d3px\u201d line_bottom_margin=\u201d30px 0 0 0\u2033 line_bottom_color=\u201d#ffbf00\u2033 line_bottom_position=\u201dcenter\u201d][vc_empty_space height=\u201d42px\u201d][\/vc_column][\/vc_row][vc_row equal_height=\u201dyes\u201d css=\u201d.vc_custom_1651078196228{background-color: #ffffff !important;}\u201d][vc_column width=\u201d1\/6\u2033][\/vc_column][vc_column width=\u201d2\/3\u2033 center_content=\u201dtrue\u201d][vc_column_text]<\/p>\n<p style=\"text-align: center;\">Plan H Media es una productora totalmente independiente. Tanto, que no recibimos ning\u00fan tipo de apoyo financiero por parte de empresas o instituciones. Esta autonom\u00eda nos permite trabajar con absoluta libertad, transparencia y honestidad con nuestros valores, pero tambi\u00e9n limita much\u00edsimo nuestra capacidad de acci\u00f3n en un mundo real que funciona a golpe de billetera. Desde el mantenimiento de nuestro servidor hasta el pasaje de tren de tercera que nos lleva a grabar a un pueblo remoto, todo implica dinero\u2026 y, por supuesto, tambi\u00e9n algo incalculablemente m\u00e1s valioso que el vil metal: tiempo.<\/p>\n<p>\u00a0<\/p>\n<p style=\"text-align: center;\">Si nuestros podcasts te mueven, te abren la mente, te hacen vibrar o simplemente te acompa\u00f1an, ser\u00eda maravilloso que hicieras una peque\u00f1a aportaci\u00f3n para que podamos seguir tray\u00e9ndote, a ti y a cientos de personas como t\u00fa, historias que creemos que merecen ser contadas. Con tu complicidad, podremos seguir escuchando esas voces que nunca deber\u00edan callar.<\/p>\n<p>[\/vc_column_text][vc_empty_space height=\u201d42px\u201d][vc_raw_html]JTNDZGl2JTIwaWQlM0QlMjJkb25hdGUtYnV0dG9uLWNvbnRhaW5lciUyMiUzRSUwQSUzQ2RpdiUyMGlkJTNEJTIyZG9uYXRlLWJ1dHRvbiUyMiUzRSUzQyUyRmRpdiUzRSUwQSUzQ3NjcmlwdCUyMHNyYyUzRCUyMmh0dHBzJTNBJTJGJTJGd3d3LnBheXBhbG9iamVjdHMuY29tJTJGZG9uYXRlJTJGc2RrJTJGZG9uYXRlLXNkay5qcyUyMiUyMGNoYXJzZXQlM0QlMjJVVEYtOCUyMiUzRSUzQyUyRnNjcmlwdCUzRSUwQSUzQ3NjcmlwdCUzRSUwQVBheVBhbC5Eb25hdGlvbi5CdXR0b24lMjglN0IlMEFlbnYlM0ElMjdwcm9kdWN0aW9uJTI3JTJDJTBBaG9zdGVkX2J1dHRvbl9pZCUzQSUyNzlUNEZZSjlDVUVMODglMjclMkMlMEFpbWFnZSUzQSUyMCU3QiUwQXNyYyUzQSUyN2h0dHBzJTNBJTJGJTJGd3d3LnBheXBhbG9iamVjdHMuY29tJTJGZXNfRVMlMkZFUyUyRmklMkZidG4lMkZidG5fZG9uYXRlX0xHLmdpZiUyNyUyQyUwQWFsdCUzQSUyN0JvdCVDMyVCM24lQzIlQTBEb25hciUyMGNvbiUyMFBheVBhbCUyNyUyQyUwQXRpdGxlJTNBJTI3UGF5UGFsJTIwLSUyMFRoZSUyMHNhZmVyJTJDJTIwZWFzaWVyJTIwd2F5JTIwdG8lMjBwYXklMjBvbmxpbmUlMjElMjclMkMlMEElN0QlMEElN0QlMjkucmVuZGVyJTI4JTI3JTIzZG9uYXRlLWJ1dHRvbiUyNyUyOSUzQiUwQSUzQyUyRnNjcmlwdCUzRSUwQSUzQyUyRmRpdiUzRQ==[\/vc_raw_html][\/vc_column][vc_column width=\u201d1\/6\u2033][\/vc_column][\/vc_row]<\/p>\n<\/body><\/div>","protected":false},"excerpt":{"rendered":"<p>[vc_row content_full_width=\u201d1\u2033][vc_column][vc_empty_space height=\u201d60px\u201d][vc_single_image image=\u201d5166\u2033 img_size=\u201dfull\u201d alignment=\u201dcenter\u201d][vc_empty_space height=\u201d42px\u201d][\/vc_column][\/vc_row][vc_row equal_height=\u201dyes\u201d][vc_column width=\u201d1\/6\u2033][\/vc_column][vc_column width=\u201d2\/3\u2033][vc_column_text] Desde el principio de los tiempos, los seres humanos hemos usado el sonido y la voz para contar historias, conectar con otras personas, generar empat\u00eda y llamar a la acci\u00f3n. Por eso, en Plan H Media creemos firmemente que los podcasts son un medio ideal [&hellip;]<\/p>\n","protected":false},"author":1,"featured_media":0,"parent":0,"menu_order":0,"comment_status":"closed","ping_status":"closed","template":"","meta":{"om_disable_all_campaigns":false,"_monsterinsights_skip_tracking":false,"_monsterinsights_sitenote_active":false,"_monsterinsights_sitenote_note":"","_monsterinsights_sitenote_category":0,"footnotes":""},"class_list":["post-3581","page","type-page","status-publish","hentry"],"jetpack_sharing_enabled":true,"_links":{"self":[{"href":"https:\/\/www.planhmedia.org\/es\/wp-json\/wp\/v2\/pages\/3581","targetHints":{"allow":["GET"]}}],"collection":[{"href":"https:\/\/www.planhmedia.org\/es\/wp-json\/wp\/v2\/pages"}],"about":[{"href":"https:\/\/www.planhmedia.org\/es\/wp-json\/wp\/v2\/types\/page"}],"author":[{"embeddable":true,"href":"https:\/\/www.planhmedia.org\/es\/wp-json\/wp\/v2\/users\/1"}],"replies":[{"embeddable":true,"href":"https:\/\/www.planhmedia.org\/es\/wp-json\/wp\/v2\/comments?post=3581"}],"version-history":[{"count":7,"href":"https:\/\/www.planhmedia.org\/es\/wp-json\/wp\/v2\/pages\/3581\/revisions"}],"predecessor-version":[{"id":6226,"href":"https:\/\/www.planhmedia.org\/es\/wp-json\/wp\/v2\/pages\/3581\/revisions\/6226"}],"wp:attachment":[{"href":"https:\/\/www.planhmedia.org\/es\/wp-json\/wp\/v2\/media?parent=3581"}],"curies":[{"name":"wp","href":"https:\/\/api.w.org\/{rel}","templated":true}]}}