{"id":3064,"date":"2018-08-03T22:14:43","date_gmt":"2018-08-03T22:14:43","guid":{"rendered":"https:\/\/planhmedia.com\/?page_id=3064"},"modified":"2022-10-21T09:35:16","modified_gmt":"2022-10-21T09:35:16","slug":"nosotros","status":"publish","type":"page","link":"https:\/\/www.planhmedia.org\/es\/nosotros\/","title":{"rendered":"Nosotros"},"content":{"rendered":"<div class=\"wpb-content-wrapper\"><body><p>[vc_row content_full_width=\u201d1\u2033 el_id=\u201dpurpose\u201d][vc_column][vc_empty_space height=\u201d100px\u201d][vc_custom_heading text=\u201d\u00bfQUI\u00c9NES SOMOS?\u201d font_container=\u201dtag:h2|text_align:center|color:%231f1f1f\u201d google_fonts=\u201dfont_family:Lato%3A100%2C100italic%2C300%2C300italic%2Cregular%2Citalic%2C700%2C700italic%2C900%2C900italic|font_style:900%20bold%20regular%3A900%3Anormal\u201d letter_spacing=\u201d2pt\u201d line_bottom_width=\u201d150px\u201d line_bottom_height=\u201d3px\u201d line_bottom_margin=\u201d30px 0 0 0\u2033 line_bottom_color=\u201d#ffbf00\u2033 line_bottom_position=\u201dcenter\u201d][vc_empty_space height=\u201d42px\u201d][\/vc_column][\/vc_row][vc_row css=\u201d.vc_custom_1539445542457{padding-top: 29px !important;}\u201d][vc_column width=\u201d1\/6\u2033][vc_column_text]<br>\n[\/vc_column_text][\/vc_column][vc_column width=\u201d2\/3\u2033][vc_column_text font_size=\u201d16px\u201d]<\/p>\n<p style=\"text-align: center;\">Somos una cooperativa sin \u00e1nimo de lucro que busca inspirar a las audiencias a participar y posicionarse en los temas importantes de nuestros d\u00edas.<\/p>\n<p style=\"text-align: center;\">Existimos para contar historias que fomenten la curiosidad, el pensamiento cr\u00edtico, la diversidad y el v\u00ednculo entre todos los seres humanos.<\/p>\n<p style=\"text-align: center;\">Historias que combatan el odio, la resignaci\u00f3n y la apat\u00eda.<\/p>\n<p style=\"text-align: center;\">Buscamos promover el desarrollo individual y la acci\u00f3n deliberada hacia la b\u00fasqueda del conocimiento y el impacto social positivo.<\/p>\n<p>[\/vc_column_text][vc_empty_space height=\u201d100px\u201d][\/vc_column][vc_column width=\u201d1\/6\u2033][vc_column_text]<br>\n[\/vc_column_text][\/vc_column][\/vc_row][vc_row css=\u201d.vc_custom_1651244271297{background-color: #000000 !important;}\u201d][vc_column][vc_row_inner el_class=\u201dwhite\u201d][vc_column_inner][vc_empty_space height=\u201d100px\u201d][\/vc_column_inner][\/vc_row_inner][\/vc_column][vc_column el_class=\u201dblack_team\u201d][vc_column_text el_class=\u201dteam_class\u201d]<div class=\"tmm tmm_phm-team-esp-2\"><div class=\"tmm_2_columns tmm_wrap tmm_theme_f\"><span class=\"tmm_two_containers_tablet\"><\/span><div class=\"tmm_container\"><div class=\"tmm_member\" style=\"border-top:#333333 solid 5px;\"><div class=\"tmm_photo tmm_pic_phm-team-esp-2_0\" style=\"background: url(https:\/\/www.planhmedia.org\/wp-content\/uploads\/2019\/03\/Martin.jpg); margin-left: auto; margin-right:auto; background-size:cover !important;\"><\/div><div class=\"tmm_textblock\"><div class=\"tmm_names\"><span class=\"tmm_fname\">Mart\u00edn<\/span> <span class=\"tmm_lname\">Haro<\/span><\/div><div class=\"tmm_job\">Cofundador y productor<\/div><div class=\"tmm_desc\" style=\"text-align:\"><p>Mart\u00edn naci\u00f3 en Montevideo y ha vivido tambi\u00e9n en Barcelona y Nueva York.<br>Desde ni\u00f1o le ha fascinado el poder del audio como medio ideal para contar historias, comunicar emociones y generar empat\u00eda. Por eso, su vida profesional siempre ha girado en torno a la m\u00fasica, el sonido y las historias de impacto.<br>Mart\u00edn form\u00f3 parte de la segunda generaci\u00f3n del <a href=\"https:\/\/nymediacenter.com\/podcasting\/\" target=\"_blank\" rel=\"noopener\"><em>Podcast Certificate Program<\/em><\/a> de la Oficina de Medios y Entretenimiento de la Alcald\u00eda de Nueva York. Tambi\u00e9n tiene una licenciatura en marketing y un doctorado en Tecnolog\u00edas de la Informaci\u00f3n, la Comunicaci\u00f3n y los Medios Audiovisuales.<\/p><\/div><div class=\"tmm_scblock\"><\/div><\/div><\/div><div class=\"tmm_member\" style=\"border-top:#333333 solid 5px;\"><div class=\"tmm_photo tmm_pic_phm-team-esp-2_1\" style=\"background: url(https:\/\/www.planhmedia.org\/wp-content\/uploads\/2020\/10\/Ricard_Myitkyina.jpg); margin-left: auto; margin-right:auto; background-size:cover !important;\"><\/div><div class=\"tmm_textblock\"><div class=\"tmm_names\"><span class=\"tmm_fname\">Ricard<\/span> <span class=\"tmm_lname\">Franch Hern\u00e1ndez<\/span><\/div><div class=\"tmm_job\">Cofundador y productor<\/div><div class=\"tmm_desc\" style=\"text-align:\"><p>Ricard se cri\u00f3 en la Barcelona preol\u00edmpica y r\u00e1pidamente se enamor\u00f3 del arte de contar historias. Ya m\u00e1s crecidito, ha tenido la suerte de trabajar en facetas variopintas de este inmenso campo creativo, desde el periodismo, la escritura de guiones y la transcreaci\u00f3n ling\u00fc\u00edstica hasta el desarrollo de videojuegos, dise\u00f1o de interacci\u00f3n y experiencias de realidad virtual. Tambi\u00e9n le gusta incluir en la categor\u00eda de \u00abcontar historias\u00bb sus actuaciones como m\u00fasico de directo.<br>Su \u00faltimo proyecto antes de unirse a Plan H Media fue el documental en v\u00eddeo 360\u00ba <em>La route de L\u00f3vua<\/em>, rodado para ACNUR en un asentamiento de refugiados junto a la frontera entre Angola y la Rep\u00fablica Democr\u00e1tica del Congo. A Ricard le cuesta muy poco quedar embelesado ante el esplendor de la naturaleza y la diversidad cultural, y le encanta recorrer lugares extra\u00f1os capturando historias humanas y sonidos hechizantes.<\/p><\/div><div class=\"tmm_scblock\"><\/div><\/div><\/div><div style=\"clear:both;\"><\/div><\/div><\/div><\/div>[\/vc_column_text][\/vc_column][\/vc_row][vc_row][vc_column][vc_row_inner][vc_column_inner][vc_empty_space height=\u201d100px\u201d][vc_custom_heading text=\u201dNUESTROS VALORES\u201d font_container=\u201dtag:h2|text_align:center|color:%23000000\u2033 google_fonts=\u201dfont_family:Lato%3A100%2C100italic%2C300%2C300italic%2Cregular%2Citalic%2C700%2C700italic%2C900%2C900italic|font_style:900%20bold%20regular%3A900%3Anormal\u201d letter_spacing=\u201d2pt\u201d line_bottom_width=\u201d150px\u201d line_bottom_height=\u201d3px\u201d line_bottom_margin=\u201d30px 0 0 0\u2033 line_bottom_color=\u201d#ffbf00\u2033 line_bottom_position=\u201dcenter\u201d][vc_empty_space height=\u201d42px\u201d][\/vc_column_inner][\/vc_row_inner][\/vc_column][vc_column][vc_row_inner equal_height=\u201dyes\u201d][vc_column_inner width=\u201d1\/6\u2033][vc_column_text css_animation=\u201dnone\u201d text_color=\u201d#ffbf00\u2033 el_class=\u201dnum_value\u201d]<\/p>\n<h3 style=\"text-align: right;\">1\/<\/h3>\n<p>[\/vc_column_text][\/vc_column_inner][vc_column_inner width=\u201d2\/3\u2033][vc_column_text]<\/p>\n<p style=\"text-align: center;\">Creemos que las buenas historias tienen el poder de cambiar el mundo y tenemos la convicci\u00f3n de que los podcasts son un medio ideal para inspirar al p\u00fablico a participar y posicionarse en los temas importantes de nuestro tiempo.<\/p>\n<p>[\/vc_column_text][vc_empty_space][\/vc_column_inner][vc_column_inner width=\u201d1\/6\u2033][\/vc_column_inner][\/vc_row_inner][vc_row_inner equal_height=\u201dyes\u201d][vc_column_inner width=\u201d1\/6\u2033][vc_column_text css_animation=\u201dnone\u201d text_color=\u201d#ffbf00\u2033 el_class=\u201dnum_value\u201d]<\/p>\n<h3 style=\"text-align: right;\">2\/<\/h3>\n<p>[\/vc_column_text][\/vc_column_inner][vc_column_inner width=\u201d2\/3\u2033][vc_column_text]<\/p>\n<p style=\"text-align: center;\">Trabajamos con entusiasmo, curiosidad y profesionalidad para ofrecer podcasts de alta calidad que \u00abmuevan\u00bb a sus oyentes.<\/p>\n<p>[\/vc_column_text][vc_empty_space][\/vc_column_inner][vc_column_inner width=\u201d1\/6\u2033][\/vc_column_inner][\/vc_row_inner][vc_row_inner equal_height=\u201dyes\u201d][vc_column_inner width=\u201d1\/6\u2033][vc_column_text css_animation=\u201dnone\u201d text_color=\u201d#ffbf00\u2033 el_class=\u201dnum_value\u201d]<\/p>\n<h3 style=\"text-align: right;\">3\/<\/h3>\n<p>[\/vc_column_text][\/vc_column_inner][vc_column_inner width=\u201d2\/3\u2033][vc_column_text]<\/p>\n<p style=\"text-align: center;\">Nos gusta la gente honesta. Honesta con su trabajo, honesta con clientes y proveedores, honesta con la empresa y, sobre todo, honesta en el deseo de traer al mundo las mejores historias de audio.<\/p>\n<p>[\/vc_column_text][vc_empty_space][\/vc_column_inner][vc_column_inner width=\u201d1\/6\u2033][\/vc_column_inner][\/vc_row_inner][vc_row_inner equal_height=\u201dyes\u201d][vc_column_inner width=\u201d1\/6\u2033][vc_column_text css_animation=\u201dnone\u201d text_color=\u201d#ffbf00\u2033 el_class=\u201dnum_value\u201d]<\/p>\n<h3 style=\"text-align: right;\">4\/<\/h3>\n<p>[\/vc_column_text][\/vc_column_inner][vc_column_inner width=\u201d2\/3\u2033][vc_column_text]<\/p>\n<p style=\"text-align: center;\">Buscamos trabajar con personas que no esperan \u00f3rdenes, hacen lo que prometen y act\u00faan con consideraci\u00f3n hacia los dem\u00e1s.<\/p>\n<p>[\/vc_column_text][vc_empty_space][\/vc_column_inner][vc_column_inner width=\u201d1\/6\u2033][\/vc_column_inner][\/vc_row_inner][vc_row_inner equal_height=\u201dyes\u201d][vc_column_inner width=\u201d1\/6\u2033][vc_column_text css_animation=\u201dnone\u201d text_color=\u201d#ffbf00\u2033 el_class=\u201dnum_value\u201d]<\/p>\n<h3 style=\"text-align: right;\">5\/<\/h3>\n<p>[\/vc_column_text][\/vc_column_inner][vc_column_inner width=\u201d2\/3\u2033][vc_column_text]<\/p>\n<p style=\"text-align: center;\">Perseguimos altos est\u00e1ndares profesionales, pero la amabilidad y la cercan\u00eda en nuestras interacciones son tambi\u00e9n fundamentales.<\/p>\n<p>[\/vc_column_text][vc_empty_space][\/vc_column_inner][vc_column_inner width=\u201d1\/6\u2033][\/vc_column_inner][\/vc_row_inner][vc_row_inner equal_height=\u201dyes\u201d][vc_column_inner width=\u201d1\/6\u2033][vc_column_text css_animation=\u201dnone\u201d text_color=\u201d#ffbf00\u2033 el_class=\u201dnum_value\u201d]<\/p>\n<h3 style=\"text-align: right;\">6\/<\/h3>\n<p>[\/vc_column_text][\/vc_column_inner][vc_column_inner width=\u201d2\/3\u2033][vc_column_text]<\/p>\n<p style=\"text-align: center;\">Queremos que los miembros de la empresa, as\u00ed como sus colaboradores y clientes, puedan ganarse dignamente la vida con su trabajo.<\/p>\n<p>[\/vc_column_text][vc_empty_space][\/vc_column_inner][vc_column_inner width=\u201d1\/6\u2033][\/vc_column_inner][\/vc_row_inner][vc_row_inner equal_height=\u201dyes\u201d][vc_column_inner width=\u201d1\/6\u2033][vc_column_text css_animation=\u201dnone\u201d text_color=\u201d#ffbf00\u2033 el_class=\u201dnum_value\u201d]<\/p>\n<h3 style=\"text-align: right;\">7\/<\/h3>\n<p>[\/vc_column_text][\/vc_column_inner][vc_column_inner width=\u201d2\/3\u2033][vc_column_text]<\/p>\n<p style=\"text-align: center;\">Tenemos un fuerte compromiso con la diversidad, la equidad, la inclusi\u00f3n y la sostenibilidad.<\/p>\n<p>[\/vc_column_text][vc_empty_space][\/vc_column_inner][vc_column_inner width=\u201d1\/6\u2033][\/vc_column_inner][\/vc_row_inner][vc_row_inner equal_height=\u201dyes\u201d][vc_column_inner width=\u201d1\/6\u2033][vc_column_text css_animation=\u201dnone\u201d text_color=\u201d#ffbf00\u2033 el_class=\u201dnum_value\u201d]<\/p>\n<h3 style=\"text-align: right;\">8\/<\/h3>\n<p>[\/vc_column_text][\/vc_column_inner][vc_column_inner width=\u201d2\/3\u2033][vc_column_text]<\/p>\n<p style=\"text-align: center;\">Nuestro objetivo es que la empresa sea rentable, pero no a cualquier precio. Entendemos que cada individuo depende de otros y, por lo tanto, somos responsables hacia los dem\u00e1s y las generaciones futuras.<\/p>\n<p>[\/vc_column_text][vc_empty_space][\/vc_column_inner][vc_column_inner width=\u201d1\/6\u2033][\/vc_column_inner][\/vc_row_inner][vc_row_inner equal_height=\u201dyes\u201d][vc_column_inner width=\u201d1\/6\u2033][vc_column_text css_animation=\u201dnone\u201d text_color=\u201d#ffbf00\u2033 el_class=\u201dnum_value\u201d]<\/p>\n<h3 style=\"text-align: right;\">9\/<\/h3>\n<p>[\/vc_column_text][\/vc_column_inner][vc_column_inner width=\u201d2\/3\u2033][vc_column_text]<\/p>\n<p style=\"text-align: center;\">Apoyamos plenamente los <a href=\"https:\/\/www.un.org\/sustainabledevelopment\/es\/\" target=\"_blank\" rel=\"noopener noreferrer\">Objetivos de Desarrollo Sostenible<\/a> de las Naciones Unidas.<\/p>\n<p>[\/vc_column_text][vc_empty_space][\/vc_column_inner][vc_column_inner width=\u201d1\/6\u2033][\/vc_column_inner][\/vc_row_inner][vc_row_inner equal_height=\u201dyes\u201d][vc_column_inner width=\u201d1\/6\u2033][vc_column_text css_animation=\u201dnone\u201d text_color=\u201d#ffbf00\u2033 el_class=\u201dnum_value\u201d]<\/p>\n<h3 style=\"text-align: right;\">10\/<\/h3>\n<p>[\/vc_column_text][\/vc_column_inner][vc_column_inner width=\u201d2\/3\u2033][vc_column_text]<\/p>\n<p style=\"text-align: center;\">Creemos firmemente que debemos ser el cambio que buscamos en el mundo. Es por eso que solo trabajamos en proyectos que resuenan con nuestro <a href=\"\/es\/nosotros#purpose\">prop\u00f3sito<\/a> y estimulan nuestra creatividad.<\/p>\n<p>[\/vc_column_text][vc_empty_space][\/vc_column_inner][vc_column_inner width=\u201d1\/6\u2033][\/vc_column_inner][\/vc_row_inner][\/vc_column][\/vc_row][vc_row][vc_column][vc_empty_space height=\u201d60px\u201d][\/vc_column][\/vc_row]<\/p>\n<\/body><\/div>","protected":false},"excerpt":{"rendered":"<p>[vc_row content_full_width=\u201d1\u2033 el_id=\u201dpurpose\u201d][vc_column][vc_empty_space height=\u201d100px\u201d][vc_custom_heading text=\u201d\u00bfQUI\u00c9NES SOMOS?\u201d font_container=\u201dtag:h2|text_align:center|color:%231f1f1f\u201d google_fonts=\u201dfont_family:Lato%3A100%2C100italic%2C300%2C300italic%2Cregular%2Citalic%2C700%2C700italic%2C900%2C900italic|font_style:900%20bold%20regular%3A900%3Anormal\u201d letter_spacing=\u201d2pt\u201d line_bottom_width=\u201d150px\u201d line_bottom_height=\u201d3px\u201d line_bottom_margin=\u201d30px 0 0 0\u2033 line_bottom_color=\u201d#ffbf00\u2033 line_bottom_position=\u201dcenter\u201d][vc_empty_space height=\u201d42px\u201d][\/vc_column][\/vc_row][vc_row css=\u201d.vc_custom_1539445542457{padding-top: 29px !important;}\u201d][vc_column width=\u201d1\/6\u2033][vc_column_text] [\/vc_column_text][\/vc_column][vc_column width=\u201d2\/3\u2033][vc_column_text font_size=\u201d16px\u201d] Somos una cooperativa sin \u00e1nimo de lucro que busca inspirar a las audiencias a participar y posicionarse en los temas importantes de nuestros d\u00edas. Existimos para contar historias que fomenten [&hellip;]<\/p>\n","protected":false},"author":1,"featured_media":0,"parent":0,"menu_order":0,"comment_status":"closed","ping_status":"closed","template":"","meta":{"om_disable_all_campaigns":false,"_monsterinsights_skip_tracking":false,"_monsterinsights_sitenote_active":false,"_monsterinsights_sitenote_note":"","_monsterinsights_sitenote_category":0,"footnotes":""},"class_list":["post-3064","page","type-page","status-publish","hentry"],"jetpack_sharing_enabled":true,"_links":{"self":[{"href":"https:\/\/www.planhmedia.org\/es\/wp-json\/wp\/v2\/pages\/3064","targetHints":{"allow":["GET"]}}],"collection":[{"href":"https:\/\/www.planhmedia.org\/es\/wp-json\/wp\/v2\/pages"}],"about":[{"href":"https:\/\/www.planhmedia.org\/es\/wp-json\/wp\/v2\/types\/page"}],"author":[{"embeddable":true,"href":"https:\/\/www.planhmedia.org\/es\/wp-json\/wp\/v2\/users\/1"}],"replies":[{"embeddable":true,"href":"https:\/\/www.planhmedia.org\/es\/wp-json\/wp\/v2\/comments?post=3064"}],"version-history":[{"count":27,"href":"https:\/\/www.planhmedia.org\/es\/wp-json\/wp\/v2\/pages\/3064\/revisions"}],"predecessor-version":[{"id":4867,"href":"https:\/\/www.planhmedia.org\/es\/wp-json\/wp\/v2\/pages\/3064\/revisions\/4867"}],"wp:attachment":[{"href":"https:\/\/www.planhmedia.org\/es\/wp-json\/wp\/v2\/media?parent=3064"}],"curies":[{"name":"wp","href":"https:\/\/api.w.org\/{rel}","templated":true}]}}