{"id":5198,"date":"2024-05-01T20:48:04","date_gmt":"2024-05-01T20:48:04","guid":{"rendered":"https:\/\/www.planhmedia.org\/?page_id=5198"},"modified":"2024-07-22T11:06:28","modified_gmt":"2024-07-22T11:06:28","slug":"ona-curta-escletxa","status":"publish","type":"page","link":"https:\/\/www.planhmedia.org\/ca\/elbarcodelarroz\/ona-curta-escletxa\/","title":{"rendered":"[Ona curta] Escletxa"},"content":{"rendered":"<div class=\"wpb-content-wrapper\"><body><p>[vc_row overlay_background=\u201d#0a0a0a\u201d][vc_column][vc_empty_space height=\u201d12px\u201d][vc_row_inner][vc_column_inner el_class=\u201dbreadcrumb\u201d][vc_column_text]<\/p>\n<p style=\"text-align: left;\"><a href=\"\/ca\/elbarcodelarroz\/\">El barco del arroz &gt;<\/a> [Ona curta] Escletxa<\/p>\n<p>[\/vc_column_text][\/vc_column_inner][\/vc_row_inner][vc_empty_space height=\u201d12px\u201d][\/vc_column][\/vc_row][vc_row content_full_width=\u201d1\u2033 css=\u201d.vc_custom_1714413765685{background-image: url(https:\/\/www.planhmedia.org\/wp-content\/uploads\/2024\/04\/Lalibela_Banner_Fade.jpg?id=5358) !important;}\u201d el_class=\u201dimage_row\u201d el_id=\u201dbackgr\u201d][vc_column el_class=\u201dtext_white\u201d][vc_empty_space height=\u201d42px\u201d][vc_column_text]<\/p>\n<h1><\/h1>\n<h1><\/h1>\n<h2 style=\"text-align: center;\">[ONA CURTA]<\/h2>\n<p>\u00a0<\/p>\n<p>\u00a0<\/p>\n<h2 style=\"text-align: center;\">ESCLETXA<\/h2>\n<p>\u00a0<\/p>\n<p>[\/vc_column_text][vc_empty_space height=\u201d177px\u201d el_id=\u201dtitle_space\u201d][\/vc_column][\/vc_row][vc_row content_full_width=\u201d1\u2033 overlay_background=\u201d#000000\u2033][vc_column][vc_empty_space height=\u201d12px\u201d][vc_row_inner el_class=\u201dtext_white\u201d][vc_column_inner width=\u201d1\/6\u2033][\/vc_column_inner][vc_column_inner width=\u201d2\/3\u2033][vc_empty_space height=\u201d12px\u201d][vc_column_text el_class=\u201doldfont\u201d]\u00bb ENVIAT DES D\u2019EL BARCO DEL ARROZ<\/p>\n<p>\u00bb<\/p>\n<p>\u00bb 12\u00b0 01\u2019 54\u201d N, 39\u00b0 02\u2019 28\u201d E<\/p>\n<p>\u00bb<\/p>\n<p>\u00bb Les roques miraculoses semblaven intocables a l\u2019empara de la creu.<\/p>\n<p>\u00bb<\/p>\n<p>\u00bb La remor, tan t\u00e8nue com persistent, aguaitava des de feia temps en la profunditat de la pedra.<\/p>\n<p>\u00bb<\/p>\n<p>\u00bb Al lloc menys pensat, la frontera entre cel i infern pot difuminar-se en q\u00fcesti\u00f3 d\u2019hores.<\/p>\n<p>\u00bb<\/p>\n<p>\u00bb 7LB1-5Y43-D669<\/p>\n<p>\u00bb FI DE LA TRANSMISSI\u00d3_[\/vc_column_text][vc_empty_space height=\u201d12px\u201d][\/vc_column_inner][vc_column_inner width=\u201d1\/6\u2033][\/vc_column_inner][\/vc_row_inner][vc_row_inner][vc_column_inner width=\u201d1\/6\u2033][\/vc_column_inner][vc_column_inner width=\u201d2\/3\u2033][vc_empty_space el_id=\u201dplayer\u201d][vc_column_text el_id=\u201drecomendado\u201d]<iframe loading=\"lazy\" src=\"https:\/\/widget.spreaker.com\/player?episode_id=59738498&amp;theme=dark&amp;color=59029c&amp;cover_image_url=https%3A%2F%2Fd3wo5wojvuv7l.cloudfront.net%2Fimages.spreaker.com%2Foriginal%2F7d43a8a1a15031394bc536f7469d69f7.jpg&amp;playlist=false&amp;playlist-continuous=false&amp;chapters-image=false&amp;episode_image_position=left&amp;hide-likes=true&amp;hide-comments=true&amp;hide-sharing=true&amp;hide-logo=true&amp;hide-download=true\" width=\"100%\" height=\"200px\" frameborder=\"0\"><\/iframe>[\/vc_column_text][vc_empty_space][\/vc_column_inner][vc_column_inner width=\u201d1\/6\u2033][\/vc_column_inner][\/vc_row_inner][vc_row_inner el_class=\u201dtext_white\u201d][vc_column_inner width=\u201d1\/6\u2033][\/vc_column_inner][vc_column_inner width=\u201d2\/3\u2033][vc_empty_space height=\u201d12px\u201d][vc_column_text]Per primera vegada, a Plan H hem doblat una hist\u00f2ria enviada per <em>El barco del arroz<\/em>; esperem que a la part del nostre p\u00fablic que no parla amh\u00e0ric li hagi semblat una bona idea (les locucions en els tres idiomes s\u00f3n gentilesa de l\u2019Alfons Claver, gran amic de la casa). De passada, aprofitem per recomanar-te que escoltis aquests sons amb auriculars per no perdre-te\u2019n res.<\/p>\n<p>\u00a0<\/p>\n<p>Novament, l\u2019aura d\u2019atemporalitat que envolta les transmissions del vaixell no ens ho posa f\u00e0cil per a datar-ne el contingut. Per\u00f2 s\u00ed que creiem que aquests retalls de relat personal venen de molt poc abans de l\u2019esclat del conflicte que, en successives onades, porta anys massacrant Eti\u00f2pia sense que el soroll molesti massa la resta del m\u00f3n.<\/p>\n<p>\u00a0<\/p>\n<p>La veu comunica una sensaci\u00f3 d\u2019alleujament i esperan\u00e7a en temps de pau. Tanmateix, escoltada avui, aquesta pl\u00e0cida estampa sona inquietantment aliena a una pres\u00e8ncia subs\u00f2nica que ja en aquell moment amena\u00e7ava sota terra en forma de tensions tant geol\u00f2giques com socials. I, a pilota passada, tampoc no \u00e9s dif\u00edcil relacionar aquesta premonit\u00f2ria ombra sonora amb les vibracions de baixa freq\u00fc\u00e8ncia que, literalment, van obrir ferides al cor de Lalibela.<\/p>\n<p>\u00a0<\/p>\n<p>El novembre del 2023 i davant l\u2019estupor dels fidels, els trons de l\u2019armament pesat van sacsejar un lloc sant que era percebut com una bombolla espiritual pr\u00e0cticament desvinculada del m\u00f3n f\u00edsic. En una nova escena de la ubiqua lluita entre un estat \u00abpacificador\u00bb i guerrilles locals amb el suport d\u2019una bona part de la poblaci\u00f3 de la zona, l\u2019ex\u00e8rcit nacional va descarregar el seu imponent pes al l\u00edmit dels temples d\u2019aquesta Nova Jerusalem excavada a la roca (hi ha qui diu que per \u00e0ngels) fa gaireb\u00e9 1000 anys. Els impactes van propagar ones que van esquerdissar tant el basalt roig com la fe en la invulnerabilitat d\u2019all\u00f2 sagrat.<\/p>\n<p>\u00a0<\/p>\n<p>Ara, a Lalibela es temen que aquesta clivella oberta per la viol\u00e8ncia continu\u00ef creixent fins al punt de l\u2019ensorrament. Ning\u00fa no s\u2019ho esperava; els qui menys, els sacerdots que cada dia recorren els seus estrets passadissos embolcallats en un mantell protector de preg\u00e0ria i lit\u00fargia heretat de temps remots. La contradicci\u00f3 \u00e9s encara m\u00e9s desconcertant si tenim en compte que el l\u00edder del pa\u00eds havia estat pr\u00e8viament ungit amb una distinci\u00f3 tan cobejada com el <a href=\"https:\/\/www.nobelprize.org\/prizes\/peace\/2019\/abiy\/facts\" target=\"_blank\" rel=\"noopener\">premi Nobel de la Pau<\/a>. Tal com conclou el missatge de text transm\u00e8s des del vaixell, la l\u00ednia que separa la calma del desastre pot ser tan fina com una escletxa a la roca.[\/vc_column_text][vc_empty_space height=\u201d42px\u201d][\/vc_column_inner][vc_column_inner width=\u201d1\/6\u2033][\/vc_column_inner][\/vc_row_inner][vc_empty_space height=\u201d42px\u201d][vc_empty_space][vc_row_inner][vc_column_inner el_class=\u201dlang\u201d][vc_column_text]<\/p>\n<p style=\"text-align: center;\"><a href=\"\/elbarcodelarroz\/shortwave-crack\">ENG<\/a> |<a href=\"\/es\/elbarcodelarroz\/onda-corta-grieta\"> ESP <\/a>| CAT<\/p>\n<p>[\/vc_column_text][vc_empty_space height=\u201d30px\u201d][\/vc_column_inner][\/vc_row_inner][\/vc_column][\/vc_row][vc_row overlay_background=\u201d#000000\u2033 el_class=\u201dblack_footer\u201d][vc_column width=\u201d1\/4\u2033 el_class=\u201dfoot\u201d][vc_empty_space height=\u201d24px\u201d el_class=\u201dtext_white\u201d][vc_row_inner el_class=\u201dtext_white\u201d][vc_column_inner width=\u201d1\/2\u2033][vc_column_text]<\/p>\n<p style=\"text-align: center;\">Produ\u00eft per:<\/p>\n<p>[\/vc_column_text][\/vc_column_inner][vc_column_inner width=\u201d1\/2\u2033][vc_single_image image=\u201d3745\u2033 img_size=\u201d268\u00d768\u2033 alignment=\u201dcenter\u201d onclick=\u201dcustom_link\u201d link=\u201d\/ca\u201d][\/vc_column_inner][\/vc_row_inner][vc_empty_space height=\u201d12px\u201d][\/vc_column][vc_column width=\u201d3\/4\u2033 el_class=\u201dtext_white\u201d][vc_empty_space height=\u201d24px\u201d][vc_row_inner][vc_column_inner el_class=\u201descuchalo\u201d width=\u201d1\/6\u2033][\/vc_column_inner][vc_column_inner el_class=\u201dfoot\u201d width=\u201d1\/6\u2033][vc_column_text]<\/p>\n<p style=\"text-align: center;\">Disponible a:<\/p>\n<p>[\/vc_column_text][\/vc_column_inner][vc_column_inner width=\u201d1\/6\u2033][vc_single_image image=\u201d4421\u2033 img_size=\u201d268\u00d768\u2033 alignment=\u201dcenter\u201d onclick=\u201dcustom_link\u201d img_link_target=\u201d_blank\u201d link=\u201dhttps:\/\/podcasts.apple.com\/us\/podcast\/el-barco-del-arroz\/id1650286435\u2033][vc_empty_space height=\u201d10px\u201d][\/vc_column_inner][vc_column_inner width=\u201d1\/6\u2033][vc_single_image image=\u201d4415\u2033 img_size=\u201d268\u00d768\u2033 alignment=\u201dcenter\u201d onclick=\u201dcustom_link\u201d img_link_target=\u201d_blank\u201d link=\u201dhttps:\/\/open.spotify.com\/show\/38orwDKCV717d9Wn1p0YQl\u201d][vc_empty_space height=\u201d10px\u201d][\/vc_column_inner][vc_column_inner width=\u201d1\/6\u2033][vc_single_image image=\u201d5509\u2033 img_size=\u201dmedium\u201d alignment=\u201dcenter\u201d onclick=\u201dcustom_link\u201d img_link_target=\u201d_blank\u201d link=\u201dhttps:\/\/www.spreaker.com\/podcast\/el-barco-del-arroz\u20135168574\u2033][vc_empty_space height=\u201d10px\u201d][\/vc_column_inner][vc_column_inner width=\u201d1\/6\u2033][vc_single_image image=\u201d3741\u2033 img_size=\u201dmedium\u201d alignment=\u201dcenter\u201d onclick=\u201dcustom_link\u201d img_link_target=\u201d_blank\u201d link=\u201dhttps:\/\/www.ivoox.com\/podcast-barco-del-arroz_sq_f11694607_1.html\u201d][vc_empty_space height=\u201d10px\u201d][\/vc_column_inner][\/vc_row_inner][vc_empty_space height=\u201d12px\u201d][\/vc_column][\/vc_row][vc_row el_id=\u201dhide_row\u201d][vc_column][vc_raw_html]JTNDc3R5bGUlM0UlMEElNDBpbXBvcnQlMjB1cmwlMjglMjdodHRwJTNBJTJGJTJGZm9udHMuY2RuZm9udHMuY29tJTJGY3NzJTJGdmVuZXRpYS1tb25pdG9yJTI3JTI5JTNCJTBBJTQwaW1wb3J0JTIwdXJsJTI4JTI3aHR0cCUzQSUyRiUyRmZvbnRzLmNkbmZvbnRzLmNvbSUyRmNzcyUyRmVsZW1lbnQlMjclMjklM0IlMEElM0MlMkZzdHlsZSUzRQ==[\/vc_raw_html][\/vc_column][\/vc_row]<\/p>\n<\/body><\/div>","protected":false},"excerpt":{"rendered":"<p>[vc_row overlay_background=\u201d#0a0a0a\u201d][vc_column][vc_empty_space height=\u201d12px\u201d][vc_row_inner][vc_column_inner el_class=\u201dbreadcrumb\u201d][vc_column_text] El barco del arroz &gt; [Ona curta] Escletxa [\/vc_column_text][\/vc_column_inner][\/vc_row_inner][vc_empty_space height=\u201d12px\u201d][\/vc_column][\/vc_row][vc_row content_full_width=\u201d1\u2033 css=\u201d.vc_custom_1714413765685{background-image: url(https:\/\/www.planhmedia.org\/wp-content\/uploads\/2024\/04\/Lalibela_Banner_Fade.jpg?id=5358) !important;}\u201d el_class=\u201dimage_row\u201d el_id=\u201dbackgr\u201d][vc_column el_class=\u201dtext_white\u201d][vc_empty_space height=\u201d42px\u201d][vc_column_text] [ONA CURTA] \u00a0 \u00a0 ESCLETXA \u00a0 [\/vc_column_text][vc_empty_space height=\u201d177px\u201d el_id=\u201dtitle_space\u201d][\/vc_column][\/vc_row][vc_row content_full_width=\u201d1\u2033 overlay_background=\u201d#000000\u2033][vc_column][vc_empty_space height=\u201d12px\u201d][vc_row_inner el_class=\u201dtext_white\u201d][vc_column_inner width=\u201d1\/6\u2033][\/vc_column_inner][vc_column_inner width=\u201d2\/3\u2033][vc_empty_space height=\u201d12px\u201d][vc_column_text el_class=\u201doldfont\u201d]\u00bb ENVIAT DES D\u2019EL BARCO DEL ARROZ \u00bb \u00bb 12\u00b0 01\u2019 54\u201d N, 39\u00b0 02\u2019 28\u201d E [&hellip;]<\/p>\n","protected":false},"author":1,"featured_media":0,"parent":5060,"menu_order":1,"comment_status":"closed","ping_status":"closed","template":"","meta":{"om_disable_all_campaigns":false,"_monsterinsights_skip_tracking":false,"_monsterinsights_sitenote_active":false,"_monsterinsights_sitenote_note":"","_monsterinsights_sitenote_category":0,"footnotes":""},"class_list":["post-5198","page","type-page","status-publish","hentry"],"jetpack_sharing_enabled":true,"_links":{"self":[{"href":"https:\/\/www.planhmedia.org\/ca\/wp-json\/wp\/v2\/pages\/5198","targetHints":{"allow":["GET"]}}],"collection":[{"href":"https:\/\/www.planhmedia.org\/ca\/wp-json\/wp\/v2\/pages"}],"about":[{"href":"https:\/\/www.planhmedia.org\/ca\/wp-json\/wp\/v2\/types\/page"}],"author":[{"embeddable":true,"href":"https:\/\/www.planhmedia.org\/ca\/wp-json\/wp\/v2\/users\/1"}],"replies":[{"embeddable":true,"href":"https:\/\/www.planhmedia.org\/ca\/wp-json\/wp\/v2\/comments?post=5198"}],"version-history":[{"count":21,"href":"https:\/\/www.planhmedia.org\/ca\/wp-json\/wp\/v2\/pages\/5198\/revisions"}],"predecessor-version":[{"id":5517,"href":"https:\/\/www.planhmedia.org\/ca\/wp-json\/wp\/v2\/pages\/5198\/revisions\/5517"}],"up":[{"embeddable":true,"href":"https:\/\/www.planhmedia.org\/ca\/wp-json\/wp\/v2\/pages\/5060"}],"wp:attachment":[{"href":"https:\/\/www.planhmedia.org\/ca\/wp-json\/wp\/v2\/media?parent=5198"}],"curies":[{"name":"wp","href":"https:\/\/api.w.org\/{rel}","templated":true}]}}