{"id":5076,"date":"2023-04-07T12:42:23","date_gmt":"2023-04-07T12:42:23","guid":{"rendered":"https:\/\/www.planhmedia.org\/?page_id=5076"},"modified":"2024-07-22T11:08:51","modified_gmt":"2024-07-22T11:08:51","slug":"radar-summit-fiction","status":"publish","type":"page","link":"https:\/\/www.planhmedia.org\/ca\/elbarcodelarroz\/radar-summit-fiction\/","title":{"rendered":"[Radar] Cimera-Ficci\u00f3"},"content":{"rendered":"<div class=\"wpb-content-wrapper\"><body><p>[vc_row overlay_background=\u201d#0a0a0a\u201d][vc_column][vc_empty_space height=\u201d12px\u201d][vc_row_inner][vc_column_inner el_class=\u201dbreadcrumb\u201d][vc_column_text]<\/p>\n<p style=\"text-align: left;\"><a href=\"\/ca\/elbarcodelarroz\/\">El barco del arroz \u203a<\/a> [Radar] Cimera-Ficci\u00f3<\/p>\n<p>[\/vc_column_text][\/vc_column_inner][\/vc_row_inner][vc_empty_space height=\u201d12px\u201d][\/vc_column][\/vc_row][vc_row content_full_width=\u201d1\u2033 css=\u201d.vc_custom_1669932960014{background-image: url(https:\/\/www.planhmedia.org\/wp-content\/uploads\/2022\/12\/Banner_Greta.jpg?id=4938) !important;}\u201d el_class=\u201dimage_row\u201d el_id=\u201dbackgr\u201d][vc_column el_class=\u201dtext_white\u201d][vc_empty_space height=\u201d42px\u201d][vc_column_text]<\/p>\n<h1><\/h1>\n<h1><\/h1>\n<h2 style=\"text-align: center;\">[RADAR]<\/h2>\n<p>\u00a0<\/p>\n<h1><\/h1>\n<h1 style=\"text-align: center;\">CIMERA-FICCI\u00d3<\/h1>\n<p>[\/vc_column_text][vc_empty_space height=\u201d130px\u201d el_id=\u201dtitle_space\u201d][\/vc_column][\/vc_row][vc_row content_full_width=\u201d1\u2033 overlay_background=\u201d#000000\u2033][vc_column][vc_empty_space height=\u201d22px\u201d][vc_row_inner el_class=\u201dtext_white\u201d][vc_column_inner width=\u201d1\/6\u2033][\/vc_column_inner][vc_column_inner width=\u201d2\/3\u2033][vc_empty_space height=\u201d12px\u201d][vc_column_text el_class=\u201doldfont\u201d]\u00bb ENVIAT DES D\u2019EL BARCO DEL ARROZ<\/p>\n<p>\u00bb<\/p>\n<p>\u00bb 40\u00b0 42\u2019 14\u201d N, 74\u00b0 00\u2019 57\u201d O<\/p>\n<p>\u00bb<\/p>\n<p>\u00bb En quin m\u00f3n boig cal que una nena comenci a faltar a escola per a mirar l\u2019incendi directament als ulls.<\/p>\n<p>\u00bb<\/p>\n<p>\u00bb Els crits volen agitar els caps que, sobre colls immaculats i corbates cares, giren en direcci\u00f3 a qualsevol altre cant\u00f3.<\/p>\n<p>\u00bb<\/p>\n<p>\u00bb La seva pantomima podria fins i tot resultar absurdament c\u00f2mica si no fos perqu\u00e8 ha matat, mata i matar\u00e0.<\/p>\n<p>\u00bb<\/p>\n<p>\u00bb 8A5T-AR05-666<\/p>\n<p>\u00bb FI DE LA TRANSMISSI\u00d3_[\/vc_column_text][vc_empty_space height=\u201d12px\u201d][\/vc_column_inner][vc_column_inner width=\u201d1\/6\u2033][\/vc_column_inner][\/vc_row_inner][vc_row_inner][vc_column_inner width=\u201d1\/6\u2033][\/vc_column_inner][vc_column_inner width=\u201d2\/3\u2033][vc_empty_space el_id=\u201dplayer\u201d][vc_column_text el_id=\u201drecomendado\u201d]<iframe loading=\"lazy\" src=\"https:\/\/widget.spreaker.com\/player?episode_id=52075827&amp;theme=dark&amp;color=e00000&amp;cover_image_url=https%3A%2F%2Fd3wo5wojvuv7l.cloudfront.net%2Fimages.spreaker.com%2Foriginal%2F7d43a8a1a15031394bc536f7469d69f7.jpg&amp;playlist=false&amp;playlist-continuous=false&amp;chapters-image=false&amp;episode_image_position=left&amp;hide-likes=true&amp;hide-comments=true&amp;hide-sharing=true&amp;hide-logo=true&amp;hide-download=true\" width=\"100%\" height=\"200px\" frameborder=\"0\"><\/iframe>[\/vc_column_text][vc_empty_space][\/vc_column_inner][vc_column_inner width=\u201d1\/6\u2033][\/vc_column_inner][\/vc_row_inner][vc_row_inner el_class=\u201dtext_white\u201d][vc_column_inner width=\u201d1\/6\u2033][\/vc_column_inner][vc_column_inner width=\u201d2\/3\u2033][vc_empty_space height=\u201d12px\u201d][vc_column_text]<em>Summit-Fiction<\/em>, \u00abCimera-Ficci\u00f3\u00bb. Aquest cop, tant el t\u00edtol com les l\u00ednies de f\u00f2sfor verd enviades des d\u2019<em>El barco del arroz<\/em> s\u00f3n molt poc neutrals. I, com queda clar en aquests minuts de r\u00e0bia sonora, no estem parlant de l\u00e0sers lluents i planetes llunyans, sin\u00f3 d\u2019unes flames que ens estan cremant la casa enmig d\u2019una par\u00e0lisi tan c\u00ednica com inacceptable i, en darrer terme, destructora.<\/p>\n<p>\u00a0<\/p>\n<p>La veu principal d\u2019aquesta coral indignada \u00e9s inconfusible. Idolatrada per uns, odiada per altres, el seu missatge i la seva posada en escena van calar fins al punt de mobilitzar seriosament molta m\u00e9s gent de la que ning\u00fa no hauria esperat quan va comen\u00e7ar a fer campana de les classes dels divendres. La bola rodolava, es feia cada cop m\u00e9s gran, els mitjans l\u2019amplificaven, desenes de milers de persones s\u2019hi muntaven; semblava imparable. I, oh calamitat, de cop i volta va xocar contra una paret v\u00edrica que ho va truncar tot.<\/p>\n<p>\u00a0<\/p>\n<p>Aquests sons venen de poc abans de la violenta frenada. I, entre els crits i l\u2019entusiasme, l\u2019o\u00efda fina potser captar\u00e0 matisos misteriosament premonitoris. Ara, aquesta bola sembla que est\u00e0 tornant a arrencar (una mica treballosament) en resposta a noves produccions del pervers g\u00e8nere de la cimera-ficci\u00f3. Els actors s\u00f3n els mateixos; els guions, com en una s\u00e8rie dolenta, no s\u00f3n m\u00e9s que un refregit de temporades passades amb alguns di\u00e0legs lleument maquillats. I, per a vergonya planet\u00e0ria, les mentides contra les quals es clamava en aquesta protesta massiva continuen viatjant amb absolut desvergonyiment tant en el temps com en l\u2019espai. La farsa continua; veurem fins quan.[\/vc_column_text][vc_empty_space height=\u201d42px\u201d][\/vc_column_inner][vc_column_inner width=\u201d1\/6\u2033][\/vc_column_inner][\/vc_row_inner][vc_empty_space height=\u201d42px\u201d][vc_empty_space][vc_row_inner][vc_column_inner el_class=\u201dlang\u201d][vc_column_text]<\/p>\n<p style=\"text-align: center;\"><a href=\"\/elbarcodelarroz\/radar-summit-fiction\">ENG<\/a> |<a href=\"\/es\/elbarcodelarroz\/radar-summit-fiction\"> ESP <\/a>| CAT<\/p>\n<p>[\/vc_column_text][vc_empty_space height=\u201d30px\u201d][\/vc_column_inner][\/vc_row_inner][\/vc_column][\/vc_row][vc_row overlay_background=\u201d#000000\u2033 el_class=\u201dblack_footer\u201d][vc_column width=\u201d1\/4\u2033 el_class=\u201dfoot\u201d][vc_empty_space height=\u201d24px\u201d el_class=\u201dtext_white\u201d][vc_row_inner el_class=\u201dblack_footer\u201d][vc_column_inner el_class=\u201dtext_white\u201d width=\u201d1\/2\u2033][vc_column_text]<\/p>\n<p style=\"text-align: center;\">Produ\u00eft per:<\/p>\n<p>[\/vc_column_text][\/vc_column_inner][vc_column_inner width=\u201d1\/2\u2033][vc_single_image image=\u201d3745\u2033 img_size=\u201d268\u00d768\u2033 alignment=\u201dcenter\u201d onclick=\u201dcustom_link\u201d link=\u201d\/ca\u201d][\/vc_column_inner][\/vc_row_inner][vc_empty_space height=\u201d12px\u201d][\/vc_column][vc_column width=\u201d3\/4\u2033 el_class=\u201dtext_white\u201d][vc_empty_space height=\u201d24px\u201d][vc_row_inner][vc_column_inner el_class=\u201descuchalo\u201d width=\u201d1\/6\u2033][\/vc_column_inner][vc_column_inner el_class=\u201dfoot\u201d width=\u201d1\/6\u2033][vc_column_text]<\/p>\n<p style=\"text-align: center;\">Disponible a:<\/p>\n<p>[\/vc_column_text][\/vc_column_inner][vc_column_inner width=\u201d1\/6\u2033][vc_single_image image=\u201d4421\u2033 img_size=\u201d268\u00d768\u2033 alignment=\u201dcenter\u201d onclick=\u201dcustom_link\u201d img_link_target=\u201d_blank\u201d link=\u201dhttps:\/\/podcasts.apple.com\/us\/podcast\/el-barco-del-arroz\/id1650286435\u2033][vc_empty_space height=\u201d10px\u201d][\/vc_column_inner][vc_column_inner width=\u201d1\/6\u2033][vc_single_image image=\u201d4415\u2033 img_size=\u201d268\u00d768\u2033 alignment=\u201dcenter\u201d onclick=\u201dcustom_link\u201d img_link_target=\u201d_blank\u201d link=\u201dhttps:\/\/open.spotify.com\/show\/38orwDKCV717d9Wn1p0YQl\u201d][vc_empty_space height=\u201d10px\u201d][\/vc_column_inner][vc_column_inner width=\u201d1\/6\u2033][vc_single_image image=\u201d5509\u2033 img_size=\u201dmedium\u201d alignment=\u201dcenter\u201d onclick=\u201dcustom_link\u201d img_link_target=\u201d_blank\u201d link=\u201dhttps:\/\/www.spreaker.com\/podcast\/el-barco-del-arroz\u20135168574\u2033][vc_empty_space height=\u201d10px\u201d][\/vc_column_inner][vc_column_inner width=\u201d1\/6\u2033][vc_single_image image=\u201d3741\u2033 img_size=\u201dmedium\u201d alignment=\u201dcenter\u201d onclick=\u201dcustom_link\u201d img_link_target=\u201d_blank\u201d link=\u201dhttps:\/\/www.ivoox.com\/podcast-barco-del-arroz_sq_f11694607_1.html\u201d][vc_empty_space height=\u201d10px\u201d][\/vc_column_inner][\/vc_row_inner][vc_empty_space height=\u201d12px\u201d][\/vc_column][\/vc_row][vc_row el_id=\u201dhide_row\u201d][vc_column][vc_raw_html]JTNDc3R5bGUlM0UlMEElNDBpbXBvcnQlMjB1cmwlMjglMjdodHRwJTNBJTJGJTJGZm9udHMuY2RuZm9udHMuY29tJTJGY3NzJTJGdmVuZXRpYS1tb25pdG9yJTI3JTI5JTNCJTBBJTQwaW1wb3J0JTIwdXJsJTI4JTI3aHR0cCUzQSUyRiUyRmZvbnRzLmNkbmZvbnRzLmNvbSUyRmNzcyUyRmVsZW1lbnQlMjclMjklM0IlMEElM0MlMkZzdHlsZSUzRQ==[\/vc_raw_html][\/vc_column][\/vc_row]<\/p>\n<\/body><\/div>","protected":false},"excerpt":{"rendered":"<p>[vc_row overlay_background=\u201d#0a0a0a\u201d][vc_column][vc_empty_space height=\u201d12px\u201d][vc_row_inner][vc_column_inner el_class=\u201dbreadcrumb\u201d][vc_column_text] El barco del arroz \u203a [Radar] Cimera-Ficci\u00f3 [\/vc_column_text][\/vc_column_inner][\/vc_row_inner][vc_empty_space height=\u201d12px\u201d][\/vc_column][\/vc_row][vc_row content_full_width=\u201d1\u2033 css=\u201d.vc_custom_1669932960014{background-image: url(https:\/\/www.planhmedia.org\/wp-content\/uploads\/2022\/12\/Banner_Greta.jpg?id=4938) !important;}\u201d el_class=\u201dimage_row\u201d el_id=\u201dbackgr\u201d][vc_column el_class=\u201dtext_white\u201d][vc_empty_space height=\u201d42px\u201d][vc_column_text] [RADAR] \u00a0 CIMERA-FICCI\u00d3 [\/vc_column_text][vc_empty_space height=\u201d130px\u201d el_id=\u201dtitle_space\u201d][\/vc_column][\/vc_row][vc_row content_full_width=\u201d1\u2033 overlay_background=\u201d#000000\u2033][vc_column][vc_empty_space height=\u201d22px\u201d][vc_row_inner el_class=\u201dtext_white\u201d][vc_column_inner width=\u201d1\/6\u2033][\/vc_column_inner][vc_column_inner width=\u201d2\/3\u2033][vc_empty_space height=\u201d12px\u201d][vc_column_text el_class=\u201doldfont\u201d]\u00bb ENVIAT DES D\u2019EL BARCO DEL ARROZ \u00bb \u00bb 40\u00b0 42\u2019 14\u201d N, 74\u00b0 00\u2019 57\u201d O \u00bb \u00bb En quin [&hellip;]<\/p>\n","protected":false},"author":1,"featured_media":0,"parent":5060,"menu_order":1,"comment_status":"closed","ping_status":"closed","template":"","meta":{"om_disable_all_campaigns":false,"_monsterinsights_skip_tracking":false,"_monsterinsights_sitenote_active":false,"_monsterinsights_sitenote_note":"","_monsterinsights_sitenote_category":0,"footnotes":""},"class_list":["post-5076","page","type-page","status-publish","hentry"],"jetpack_sharing_enabled":true,"_links":{"self":[{"href":"https:\/\/www.planhmedia.org\/ca\/wp-json\/wp\/v2\/pages\/5076","targetHints":{"allow":["GET"]}}],"collection":[{"href":"https:\/\/www.planhmedia.org\/ca\/wp-json\/wp\/v2\/pages"}],"about":[{"href":"https:\/\/www.planhmedia.org\/ca\/wp-json\/wp\/v2\/types\/page"}],"author":[{"embeddable":true,"href":"https:\/\/www.planhmedia.org\/ca\/wp-json\/wp\/v2\/users\/1"}],"replies":[{"embeddable":true,"href":"https:\/\/www.planhmedia.org\/ca\/wp-json\/wp\/v2\/comments?post=5076"}],"version-history":[{"count":12,"href":"https:\/\/www.planhmedia.org\/ca\/wp-json\/wp\/v2\/pages\/5076\/revisions"}],"predecessor-version":[{"id":5520,"href":"https:\/\/www.planhmedia.org\/ca\/wp-json\/wp\/v2\/pages\/5076\/revisions\/5520"}],"up":[{"embeddable":true,"href":"https:\/\/www.planhmedia.org\/ca\/wp-json\/wp\/v2\/pages\/5060"}],"wp:attachment":[{"href":"https:\/\/www.planhmedia.org\/ca\/wp-json\/wp\/v2\/media?parent=5076"}],"curies":[{"name":"wp","href":"https:\/\/api.w.org\/{rel}","templated":true}]}}