{"id":5073,"date":"2023-04-07T12:35:53","date_gmt":"2023-04-07T12:35:53","guid":{"rendered":"https:\/\/www.planhmedia.org\/?page_id=5073"},"modified":"2024-07-22T11:15:18","modified_gmt":"2024-07-22T11:15:18","slug":"papallona-contra-el-vent","status":"publish","type":"page","link":"https:\/\/www.planhmedia.org\/ca\/elbarcodelarroz\/papallona-contra-el-vent\/","title":{"rendered":"Papallona contra el vent"},"content":{"rendered":"<div class=\"wpb-content-wrapper\"><body><p>[vc_row overlay_background=\u201d#0a0a0a\u201d][vc_column][vc_empty_space height=\u201d12px\u201d][vc_row_inner][vc_column_inner el_class=\u201dbreadcrumb\u201d][vc_column_text]<\/p>\n<p style=\"text-align: left;\"><a href=\"\/ca\/elbarcodelarroz\/\">El barco del arroz \u203a<\/a> Papallona contra el vent<\/p>\n<p>[\/vc_column_text][\/vc_column_inner][\/vc_row_inner][vc_empty_space height=\u201d12px\u201d][\/vc_column][\/vc_row][vc_row content_full_width=\u201d1\u2033 css=\u201d.vc_custom_1658486662645{background-image: url(https:\/\/www.planhmedia.org\/wp-content\/uploads\/2022\/07\/mariposa_banner_fade.png?id=4692) !important;}\u201d el_class=\u201dimage_row\u201d el_id=\u201dbackgr\u201d][vc_column el_class=\u201dtext_white\u201d][vc_empty_space height=\u201d42px\u201d][vc_column_text]<\/p>\n<h1><\/h1>\n<h1><\/h1>\n<h1 style=\"text-align: center;\">PAPALLONA<br>\nCONTRA EL VENT<\/h1>\n<p>\u00a0<\/p>\n<h4 style=\"text-align: center;\"><\/h4>\n<p>[\/vc_column_text][vc_empty_space height=\u201d130px\u201d el_id=\u201dtitle_space\u201d][\/vc_column][\/vc_row][vc_row content_full_width=\u201d1\u2033 overlay_background=\u201d#000000\u2033][vc_column][vc_empty_space height=\u201d22px\u201d][vc_row_inner el_class=\u201dtext_white\u201d][vc_column_inner width=\u201d1\/6\u2033][\/vc_column_inner][vc_column_inner width=\u201d2\/3\u2033][vc_empty_space height=\u201d12px\u201d][vc_column_text el_class=\u201doldfont\u201d]\u00bb ENVIAT DES D\u2019EL BARCO DEL ARROZ<\/p>\n<p>\u00bb<\/p>\n<p>\u00bb 19\u00b0 35\u2019 32\u201d N, 100\u00b0 15\u2019 49\u201d O<\/p>\n<p>\u00bb<\/p>\n<p>\u00bb A difer\u00e8ncia d\u2019altres casos en el m\u00f3n de la reialesa, aquesta monarca honor\u00edfica \u00e9s estimada i respectada per tots.<\/p>\n<p>\u00bb<\/p>\n<p>\u00bb La seva visita anual es fa esperar, ja que implica un esgotador viatge de tres mesos des de la seva resid\u00e8ncia d\u2019estiu.<\/p>\n<p>\u00bb<\/p>\n<p>\u00bb Per\u00f2 sempre, sempre arriba puntual per coincidir amb el m\u00e0xim homenatge que se\u2019ls ret als morts.<\/p>\n<p>\u00bb<\/p>\n<p>\u00bb 7754-31XK-4737<\/p>\n<p>\u00bb FI DE LA TRANSMISSI\u00d3_[\/vc_column_text][vc_empty_space height=\u201d12px\u201d][\/vc_column_inner][vc_column_inner width=\u201d1\/6\u2033][\/vc_column_inner][\/vc_row_inner][vc_row_inner][vc_column_inner width=\u201d1\/6\u2033][\/vc_column_inner][vc_column_inner width=\u201d2\/3\u2033][vc_empty_space el_id=\u201dplayer\u201d][vc_column_text el_id=\u201drecomendado\u201d]<iframe loading=\"lazy\" src=\"https:\/\/widget.spreaker.com\/player?episode_id=51552583&amp;theme=dark&amp;color=ff8c00&amp;cover_image_url=https%3A%2F%2Fd3wo5wojvuv7l.cloudfront.net%2Fimages.spreaker.com%2Foriginal%2F7d43a8a1a15031394bc536f7469d69f7.jpg&amp;playlist=false&amp;playlist-continuous=false&amp;chapters-image=false&amp;episode_image_position=left&amp;hide-likes=true&amp;hide-comments=true&amp;hide-sharing=true&amp;hide-logo=true&amp;hide-download=true\" width=\"100%\" height=\"200px\" frameborder=\"0\"><\/iframe>[\/vc_column_text][vc_empty_space][\/vc_column_inner][vc_column_inner width=\u201d1\/6\u2033][\/vc_column_inner][\/vc_row_inner][vc_row_inner el_class=\u201dtext_white\u201d][vc_column_inner width=\u201d1\/6\u2033][\/vc_column_inner][vc_column_inner width=\u201d2\/3\u2033][vc_empty_space height=\u201d12px\u201d][vc_column_text]Aquest va ser el primer \u00e0udio de llarga durada que ens va arribar des del vaixell despr\u00e9s dels primers senyals rebuts per ona curta. Es tracta d\u2019un documental sonor (creiem que podem anomenar-lo aix\u00ed) que arrenca amb la incre\u00efble migraci\u00f3 c\u00edclica de la papallona monarca, per\u00f2 vola molt m\u00e9s enll\u00e0. La cultura relacionada amb el fenomen natural, la precarietat de les comunitats que viuen a la zona, la protecci\u00f3 dels boscos, la mem\u00f2ria dels ancestres, la tala clandestina, els problemes que envolten l\u2019activisme mediambiental a M\u00e8xic\u2026 Tot hi \u00e9s present, gravitant a l\u2019entorn de la concentraci\u00f3 d\u2019enormes col\u00f2nies d\u2019insectes que tenyeixen de taronja un territori relativament redu\u00eft despr\u00e9s de rec\u00f3rrer gran part d\u2019Am\u00e8rica del Nord. I no trien una data qualsevol, ja que arriben just en un moment profundament emotiu per a tots els mexicans.<\/p>\n<p>\u00a0<\/p>\n<p>Encara que seguim en la in\u00f2pia total sobre aquesta antena navegant (no volem ni imaginar-nos com va poder arribar a transmetre des de les muntanyes de l\u2019estat de Michoac\u00e1n), amb la hist\u00f2ria de la papallona i de la gent d\u2019<a href=\"https:\/\/es-es.facebook.com\/pages\/category\/Community\/Santuario-de-la-Mariposa-Monarca-el-Rosario-131202373600797\" target=\"_blank\" rel=\"noopener\">El\u00a0Rosario<\/a> ja comencem a intuir m\u00e9s clarament quin tipus de missatges podem esperar-ne: el vaixell vol que escoltem veus i sons del nostre m\u00f3n que ens portin al descobriment i, amb una mica de sort, a la reflexi\u00f3.[\/vc_column_text][vc_empty_space height=\u201d42px\u201d][\/vc_column_inner][vc_column_inner width=\u201d1\/6\u2033][\/vc_column_inner][\/vc_row_inner][vc_empty_space height=\u201d42px\u201d][vc_empty_space][vc_row_inner][vc_column_inner el_class=\u201dlang\u201d][vc_column_text]<\/p>\n<p style=\"text-align: center;\"><a href=\"\/elbarcodelarroz\/butterfly-against-the-wind\">ENG<\/a> |<a href=\"\/es\/elbarcodelarroz\/mariposa-contra-el-viento\"> ESP <\/a>| CAT<\/p>\n<p>[\/vc_column_text][vc_empty_space height=\u201d30px\u201d][\/vc_column_inner][\/vc_row_inner][\/vc_column][\/vc_row][vc_row overlay_background=\u201d#000000\u2033 el_class=\u201dblack_footer\u201d][vc_column width=\u201d1\/4\u2033 el_class=\u201dfoot\u201d][vc_empty_space height=\u201d24px\u201d el_class=\u201dtext_white\u201d][vc_row_inner el_class=\u201dtext_white\u201d][vc_column_inner width=\u201d1\/2\u2033][vc_column_text]<\/p>\n<p style=\"text-align: center;\">Produ\u00eft per:<\/p>\n<p>[\/vc_column_text][\/vc_column_inner][vc_column_inner width=\u201d1\/2\u2033][vc_single_image image=\u201d3745\u2033 img_size=\u201d268\u00d768\u2033 alignment=\u201dcenter\u201d onclick=\u201dcustom_link\u201d link=\u201d\/ca\u201d][\/vc_column_inner][\/vc_row_inner][vc_empty_space height=\u201d12px\u201d][\/vc_column][vc_column width=\u201d3\/4\u2033 el_class=\u201dtext_white\u201d][vc_empty_space height=\u201d24px\u201d][vc_row_inner][vc_column_inner el_class=\u201descuchalo\u201d width=\u201d1\/6\u2033][\/vc_column_inner][vc_column_inner el_class=\u201dfoot\u201d width=\u201d1\/6\u2033][vc_column_text]<\/p>\n<p style=\"text-align: center;\">Disponible a:<\/p>\n<p>[\/vc_column_text][\/vc_column_inner][vc_column_inner width=\u201d1\/6\u2033][vc_single_image image=\u201d4421\u2033 img_size=\u201d268\u00d768\u2033 alignment=\u201dcenter\u201d onclick=\u201dcustom_link\u201d img_link_target=\u201d_blank\u201d link=\u201dhttps:\/\/podcasts.apple.com\/us\/podcast\/el-barco-del-arroz\/id1650286435\u2033][vc_empty_space height=\u201d10px\u201d][\/vc_column_inner][vc_column_inner width=\u201d1\/6\u2033][vc_single_image image=\u201d4415\u2033 img_size=\u201d268\u00d768\u2033 alignment=\u201dcenter\u201d onclick=\u201dcustom_link\u201d img_link_target=\u201d_blank\u201d link=\u201dhttps:\/\/open.spotify.com\/show\/38orwDKCV717d9Wn1p0YQl\u201d][vc_empty_space height=\u201d10px\u201d][\/vc_column_inner][vc_column_inner width=\u201d1\/6\u2033][vc_single_image image=\u201d5509\u2033 img_size=\u201dmedium\u201d alignment=\u201dcenter\u201d onclick=\u201dcustom_link\u201d img_link_target=\u201d_blank\u201d link=\u201dhttps:\/\/www.spreaker.com\/podcast\/el-barco-del-arroz\u20135168574\u2033][vc_empty_space height=\u201d10px\u201d][\/vc_column_inner][vc_column_inner width=\u201d1\/6\u2033][vc_single_image image=\u201d3741\u2033 img_size=\u201dmedium\u201d alignment=\u201dcenter\u201d onclick=\u201dcustom_link\u201d img_link_target=\u201d_blank\u201d link=\u201dhttps:\/\/www.ivoox.com\/podcast-barco-del-arroz_sq_f11694607_1.html\u201d][vc_empty_space height=\u201d10px\u201d][\/vc_column_inner][\/vc_row_inner][vc_empty_space height=\u201d12px\u201d][\/vc_column][\/vc_row][vc_row el_id=\u201dhide_row\u201d][vc_column][vc_raw_html]JTNDc3R5bGUlM0UlMEElNDBpbXBvcnQlMjB1cmwlMjglMjdodHRwJTNBJTJGJTJGZm9udHMuY2RuZm9udHMuY29tJTJGY3NzJTJGdmVuZXRpYS1tb25pdG9yJTI3JTI5JTNCJTBBJTQwaW1wb3J0JTIwdXJsJTI4JTI3aHR0cCUzQSUyRiUyRmZvbnRzLmNkbmZvbnRzLmNvbSUyRmNzcyUyRmVsZW1lbnQlMjclMjklM0IlMEElM0MlMkZzdHlsZSUzRQ==[\/vc_raw_html][\/vc_column][\/vc_row]<\/p>\n<\/body><\/div>","protected":false},"excerpt":{"rendered":"<p>[vc_row overlay_background=\u201d#0a0a0a\u201d][vc_column][vc_empty_space height=\u201d12px\u201d][vc_row_inner][vc_column_inner el_class=\u201dbreadcrumb\u201d][vc_column_text] El barco del arroz \u203a Papallona contra el vent [\/vc_column_text][\/vc_column_inner][\/vc_row_inner][vc_empty_space height=\u201d12px\u201d][\/vc_column][\/vc_row][vc_row content_full_width=\u201d1\u2033 css=\u201d.vc_custom_1658486662645{background-image: url(https:\/\/www.planhmedia.org\/wp-content\/uploads\/2022\/07\/mariposa_banner_fade.png?id=4692) !important;}\u201d el_class=\u201dimage_row\u201d el_id=\u201dbackgr\u201d][vc_column el_class=\u201dtext_white\u201d][vc_empty_space height=\u201d42px\u201d][vc_column_text] PAPALLONA CONTRA EL VENT \u00a0 [\/vc_column_text][vc_empty_space height=\u201d130px\u201d el_id=\u201dtitle_space\u201d][\/vc_column][\/vc_row][vc_row content_full_width=\u201d1\u2033 overlay_background=\u201d#000000\u2033][vc_column][vc_empty_space height=\u201d22px\u201d][vc_row_inner el_class=\u201dtext_white\u201d][vc_column_inner width=\u201d1\/6\u2033][\/vc_column_inner][vc_column_inner width=\u201d2\/3\u2033][vc_empty_space height=\u201d12px\u201d][vc_column_text el_class=\u201doldfont\u201d]\u00bb ENVIAT DES D\u2019EL BARCO DEL ARROZ \u00bb \u00bb 19\u00b0 35\u2019 32\u201d N, 100\u00b0 15\u2019 49\u201d O [&hellip;]<\/p>\n","protected":false},"author":1,"featured_media":0,"parent":5060,"menu_order":1,"comment_status":"closed","ping_status":"closed","template":"","meta":{"om_disable_all_campaigns":false,"_monsterinsights_skip_tracking":false,"_monsterinsights_sitenote_active":false,"_monsterinsights_sitenote_note":"","_monsterinsights_sitenote_category":0,"footnotes":""},"class_list":["post-5073","page","type-page","status-publish","hentry"],"jetpack_sharing_enabled":true,"_links":{"self":[{"href":"https:\/\/www.planhmedia.org\/ca\/wp-json\/wp\/v2\/pages\/5073","targetHints":{"allow":["GET"]}}],"collection":[{"href":"https:\/\/www.planhmedia.org\/ca\/wp-json\/wp\/v2\/pages"}],"about":[{"href":"https:\/\/www.planhmedia.org\/ca\/wp-json\/wp\/v2\/types\/page"}],"author":[{"embeddable":true,"href":"https:\/\/www.planhmedia.org\/ca\/wp-json\/wp\/v2\/users\/1"}],"replies":[{"embeddable":true,"href":"https:\/\/www.planhmedia.org\/ca\/wp-json\/wp\/v2\/comments?post=5073"}],"version-history":[{"count":5,"href":"https:\/\/www.planhmedia.org\/ca\/wp-json\/wp\/v2\/pages\/5073\/revisions"}],"predecessor-version":[{"id":5529,"href":"https:\/\/www.planhmedia.org\/ca\/wp-json\/wp\/v2\/pages\/5073\/revisions\/5529"}],"up":[{"embeddable":true,"href":"https:\/\/www.planhmedia.org\/ca\/wp-json\/wp\/v2\/pages\/5060"}],"wp:attachment":[{"href":"https:\/\/www.planhmedia.org\/ca\/wp-json\/wp\/v2\/media?parent=5073"}],"curies":[{"name":"wp","href":"https:\/\/api.w.org\/{rel}","templated":true}]}}