{"id":5070,"date":"2023-04-07T12:29:04","date_gmt":"2023-04-07T12:29:04","guid":{"rendered":"https:\/\/www.planhmedia.org\/?page_id=5070"},"modified":"2024-07-22T11:13:20","modified_gmt":"2024-07-22T11:13:20","slug":"radar-tromba","status":"publish","type":"page","link":"https:\/\/www.planhmedia.org\/ca\/elbarcodelarroz\/radar-tromba\/","title":{"rendered":"[Radar] Tromba"},"content":{"rendered":"<div class=\"wpb-content-wrapper\"><body><p>[vc_row overlay_background=\u201d#0a0a0a\u201d][vc_column][vc_empty_space height=\u201d12px\u201d][vc_row_inner][vc_column_inner el_class=\u201dbreadcrumb\u201d][vc_column_text]<\/p>\n<p style=\"text-align: left;\"><a href=\"\/ca\/elbarcodelarroz\/\">El barco del arroz \u203a<\/a> [Radar] Tromba<\/p>\n<p>[\/vc_column_text][\/vc_column_inner][\/vc_row_inner][vc_empty_space height=\u201d12px\u201d][\/vc_column][\/vc_row][vc_row content_full_width=\u201d1\u2033 css=\u201d.vc_custom_1668437420051{background-image: url(https:\/\/www.planhmedia.org\/wp-content\/uploads\/2022\/11\/Banner_Tromba-2.jpg?id=4905) !important;}\u201d el_class=\u201dimage_row\u201d el_id=\u201dbackgr\u201d][vc_column el_class=\u201dtext_white\u201d][vc_empty_space height=\u201d42px\u201d][vc_column_text]<\/p>\n<h1><\/h1>\n<h1><\/h1>\n<h2 style=\"text-align: center;\">[RADAR]<\/h2>\n<p>\u00a0<\/p>\n<h1><\/h1>\n<h1 style=\"text-align: center;\">TROMBA<\/h1>\n<p>[\/vc_column_text][vc_empty_space height=\u201d130px\u201d el_id=\u201dtitle_space\u201d][\/vc_column][\/vc_row][vc_row content_full_width=\u201d1\u2033 overlay_background=\u201d#000000\u2033][vc_column][vc_empty_space height=\u201d22px\u201d][vc_row_inner el_class=\u201dtext_white\u201d][vc_column_inner width=\u201d1\/6\u2033][\/vc_column_inner][vc_column_inner width=\u201d2\/3\u2033][vc_empty_space height=\u201d12px\u201d][vc_column_text el_class=\u201doldfont\u201d]\u00bb ENVIAT DES D\u2019EL BARCO DEL ARROZ<\/p>\n<p>\u00bb<\/p>\n<p>\u00bb 15\u00b0 42\u2019 11\u201d S, 46\u00b0 19\u2019 42\u201d E<\/p>\n<p>\u00bb<\/p>\n<p>\u00bb \u00c9s una petita construcci\u00f3 rectangular de ma\u00f3 i canya plena de gent asseguda al terra.<\/p>\n<p>\u00bb<\/p>\n<p>\u00bb Crits, suor, picar de mans i una humitat sufocant acompanyen la cantarella d\u2019un acordi\u00f3 ext\u00e0tic i el galop desenfrenat dels tambors.<\/p>\n<p>\u00bb<\/p>\n<p>\u00bb Guardians amb espases curtes, robes vermelles i esquitxos de tint blanc a la cara escorten la baixada dels posse\u00efdors.<\/p>\n<p>\u00bb<\/p>\n<p>\u00bb La cerim\u00f2nia durar\u00e0 el que hagi de durar. Per als participants, les decisions no pertanyen a \u00e9ssers d\u2019aquest m\u00f3n.<\/p>\n<p>\u00bb<\/p>\n<p>\u00bb 8372-YB99-2637<\/p>\n<p>\u00bb FI DE LA TRANSMISSI\u00d3_[\/vc_column_text][vc_empty_space height=\u201d12px\u201d][\/vc_column_inner][vc_column_inner width=\u201d1\/6\u2033][\/vc_column_inner][\/vc_row_inner][vc_row_inner][vc_column_inner width=\u201d1\/6\u2033][\/vc_column_inner][vc_column_inner width=\u201d2\/3\u2033][vc_empty_space el_id=\u201dplayer\u201d][vc_column_text el_id=\u201drecomendado\u201d]<iframe loading=\"lazy\" src=\"https:\/\/widget.spreaker.com\/player?episode_id=51552684&amp;theme=dark&amp;color=e00000&amp;cover_image_url=https%3A%2F%2Fd3wo5wojvuv7l.cloudfront.net%2Fimages.spreaker.com%2Foriginal%2F7d43a8a1a15031394bc536f7469d69f7.jpg&amp;playlist=false&amp;playlist-continuous=false&amp;chapters-image=false&amp;episode_image_position=left&amp;hide-likes=true&amp;hide-comments=true&amp;hide-sharing=true&amp;hide-logo=true&amp;hide-download=true\" width=\"100%\" height=\"200px\" frameborder=\"0\"><\/iframe>[\/vc_column_text][vc_empty_space][\/vc_column_inner][vc_column_inner width=\u201d1\/6\u2033][\/vc_column_inner][\/vc_row_inner][vc_row_inner el_class=\u201dtext_white\u201d][vc_column_inner width=\u201d1\/6\u2033][\/vc_column_inner][vc_column_inner width=\u201d2\/3\u2033][vc_empty_space height=\u201d12px\u201d][vc_column_text]Aquesta intensa escena \u00e9s molt dif\u00edcil de situar en el temps: pel so, tant podria haver succe\u00eft la setmana passada com fa cent anys. En canvi, les coordenades indicades des del vaixell s\u00ed que revelen el lloc. Som als encontorns de la ciutat de Mahajanga, al nord-oest de Madagascar, i aquesta localitzaci\u00f3 deixa ben clar qu\u00e8 \u00e9s el que est\u00e0 passant aqu\u00ed.<\/p>\n<p>\u00a0<\/p>\n<p>\u00c9s una cerim\u00f2nia lligada al culte <em>tromba<\/em>.<\/p>\n<p>\u00a0<\/p>\n<p>La m\u00fasica que omple aquesta transmissi\u00f3 entra de cap en les tradicions de l\u2019acompanyament del tr\u00e0nsit. Les reaccions tamb\u00e9 corresponen al marc dels ritus de possessi\u00f3, i no \u00e9s dif\u00edcil imaginar que les escalades de l\u2019enrenou general puntuen els moments en qu\u00e8 els assistents interpreten que una entitat espiritual s\u2019apodera temporalment del cos f\u00edsic d\u2019un d\u2019ells. En aquest escenari, els \u00abguardians\u00bb (no <a href=\"https:\/\/www.planhmedia.org\/es\/guardianes-de-la-memoria\/\" target=\"_blank\" rel=\"noopener\">de la mem\u00f2ria<\/a> en aquest cas) vetllen pel bon funcionament de la cerim\u00f2nia prove\u00efts amb armes blanques i un abillament simb\u00f2lic que els caracteritza com a figures d\u2019autoritat a mig cam\u00ed entre les dues esferes, la mundana i la sobrenatural.[\/vc_column_text][vc_empty_space height=\u201d42px\u201d][\/vc_column_inner][vc_column_inner width=\u201d1\/6\u2033][\/vc_column_inner][\/vc_row_inner][vc_empty_space height=\u201d42px\u201d][vc_empty_space][vc_row_inner][vc_column_inner el_class=\u201dlang\u201d][vc_column_text]<\/p>\n<p style=\"text-align: center;\"><a href=\"\/elbarcodelarroz\/radar-tromba\">ENG<\/a> |<a href=\"\/es\/elbarcodelarroz\/radar-tromba\"> ESP <\/a>| CAT<\/p>\n<p>[\/vc_column_text][vc_empty_space height=\u201d30px\u201d][\/vc_column_inner][\/vc_row_inner][\/vc_column][\/vc_row][vc_row overlay_background=\u201d#000000\u2033 el_class=\u201dblack_footer\u201d][vc_column width=\u201d1\/4\u2033 el_class=\u201dfoot\u201d][vc_empty_space height=\u201d24px\u201d el_class=\u201dtext_white\u201d][vc_row_inner el_class=\u201dblack_footer\u201d][vc_column_inner el_class=\u201dtext_white\u201d width=\u201d1\/2\u2033][vc_column_text]<\/p>\n<p style=\"text-align: center;\">Produ\u00eft per:<\/p>\n<p>[\/vc_column_text][\/vc_column_inner][vc_column_inner width=\u201d1\/2\u2033][vc_single_image image=\u201d3745\u2033 img_size=\u201d268\u00d768\u2033 alignment=\u201dcenter\u201d onclick=\u201dcustom_link\u201d link=\u201d\/ca\u201d][\/vc_column_inner][\/vc_row_inner][vc_empty_space height=\u201d12px\u201d][\/vc_column][vc_column width=\u201d3\/4\u2033 el_class=\u201dtext_white\u201d][vc_empty_space height=\u201d24px\u201d][vc_row_inner][vc_column_inner el_class=\u201descuchalo\u201d width=\u201d1\/6\u2033][\/vc_column_inner][vc_column_inner el_class=\u201dfoot\u201d width=\u201d1\/6\u2033][vc_column_text]<\/p>\n<p style=\"text-align: center;\">Disponible a:<\/p>\n<p>[\/vc_column_text][\/vc_column_inner][vc_column_inner width=\u201d1\/6\u2033][vc_single_image image=\u201d4421\u2033 img_size=\u201d268\u00d768\u2033 alignment=\u201dcenter\u201d onclick=\u201dcustom_link\u201d img_link_target=\u201d_blank\u201d link=\u201dhttps:\/\/podcasts.apple.com\/us\/podcast\/el-barco-del-arroz\/id1650286435\u2033][vc_empty_space height=\u201d10px\u201d][\/vc_column_inner][vc_column_inner width=\u201d1\/6\u2033][vc_single_image image=\u201d4415\u2033 img_size=\u201d268\u00d768\u2033 alignment=\u201dcenter\u201d onclick=\u201dcustom_link\u201d img_link_target=\u201d_blank\u201d link=\u201dhttps:\/\/open.spotify.com\/show\/38orwDKCV717d9Wn1p0YQl\u201d][vc_empty_space height=\u201d10px\u201d][\/vc_column_inner][vc_column_inner width=\u201d1\/6\u2033][vc_single_image image=\u201d5509\u2033 img_size=\u201dmedium\u201d alignment=\u201dcenter\u201d onclick=\u201dcustom_link\u201d img_link_target=\u201d_blank\u201d link=\u201dhttps:\/\/www.spreaker.com\/podcast\/el-barco-del-arroz\u20135168574\u2033][vc_empty_space height=\u201d10px\u201d][\/vc_column_inner][vc_column_inner width=\u201d1\/6\u2033][vc_single_image image=\u201d3741\u2033 img_size=\u201dmedium\u201d alignment=\u201dcenter\u201d onclick=\u201dcustom_link\u201d img_link_target=\u201d_blank\u201d link=\u201dhttps:\/\/www.ivoox.com\/podcast-barco-del-arroz_sq_f11694607_1.html\u201d][vc_empty_space height=\u201d10px\u201d][\/vc_column_inner][\/vc_row_inner][vc_empty_space height=\u201d12px\u201d][\/vc_column][\/vc_row][vc_row el_id=\u201dhide_row\u201d][vc_column][vc_raw_html]JTNDc3R5bGUlM0UlMEElNDBpbXBvcnQlMjB1cmwlMjglMjdodHRwJTNBJTJGJTJGZm9udHMuY2RuZm9udHMuY29tJTJGY3NzJTJGdmVuZXRpYS1tb25pdG9yJTI3JTI5JTNCJTBBJTQwaW1wb3J0JTIwdXJsJTI4JTI3aHR0cCUzQSUyRiUyRmZvbnRzLmNkbmZvbnRzLmNvbSUyRmNzcyUyRmVsZW1lbnQlMjclMjklM0IlMEElM0MlMkZzdHlsZSUzRQ==[\/vc_raw_html][\/vc_column][\/vc_row]<\/p>\n<\/body><\/div>","protected":false},"excerpt":{"rendered":"<p>[vc_row overlay_background=\u201d#0a0a0a\u201d][vc_column][vc_empty_space height=\u201d12px\u201d][vc_row_inner][vc_column_inner el_class=\u201dbreadcrumb\u201d][vc_column_text] El barco del arroz \u203a [Radar] Tromba [\/vc_column_text][\/vc_column_inner][\/vc_row_inner][vc_empty_space height=\u201d12px\u201d][\/vc_column][\/vc_row][vc_row content_full_width=\u201d1\u2033 css=\u201d.vc_custom_1668437420051{background-image: url(https:\/\/www.planhmedia.org\/wp-content\/uploads\/2022\/11\/Banner_Tromba-2.jpg?id=4905) !important;}\u201d el_class=\u201dimage_row\u201d el_id=\u201dbackgr\u201d][vc_column el_class=\u201dtext_white\u201d][vc_empty_space height=\u201d42px\u201d][vc_column_text] [RADAR] \u00a0 TROMBA [\/vc_column_text][vc_empty_space height=\u201d130px\u201d el_id=\u201dtitle_space\u201d][\/vc_column][\/vc_row][vc_row content_full_width=\u201d1\u2033 overlay_background=\u201d#000000\u2033][vc_column][vc_empty_space height=\u201d22px\u201d][vc_row_inner el_class=\u201dtext_white\u201d][vc_column_inner width=\u201d1\/6\u2033][\/vc_column_inner][vc_column_inner width=\u201d2\/3\u2033][vc_empty_space height=\u201d12px\u201d][vc_column_text el_class=\u201doldfont\u201d]\u00bb ENVIAT DES D\u2019EL BARCO DEL ARROZ \u00bb \u00bb 15\u00b0 42\u2019 11\u201d S, 46\u00b0 19\u2019 42\u201d E \u00bb \u00bb \u00c9s una [&hellip;]<\/p>\n","protected":false},"author":1,"featured_media":0,"parent":5060,"menu_order":1,"comment_status":"closed","ping_status":"closed","template":"","meta":{"om_disable_all_campaigns":false,"_monsterinsights_skip_tracking":false,"_monsterinsights_sitenote_active":false,"_monsterinsights_sitenote_note":"","_monsterinsights_sitenote_category":0,"footnotes":""},"class_list":["post-5070","page","type-page","status-publish","hentry"],"jetpack_sharing_enabled":true,"_links":{"self":[{"href":"https:\/\/www.planhmedia.org\/ca\/wp-json\/wp\/v2\/pages\/5070","targetHints":{"allow":["GET"]}}],"collection":[{"href":"https:\/\/www.planhmedia.org\/ca\/wp-json\/wp\/v2\/pages"}],"about":[{"href":"https:\/\/www.planhmedia.org\/ca\/wp-json\/wp\/v2\/types\/page"}],"author":[{"embeddable":true,"href":"https:\/\/www.planhmedia.org\/ca\/wp-json\/wp\/v2\/users\/1"}],"replies":[{"embeddable":true,"href":"https:\/\/www.planhmedia.org\/ca\/wp-json\/wp\/v2\/comments?post=5070"}],"version-history":[{"count":6,"href":"https:\/\/www.planhmedia.org\/ca\/wp-json\/wp\/v2\/pages\/5070\/revisions"}],"predecessor-version":[{"id":5526,"href":"https:\/\/www.planhmedia.org\/ca\/wp-json\/wp\/v2\/pages\/5070\/revisions\/5526"}],"up":[{"embeddable":true,"href":"https:\/\/www.planhmedia.org\/ca\/wp-json\/wp\/v2\/pages\/5060"}],"wp:attachment":[{"href":"https:\/\/www.planhmedia.org\/ca\/wp-json\/wp\/v2\/media?parent=5070"}],"curies":[{"name":"wp","href":"https:\/\/api.w.org\/{rel}","templated":true}]}}