{"id":5065,"date":"2023-04-07T12:18:51","date_gmt":"2023-04-07T12:18:51","guid":{"rendered":"https:\/\/www.planhmedia.org\/?page_id=5065"},"modified":"2024-07-22T11:11:19","modified_gmt":"2024-07-22T11:11:19","slug":"ona-curta-leon","status":"publish","type":"page","link":"https:\/\/www.planhmedia.org\/ca\/elbarcodelarroz\/ona-curta-leon\/","title":{"rendered":"[Ona curta] Le\u00f3n"},"content":{"rendered":"<div class=\"wpb-content-wrapper\"><body><p>[vc_row overlay_background=\u201d#0a0a0a\u201d][vc_column][vc_empty_space height=\u201d12px\u201d][vc_row_inner][vc_column_inner el_class=\u201dbreadcrumb\u201d][vc_column_text]<\/p>\n<p style=\"text-align: left;\"><a href=\"\/ca\/elbarcodelarroz\/\">El barco del arroz &gt;<\/a> [Ona curta] Le\u00f3n<\/p>\n<p>[\/vc_column_text][\/vc_column_inner][\/vc_row_inner][vc_empty_space height=\u201d12px\u201d][\/vc_column][\/vc_row][vc_row content_full_width=\u201d1\u2033 css=\u201d.vc_custom_1665064645459{background-image: url(https:\/\/www.planhmedia.org\/wp-content\/uploads\/2022\/10\/Banner_Leo\u0301n_degradado-3.jpg?id=4756) !important;}\u201d el_class=\u201dimage_row\u201d el_id=\u201dbackgr\u201d][vc_column el_class=\u201dtext_white\u201d][vc_empty_space height=\u201d42px\u201d][vc_column_text]<\/p>\n<h1><\/h1>\n<h1><\/h1>\n<h2 style=\"text-align: center;\">[ONA CURTA]<\/h2>\n<p>\u00a0<\/p>\n<h1><\/h1>\n<h1 style=\"text-align: center;\">LE\u00d3N<\/h1>\n<p>\u00a0<\/p>\n<h4 style=\"text-align: center;\"><\/h4>\n<p>[\/vc_column_text][vc_empty_space height=\u201d130px\u201d el_id=\u201dtitle_space\u201d][\/vc_column][\/vc_row][vc_row content_full_width=\u201d1\u2033 overlay_background=\u201d#000000\u2033][vc_column][vc_empty_space height=\u201d22px\u201d][vc_row_inner el_class=\u201dtext_white\u201d][vc_column_inner width=\u201d1\/6\u2033][\/vc_column_inner][vc_column_inner width=\u201d2\/3\u2033][vc_empty_space height=\u201d12px\u201d][vc_column_text el_class=\u201doldfont\u201d]\u00bb ENVIAT DES D\u2019EL BARCO DEL ARROZ<\/p>\n<p>\u00bb<\/p>\n<p>\u00bb 52\u00b0 41\u2019 37\u201d N, 22\u00b0 2\u2019 2\u201d E<\/p>\n<p>\u00bb<\/p>\n<p>\u00bb En un tren que va de dret a l\u2019horror, un nen es nega a seguir les vies marcades.<\/p>\n<p>\u00bb<\/p>\n<p>\u00bb Molts anys despr\u00e9s, parlar\u00e0 pausadament d\u2019experi\u00e8ncies que gelen els ossos.<\/p>\n<p>\u00bb<\/p>\n<p>\u00bb De vegades, la serenitat d\u2019un supervivent pot arribar a estremir.<\/p>\n<p>\u00bb<\/p>\n<p>\u00bb RT39-1Z47-0486<\/p>\n<p>\u00bb FI DE LA TRANSMISSI\u00d3_[\/vc_column_text][vc_empty_space height=\u201d12px\u201d][\/vc_column_inner][vc_column_inner width=\u201d1\/6\u2033][\/vc_column_inner][\/vc_row_inner][vc_row_inner][vc_column_inner width=\u201d1\/6\u2033][\/vc_column_inner][vc_column_inner width=\u201d2\/3\u2033][vc_empty_space el_id=\u201dplayer\u201d][vc_column_text el_id=\u201drecomendado\u201d]<iframe loading=\"lazy\" src=\"https:\/\/widget.spreaker.com\/player?episode_id=51552752&amp;theme=dark&amp;color=727575&amp;cover_image_url=https%3A%2F%2Fd3wo5wojvuv7l.cloudfront.net%2Fimages.spreaker.com%2Foriginal%2F7d43a8a1a15031394bc536f7469d69f7.jpg&amp;playlist=false&amp;playlist-continuous=false&amp;chapters-image=false&amp;episode_image_position=left&amp;hide-likes=true&amp;hide-comments=true&amp;hide-sharing=true&amp;hide-logo=true&amp;hide-download=true\" width=\"100%\" height=\"200px\" frameborder=\"0\"><\/iframe>[\/vc_column_text][vc_empty_space][\/vc_column_inner][vc_column_inner width=\u201d1\/6\u2033][\/vc_column_inner][\/vc_row_inner][vc_row_inner el_class=\u201dtext_white\u201d][vc_column_inner width=\u201d1\/6\u2033][\/vc_column_inner][vc_column_inner width=\u201d2\/3\u2033][vc_empty_space height=\u201d12px\u201d][vc_column_text]No tenim ni idea de com la veu de Le\u00f3n Poplawski va arribar a <em>El barco del arroz<\/em>. Per\u00f2, com ell mateix diria, \u00abaix\u00ed era\u00bb. I escoltar la seva hist\u00f2ria explicada amb aquest nivell de proximitat \u00e9s un privilegi impagable.<\/p>\n<p>\u00a0<\/p>\n<p>El relat d\u2019en Le\u00f3n recorda altres testimonis tristament similars que podem haver conegut en altres llocs. Per\u00f2 la seva manera de comunicar-lo el fa \u00fanic: encara que el context no ens queda clar, en les expressions d\u2019en Le\u00f3n s\u2019hi intueixen una confian\u00e7a i una intimitat que afegeixen una capa extra d\u2019humanitat a uns fets esgarrifosos. Al capdavall, no es tracta tant de qui va fer qu\u00e8 com de la capacitat per a invocar un coratge que mai no haur\u00edem imaginat tenir.[\/vc_column_text][vc_empty_space height=\u201d42px\u201d][\/vc_column_inner][vc_column_inner width=\u201d1\/6\u2033][\/vc_column_inner][\/vc_row_inner][vc_empty_space height=\u201d42px\u201d][vc_empty_space][vc_row_inner][vc_column_inner el_class=\u201dlang\u201d][vc_column_text]<\/p>\n<p style=\"text-align: center;\"><a href=\"\/elbarcodelarroz\/shortwave-leon\">ENG<\/a> |<a href=\"\/es\/elbarcodelarroz\/onda-corta-leon\"> ESP <\/a>| CAT<\/p>\n<p>[\/vc_column_text][vc_empty_space height=\u201d30px\u201d][\/vc_column_inner][\/vc_row_inner][\/vc_column][\/vc_row][vc_row overlay_background=\u201d#000000\u2033 el_class=\u201dblack_footer\u201d][vc_column width=\u201d1\/4\u2033 el_class=\u201dfoot\u201d][vc_empty_space height=\u201d24px\u201d el_class=\u201dtext_white\u201d][vc_row_inner el_class=\u201dtext_white\u201d][vc_column_inner width=\u201d1\/2\u2033][vc_column_text]<\/p>\n<p style=\"text-align: center;\">Produ\u00eft per:<\/p>\n<p>[\/vc_column_text][\/vc_column_inner][vc_column_inner width=\u201d1\/2\u2033][vc_single_image image=\u201d3745\u2033 img_size=\u201d268\u00d768\u2033 alignment=\u201dcenter\u201d onclick=\u201dcustom_link\u201d link=\u201d\/ca\u201d][\/vc_column_inner][\/vc_row_inner][vc_empty_space height=\u201d12px\u201d][\/vc_column][vc_column width=\u201d3\/4\u2033 el_class=\u201dtext_white\u201d][vc_empty_space height=\u201d24px\u201d][vc_row_inner][vc_column_inner el_class=\u201descuchalo\u201d width=\u201d1\/6\u2033][\/vc_column_inner][vc_column_inner el_class=\u201dfoot\u201d width=\u201d1\/6\u2033][vc_column_text]<\/p>\n<p style=\"text-align: center;\">Disponible a:<\/p>\n<p>[\/vc_column_text][\/vc_column_inner][vc_column_inner width=\u201d1\/6\u2033][vc_single_image image=\u201d4421\u2033 img_size=\u201d268\u00d768\u2033 alignment=\u201dcenter\u201d onclick=\u201dcustom_link\u201d img_link_target=\u201d_blank\u201d link=\u201dhttps:\/\/podcasts.apple.com\/us\/podcast\/el-barco-del-arroz\/id1650286435\u2033][vc_empty_space height=\u201d10px\u201d][\/vc_column_inner][vc_column_inner width=\u201d1\/6\u2033][vc_single_image image=\u201d4415\u2033 img_size=\u201d268\u00d768\u2033 alignment=\u201dcenter\u201d onclick=\u201dcustom_link\u201d img_link_target=\u201d_blank\u201d link=\u201dhttps:\/\/open.spotify.com\/show\/38orwDKCV717d9Wn1p0YQl\u201d][vc_empty_space height=\u201d10px\u201d][\/vc_column_inner][vc_column_inner width=\u201d1\/6\u2033][vc_single_image image=\u201d5509\u2033 img_size=\u201dmedium\u201d alignment=\u201dcenter\u201d onclick=\u201dcustom_link\u201d img_link_target=\u201d_blank\u201d link=\u201dhttps:\/\/www.spreaker.com\/podcast\/el-barco-del-arroz\u20135168574\u2033][vc_empty_space height=\u201d10px\u201d][\/vc_column_inner][vc_column_inner width=\u201d1\/6\u2033][vc_single_image image=\u201d3741\u2033 img_size=\u201dmedium\u201d alignment=\u201dcenter\u201d onclick=\u201dcustom_link\u201d img_link_target=\u201d_blank\u201d link=\u201dhttps:\/\/www.ivoox.com\/podcast-barco-del-arroz_sq_f11694607_1.html\u201d][vc_empty_space height=\u201d10px\u201d][\/vc_column_inner][\/vc_row_inner][vc_empty_space height=\u201d12px\u201d][\/vc_column][\/vc_row][vc_row el_id=\u201dhide_row\u201d][vc_column][vc_raw_html]JTNDc3R5bGUlM0UlMEElNDBpbXBvcnQlMjB1cmwlMjglMjdodHRwJTNBJTJGJTJGZm9udHMuY2RuZm9udHMuY29tJTJGY3NzJTJGdmVuZXRpYS1tb25pdG9yJTI3JTI5JTNCJTBBJTQwaW1wb3J0JTIwdXJsJTI4JTI3aHR0cCUzQSUyRiUyRmZvbnRzLmNkbmZvbnRzLmNvbSUyRmNzcyUyRmVsZW1lbnQlMjclMjklM0IlMEElM0MlMkZzdHlsZSUzRQ==[\/vc_raw_html][\/vc_column][\/vc_row]<\/p>\n<\/body><\/div>","protected":false},"excerpt":{"rendered":"<p>[vc_row overlay_background=\u201d#0a0a0a\u201d][vc_column][vc_empty_space height=\u201d12px\u201d][vc_row_inner][vc_column_inner el_class=\u201dbreadcrumb\u201d][vc_column_text] El barco del arroz &gt; [Ona curta] Le\u00f3n [\/vc_column_text][\/vc_column_inner][\/vc_row_inner][vc_empty_space height=\u201d12px\u201d][\/vc_column][\/vc_row][vc_row content_full_width=\u201d1\u2033 css=\u201d.vc_custom_1665064645459{background-image: url(https:\/\/www.planhmedia.org\/wp-content\/uploads\/2022\/10\/Banner_Leo\u0301n_degradado-3.jpg?id=4756) !important;}\u201d el_class=\u201dimage_row\u201d el_id=\u201dbackgr\u201d][vc_column el_class=\u201dtext_white\u201d][vc_empty_space height=\u201d42px\u201d][vc_column_text] [ONA CURTA] \u00a0 LE\u00d3N \u00a0 [\/vc_column_text][vc_empty_space height=\u201d130px\u201d el_id=\u201dtitle_space\u201d][\/vc_column][\/vc_row][vc_row content_full_width=\u201d1\u2033 overlay_background=\u201d#000000\u2033][vc_column][vc_empty_space height=\u201d22px\u201d][vc_row_inner el_class=\u201dtext_white\u201d][vc_column_inner width=\u201d1\/6\u2033][\/vc_column_inner][vc_column_inner width=\u201d2\/3\u2033][vc_empty_space height=\u201d12px\u201d][vc_column_text el_class=\u201doldfont\u201d]\u00bb ENVIAT DES D\u2019EL BARCO DEL ARROZ \u00bb \u00bb 52\u00b0 41\u2019 37\u201d N, 22\u00b0 2\u2019 2\u201d E \u00bb [&hellip;]<\/p>\n","protected":false},"author":1,"featured_media":0,"parent":5060,"menu_order":1,"comment_status":"closed","ping_status":"closed","template":"","meta":{"om_disable_all_campaigns":false,"_monsterinsights_skip_tracking":false,"_monsterinsights_sitenote_active":false,"_monsterinsights_sitenote_note":"","_monsterinsights_sitenote_category":0,"footnotes":""},"class_list":["post-5065","page","type-page","status-publish","hentry"],"jetpack_sharing_enabled":true,"_links":{"self":[{"href":"https:\/\/www.planhmedia.org\/ca\/wp-json\/wp\/v2\/pages\/5065","targetHints":{"allow":["GET"]}}],"collection":[{"href":"https:\/\/www.planhmedia.org\/ca\/wp-json\/wp\/v2\/pages"}],"about":[{"href":"https:\/\/www.planhmedia.org\/ca\/wp-json\/wp\/v2\/types\/page"}],"author":[{"embeddable":true,"href":"https:\/\/www.planhmedia.org\/ca\/wp-json\/wp\/v2\/users\/1"}],"replies":[{"embeddable":true,"href":"https:\/\/www.planhmedia.org\/ca\/wp-json\/wp\/v2\/comments?post=5065"}],"version-history":[{"count":17,"href":"https:\/\/www.planhmedia.org\/ca\/wp-json\/wp\/v2\/pages\/5065\/revisions"}],"predecessor-version":[{"id":5523,"href":"https:\/\/www.planhmedia.org\/ca\/wp-json\/wp\/v2\/pages\/5065\/revisions\/5523"}],"up":[{"embeddable":true,"href":"https:\/\/www.planhmedia.org\/ca\/wp-json\/wp\/v2\/pages\/5060"}],"wp:attachment":[{"href":"https:\/\/www.planhmedia.org\/ca\/wp-json\/wp\/v2\/media?parent=5065"}],"curies":[{"name":"wp","href":"https:\/\/api.w.org\/{rel}","templated":true}]}}