{"id":5060,"date":"2023-04-07T12:10:03","date_gmt":"2023-04-07T12:10:03","guid":{"rendered":"https:\/\/www.planhmedia.org\/?page_id=5060"},"modified":"2024-08-20T15:32:24","modified_gmt":"2024-08-20T15:32:24","slug":"elbarcodelarroz","status":"publish","type":"page","link":"https:\/\/www.planhmedia.org\/ca\/elbarcodelarroz\/","title":{"rendered":"El barco del arroz"},"content":{"rendered":"<div class=\"wpb-content-wrapper\"><body><p>[vc_row content_full_width=\u201d1\u2033 css=\u201d.vc_custom_1656535354786{background-image: url(https:\/\/www.planhmedia.org\/wp-content\/uploads\/2022\/06\/Barco4-scaled.jpg?id=4644) !important;}\u201d el_id=\u201dbackgr\u201d][vc_column el_class=\u201dtext_white\u201d][vc_empty_space height=\u201d40px\u201d][vc_column_text el_class=\u201dmain_title\u201d]<\/p>\n<h1 style=\"text-align: center;\">EL BARCO DEL ARROZ<\/h1>\n<p>[\/vc_column_text][vc_empty_space height=\u201d220px\u201d el_id=\u201dsub_title_space\u201d][vc_column_text el_class=\u201dmain_title\u201d]<\/p>\n<h4 style=\"text-align: center;\">Senyals des d\u2019una antena errant<\/h4>\n<p>[\/vc_column_text][vc_empty_space height=\u201d220px\u201d el_id=\u201dtitle_space\u201d][\/vc_column][\/vc_row][vc_row content_full_width=\u201d1\u2033 overlay_background=\u201d#000000\u2033][vc_column][vc_empty_space][vc_row_inner css=\u201d.vc_custom_1652892656737{margin-top: -184px !important;}\u201d][vc_column_inner width=\u201d1\/6\u2033][\/vc_column_inner][vc_column_inner el_class=\u201dtext_white\u201d width=\u201d2\/3\u2033][vc_column_text]<\/p>\n<p style=\"text-align: center;\">Des de fa un temps, estem rebent transmissions procedents d\u2019alguna cosa que es fa dir \u00ab<em>El barco del arroz<\/em>\u00bb. S\u00f3n comunicacions en forma d\u2019\u00e0udio i textos curts que ens arriben aparentment del no-res i sense cap av\u00eds ni regularitat. No sabem qui les envia; ni tan sols tenim clar que hi hagi una m\u00e0 tangible al darrere. Tot i aix\u00f2, hem decidit publicar aquestes hist\u00f2ries a mesura que les anem captant. D\u2019alguna manera, sentim que aquesta \u00e9s la intenci\u00f3 des del suposat vaixell: que el m\u00f3n les conegui.<\/p>\n<p>[\/vc_column_text][\/vc_column_inner][vc_column_inner width=\u201d1\/6\u2033][\/vc_column_inner][\/vc_row_inner][vc_empty_space height=\u201d42px\u201d][vc_row_inner][vc_column_inner width=\u201d1\/6\u2033][\/vc_column_inner][vc_column_inner width=\u201d2\/3\u2033][vc_empty_space el_id=\u201dplayer\u201d][vc_column_text el_id=\u201drecomendado\u201d]<iframe loading=\"lazy\" src=\"https:\/\/widget.spreaker.com\/player?episode_id=51319047&amp;theme=dark&amp;color=1dab02&amp;cover_image_url=https%3A%2F%2Fd3wo5wojvuv7l.cloudfront.net%2Fimages.spreaker.com%2Foriginal%2F7ce89145ce48070eb64b7c25011dcdec.jpg&amp;playlist=show&amp;playlist-continuous=false&amp;chapters-image=false&amp;episode_image_position=left&amp;hide-likes=true&amp;hide-comments=true&amp;hide-sharing=true&amp;hide-logo=true&amp;hide-download=true\" width=\"100%\" height=\"350px\" frameborder=\"0\"><\/iframe>[\/vc_column_text][\/vc_column_inner][vc_column_inner width=\u201d1\/6\u2033][\/vc_column_inner][\/vc_row_inner][vc_empty_space height=\u201d42px\u201d][vc_row_inner][vc_column_inner width=\u201d1\/6\u2033][\/vc_column_inner][vc_column_inner el_class=\u201dtext_white\u201d width=\u201d2\/3\u2033][vc_column_text]<\/p>\n<h3 style=\"text-align: center;\">Transmissions rebudes<\/h3>\n<p>[\/vc_column_text][\/vc_column_inner][vc_column_inner width=\u201d1\/6\u2033][\/vc_column_inner][\/vc_row_inner][vc_empty_space height=\u201d40px\u201d][\/vc_column][\/vc_row][vc_row content_full_width=\u201d1\u2033 overlay_background=\u201d#000000\u2033 el_class=\u201dtext_white\u201d el_id=\u201depisodes\u201d][vc_column width=\u201d1\/6\u2033][\/vc_column][vc_column width=\u201d2\/3\u2033 center_content=\u201dtrue\u201d el_class=\u201depisodes\u201d][vc_row_inner equal_height=\u201dyes\u201d gap=\u201d10\u2033 el_class=\u201dtext_white\u201d][vc_column_inner width=\u201d1\/3\u2033][vc_single_image image=\u201d4696\u2033 img_size=\u201d800\u00d7800\u2033 add_caption=\u201dyes\u201d alignment=\u201dcenter\u201d onclick=\u201dcustom_link\u201d img_link_target=\u201d_blank\u201d link=\u201d\/ca\/elbarcodelarroz\/ona-curta-leon\/\u201d][vc_empty_space height=\u201d20px\u201d][vc_column_text el_class=\u201doldfont\u201d]<\/p>\n<p style=\"text-align: center;\"><a href=\"https:\/\/www.planhmedia.org\/ca\/elbarcodelarroz\/ona-curta-leon\" target=\"_blank\" rel=\"noopener\">[ONA CURTA]<\/a><\/p>\n<p style=\"text-align: center;\"><a href=\"https:\/\/www.planhmedia.org\/ca\/elbarcodelarroz\/ona-curta-leon\" target=\"_blank\" rel=\"noopener\">LE\u00d3N<\/a><\/p>\n<p>[\/vc_column_text][vc_empty_space height=\u201d12px\u201d][vc_column_text]<\/p>\n<p style=\"text-align: center;\"><a href=\"\/ca\/elbarcodelarroz\/ona-curta-leon\" target=\"_blank\" rel=\"noopener\">Com un salt al buit instigat per un nen que no vol morir pot tra\u00e7ar la l\u00ednia entre la condemna i la salvaci\u00f3.<\/a><\/p>\n<p>\u00a0<\/p>\n<p style=\"text-align: center;\"><strong>Idioma<\/strong>: castell\u00e0.<\/p>\n<p>[\/vc_column_text][vc_empty_space height=\u201d60px\u201d][\/vc_column_inner][vc_column_inner width=\u201d1\/3\u2033][vc_single_image image=\u201d4901\u2033 img_size=\u201dfull\u201d alignment=\u201dcenter\u201d onclick=\u201dcustom_link\u201d img_link_target=\u201d_blank\u201d link=\u201d\/ca\/elbarcodelarroz\/radar-tromba\u201d][vc_empty_space height=\u201d20px\u201d][vc_column_text el_class=\u201doldfont\u201d]<\/p>\n<p style=\"text-align: center;\"><a href=\"https:\/\/www.planhmedia.org\/ca\/elbarcodelarroz\/radar-tromba\/\" target=\"_blank\" rel=\"noopener\">[RADAR]<br>\nTROMBA<\/a><\/p>\n<p>[\/vc_column_text][vc_empty_space height=\u201d12px\u201d][vc_column_text]<\/p>\n<p style=\"text-align: center;\"><a href=\"https:\/\/www.planhmedia.org\/ca\/elbarcodelarroz\/radar-tromba\/\" target=\"_blank\" rel=\"noopener\">15\u00ba 42\u2019 11\u201d S<\/a><\/p>\n<p style=\"text-align: center;\"><a href=\"https:\/\/www.planhmedia.org\/ca\/elbarcodelarroz\/radar-tromba\/\" target=\"_blank\" rel=\"noopener\">46\u00ba 19\u2019 42\u201d E<\/a><\/p>\n<p>[\/vc_column_text][vc_empty_space height=\u201d60px\u201d][\/vc_column_inner][vc_column_inner width=\u201d1\/3\u2033][vc_single_image image=\u201d4397\u2033 img_size=\u201d500\u00d7500\u2033 alignment=\u201dcenter\u201d onclick=\u201dcustom_link\u201d img_link_target=\u201d_blank\u201d link=\u201d\/ca\/elbarcodelarroz\/papallona-contra-el-vent\u201d][vc_empty_space height=\u201d20px\u201d][vc_column_text el_class=\u201doldfont\u201d]<\/p>\n<p style=\"text-align: center;\"><a href=\"https:\/\/www.planhmedia.org\/ca\/elbarcodelarroz\/papallona-contra-el-vent\" target=\"_blank\" rel=\"noopener\">PAPALLONA<\/a><\/p>\n<p style=\"text-align: center;\"><a href=\"https:\/\/www.planhmedia.org\/ca\/elbarcodelarroz\/papallona-contra-el-vent\" target=\"_blank\" rel=\"noopener\">CONTRA EL VENT<\/a><\/p>\n<p>[\/vc_column_text][vc_empty_space height=\u201d12px\u201d][vc_column_text]<\/p>\n<p style=\"text-align: center;\"><a href=\"https:\/\/www.planhmedia.org\/ca\/elbarcodelarroz\/papallona-contra-el-vent\" target=\"_blank\" rel=\"noopener\">Un insecte de mig gram vola m\u00e9s de 4.000 quil\u00f2metres per a trobar-se amb els seus avantpassats i regirar la vida de les comunitats de la regi\u00f3.<\/a><\/p>\n<p>\u00a0<\/p>\n<p style=\"text-align: center;\"><strong>Idioma<\/strong>: castell\u00e0.<\/p>\n<p>[\/vc_column_text][vc_empty_space height=\u201d60px\u201d][\/vc_column_inner][\/vc_row_inner][vc_row_inner equal_height=\u201dyes\u201d gap=\u201d10\u2033 el_class=\u201dtext_white\u201d][vc_column_inner width=\u201d1\/3\u2033][vc_single_image image=\u201d4954\u2033 img_size=\u201dfull\u201d alignment=\u201dcenter\u201d onclick=\u201dcustom_link\u201d img_link_target=\u201d_blank\u201d link=\u201d\/ca\/elbarcodelarroz\/radar-summit-fiction\u201d][vc_empty_space height=\u201d20px\u201d][vc_column_text el_class=\u201doldfont\u201d]<\/p>\n<p style=\"text-align: center;\"><a href=\"https:\/\/www.planhmedia.org\/ca\/elbarcodelarroz\/radar-summit-fiction\/\" target=\"_blank\" rel=\"noopener\">[RADAR]<br>\nCIMERA-FICCI\u00d3<\/a><\/p>\n<p>[\/vc_column_text][vc_empty_space height=\u201d12px\u201d][vc_column_text]<\/p>\n<p style=\"text-align: center;\"><a href=\"https:\/\/www.planhmedia.org\/ca\/elbarcodelarroz\/radar-summit-fiction\/\" target=\"_blank\" rel=\"noopener\">40\u00b0 42\u2019 14\u201d N<\/a><\/p>\n<p style=\"text-align: center;\"><a href=\"https:\/\/www.planhmedia.org\/ca\/elbarcodelarroz\/radar-summit-fiction\/\" target=\"_blank\" rel=\"noopener\">74\u00b0 00\u2019 57\u201d O<\/a><\/p>\n<p>\u00a0<\/p>\n<p style=\"text-align: center;\"><strong>Idioma<\/strong>: angl\u00e8s.<\/p>\n<p>[\/vc_column_text][vc_empty_space height=\u201d60px\u201d][\/vc_column_inner][vc_column_inner width=\u201d1\/3\u2033][vc_single_image image=\u201d5436\u2033 img_size=\u201d800\u00d7800\u2033 add_caption=\u201dyes\u201d alignment=\u201dcenter\u201d onclick=\u201dcustom_link\u201d img_link_target=\u201d_blank\u201d link=\u201d\/ca\/elbarcodelarroz\/ona-curta-escletxa\u201d][vc_empty_space height=\u201d20px\u201d][vc_column_text el_class=\u201doldfont\u201d]<\/p>\n<p style=\"text-align: center;\"><a href=\"https:\/\/www.planhmedia.org\/ca\/elbarcodelarroz\/ona-curta-escletxa\" target=\"_blank\" rel=\"noopener\">[ONA CURTA]<\/a><\/p>\n<p style=\"text-align: center;\"><a href=\"https:\/\/www.planhmedia.org\/ca\/elbarcodelarroz\/ona-curta-escletxa\" target=\"_blank\" rel=\"noopener\">ESCLETXA<\/a><\/p>\n<p>[\/vc_column_text][vc_empty_space height=\u201d12px\u201d][vc_column_text]<\/p>\n<p style=\"text-align: center;\"><a href=\"\/ca\/elbarcodelarroz\/ona-curta-escletxa\" target=\"_blank\" rel=\"noopener\">Qui es podia pensar que una ombra invisible faria cruixir les creus de pedra amb delicadesa sibil\u00b7lina?<\/a><\/p>\n<p>\u00a0<\/p>\n<p style=\"text-align: center;\"><strong>Idiomes<\/strong>: Ahm\u00e0ric doblat al <a style=\"color: #15f55f !important;\" href=\"\/ca\/elbarcodelarroz\/ona-curta-escletxa\">catal\u00e0<\/a>, <a style=\"color: #15f55f !important;\" href=\"\/es\/elbarcodelarroz\/onda-corta-grieta\">castell\u00e0<\/a> i <a style=\"color: #15f55f !important;\" href=\"\/elbarcodelarroz\/shortwave-crack\">angl\u00e8s<\/a>.<\/p>\n<p>[\/vc_column_text][vc_empty_space height=\u201d60px\u201d][\/vc_column_inner][vc_column_inner width=\u201d1\/3\u2033][\/vc_column_inner][\/vc_row_inner][vc_row_inner][vc_column_inner][vc_empty_space][vc_column_text]<\/p>\n<h3 style=\"text-align: center;\">Ajuda\u2019ns a seguir<\/h3>\n<p>[\/vc_column_text][vc_empty_space][vc_column_text]Mantinguem aquesta antena a flor d\u2019aigua: tota aportaci\u00f3 suma![\/vc_column_text][vc_empty_space height=\u201d38px\u201d][vc_raw_html]JTNDZGl2JTIwaWQlM0QlMjJkb25hdGUtYnV0dG9uLWNvbnRhaW5lciUyMiUzRSUwQSUzQ2RpdiUyMGlkJTNEJTIyZG9uYXRlLWJ1dHRvbiUyMiUzRSUzQyUyRmRpdiUzRSUwQSUzQ3NjcmlwdCUyMHNyYyUzRCUyMmh0dHBzJTNBJTJGJTJGd3d3LnBheXBhbG9iamVjdHMuY29tJTJGZG9uYXRlJTJGc2RrJTJGZG9uYXRlLXNkay5qcyUyMiUyMGNoYXJzZXQlM0QlMjJVVEYtOCUyMiUzRSUzQyUyRnNjcmlwdCUzRSUwQSUzQ3NjcmlwdCUzRSUwQVBheVBhbC5Eb25hdGlvbi5CdXR0b24lMjglN0IlMEFlbnYlM0ElMjdwcm9kdWN0aW9uJTI3JTJDJTBBaG9zdGVkX2J1dHRvbl9pZCUzQSUyNzlUNEZZSjlDVUVMODglMjclMkMlMEFpbWFnZSUzQSUyMCU3QiUwQXNyYyUzQSUyN2h0dHBzJTNBJTJGJTJGd3d3LnBheXBhbG9iamVjdHMuY29tJTJGZXNfRVMlMkZFUyUyRmklMkZidG4lMkZidG5fZG9uYXRlX0xHLmdpZiUyNyUyQyUwQWFsdCUzQSUyN0JvdCVDMyVCM24lQzIlQTBEb25hciUyMGFtYiUyMFBheVBhbCUyNyUyQyUwQXRpdGxlJTNBJTI3UGF5UGFsJTIwLSUyMFRoZSUyMHNhZmVyJTJDJTIwZWFzaWVyJTIwd2F5JTIwdG8lMjBwYXklMjBvbmxpbmUlMjElMjclMkMlMEElN0QlMEElN0QlMjkucmVuZGVyJTI4JTI3JTIzZG9uYXRlLWJ1dHRvbiUyNyUyOSUzQiUwQSUzQyUyRnNjcmlwdCUzRSUwQSUzQyUyRmRpdiUzRQ==[\/vc_raw_html][vc_empty_space height=\u201d40px\u201d][\/vc_column_inner][\/vc_row_inner][vc_row_inner][vc_column_inner el_class=\u201dlang\u201d][vc_column_text]<\/p>\n<p style=\"text-align: center;\"><a href=\"\/elbarcodelarroz\/\">ENG<\/a> | <a href=\"\/es\/elbarcodelarroz\">ESP<\/a> | CAT<\/p>\n<p>[\/vc_column_text][vc_empty_space height=\u201d30px\u201d][\/vc_column_inner][\/vc_row_inner][\/vc_column][vc_column width=\u201d1\/6\u2033][\/vc_column][\/vc_row][vc_row overlay_background=\u201d#000000\u2033 el_class=\u201dblack_footer\u201d][vc_column width=\u201d1\/4\u2033 el_class=\u201dfoot\u201d][vc_empty_space height=\u201d24px\u201d][vc_row_inner el_class=\u201dtext_white\u201d][vc_column_inner width=\u201d1\/2\u2033][vc_column_text]<\/p>\n<p style=\"text-align: center;\">Produ\u00eft per:<\/p>\n<p>[\/vc_column_text][\/vc_column_inner][vc_column_inner width=\u201d1\/2\u2033][vc_single_image image=\u201d3745\u2033 img_size=\u201d268\u00d768\u2033 alignment=\u201dcenter\u201d onclick=\u201dcustom_link\u201d img_link_target=\u201d_blank\u201d link=\u201d\/ca\u201d][\/vc_column_inner][\/vc_row_inner][vc_empty_space height=\u201d12px\u201d][\/vc_column][vc_column width=\u201d3\/4\u2033][vc_empty_space height=\u201d24px\u201d][vc_row_inner el_class=\u201dtext_white\u201d][vc_column_inner el_class=\u201descuchalo\u201d width=\u201d1\/6\u2033][\/vc_column_inner][vc_column_inner el_class=\u201dfoot\u201d width=\u201d1\/6\u2033][vc_column_text]<\/p>\n<p style=\"text-align: center;\">Disponible a:<\/p>\n<p>[\/vc_column_text][\/vc_column_inner][vc_column_inner width=\u201d1\/6\u2033][vc_single_image image=\u201d4421\u2033 img_size=\u201d268\u00d768\u2033 alignment=\u201dcenter\u201d onclick=\u201dcustom_link\u201d img_link_target=\u201d_blank\u201d link=\u201dhttps:\/\/podcasts.apple.com\/us\/podcast\/el-barco-del-arroz\/id1650286435\u2033][vc_empty_space height=\u201d10px\u201d][\/vc_column_inner][vc_column_inner width=\u201d1\/6\u2033][vc_single_image image=\u201d4415\u2033 img_size=\u201d268\u00d768\u2033 alignment=\u201dcenter\u201d onclick=\u201dcustom_link\u201d img_link_target=\u201d_blank\u201d link=\u201dhttps:\/\/open.spotify.com\/show\/38orwDKCV717d9Wn1p0YQl\u201d][vc_empty_space height=\u201d10px\u201d][\/vc_column_inner][vc_column_inner width=\u201d1\/6\u2033][vc_single_image image=\u201d5509\u2033 img_size=\u201dmedium\u201d alignment=\u201dcenter\u201d onclick=\u201dcustom_link\u201d img_link_target=\u201d_blank\u201d link=\u201dhttps:\/\/www.spreaker.com\/podcast\/el-barco-del-arroz\u20135168574\u2033][vc_empty_space height=\u201d10px\u201d][\/vc_column_inner][vc_column_inner width=\u201d1\/6\u2033][vc_single_image image=\u201d3741\u2033 img_size=\u201dmedium\u201d alignment=\u201dcenter\u201d onclick=\u201dcustom_link\u201d img_link_target=\u201d_blank\u201d link=\u201dhttps:\/\/www.ivoox.com\/podcast-barco-del-arroz_sq_f11694607_1.html\u201d][vc_empty_space height=\u201d10px\u201d][\/vc_column_inner][\/vc_row_inner][vc_empty_space height=\u201d12px\u201d][\/vc_column][\/vc_row][vc_row el_id=\u201dhide_row\u201d][vc_column][vc_raw_html]JTNDc3R5bGUlM0UlMEElNDBpbXBvcnQlMjB1cmwlMjglMjdodHRwJTNBJTJGJTJGZm9udHMuY2RuZm9udHMuY29tJTJGY3NzJTJGZWxlbWVudCUyNyUyOSUzQiUwQSU0MGltcG9ydCUyMHVybCUyOCUyN2h0dHAlM0ElMkYlMkZmb250cy5jZG5mb250cy5jb20lMkZjc3MlMkZjYXB0dXJlLWl0JTI3JTI5JTNCJTBBJTNDJTJGc3R5bGUlM0U=[\/vc_raw_html][\/vc_column][\/vc_row]<\/p>\n<\/body><\/div>","protected":false},"excerpt":{"rendered":"<p>[vc_row content_full_width=\u201d1\u2033 css=\u201d.vc_custom_1656535354786{background-image: url(https:\/\/www.planhmedia.org\/wp-content\/uploads\/2022\/06\/Barco4-scaled.jpg?id=4644) !important;}\u201d el_id=\u201dbackgr\u201d][vc_column el_class=\u201dtext_white\u201d][vc_empty_space height=\u201d40px\u201d][vc_column_text el_class=\u201dmain_title\u201d] EL BARCO DEL ARROZ [\/vc_column_text][vc_empty_space height=\u201d220px\u201d el_id=\u201dsub_title_space\u201d][vc_column_text el_class=\u201dmain_title\u201d] Senyals des d\u2019una antena errant [\/vc_column_text][vc_empty_space height=\u201d220px\u201d el_id=\u201dtitle_space\u201d][\/vc_column][\/vc_row][vc_row content_full_width=\u201d1\u2033 overlay_background=\u201d#000000\u2033][vc_column][vc_empty_space][vc_row_inner css=\u201d.vc_custom_1652892656737{margin-top: -184px !important;}\u201d][vc_column_inner width=\u201d1\/6\u2033][\/vc_column_inner][vc_column_inner el_class=\u201dtext_white\u201d width=\u201d2\/3\u2033][vc_column_text] Des de fa un temps, estem rebent transmissions procedents d\u2019alguna cosa que es fa dir \u00abEl barco del arroz\u00bb. S\u00f3n comunicacions en [&hellip;]<\/p>\n","protected":false},"author":1,"featured_media":0,"parent":0,"menu_order":0,"comment_status":"closed","ping_status":"closed","template":"","meta":{"om_disable_all_campaigns":false,"_monsterinsights_skip_tracking":false,"_monsterinsights_sitenote_active":false,"_monsterinsights_sitenote_note":"","_monsterinsights_sitenote_category":0,"footnotes":""},"class_list":["post-5060","page","type-page","status-publish","hentry"],"jetpack_sharing_enabled":true,"_links":{"self":[{"href":"https:\/\/www.planhmedia.org\/ca\/wp-json\/wp\/v2\/pages\/5060","targetHints":{"allow":["GET"]}}],"collection":[{"href":"https:\/\/www.planhmedia.org\/ca\/wp-json\/wp\/v2\/pages"}],"about":[{"href":"https:\/\/www.planhmedia.org\/ca\/wp-json\/wp\/v2\/types\/page"}],"author":[{"embeddable":true,"href":"https:\/\/www.planhmedia.org\/ca\/wp-json\/wp\/v2\/users\/1"}],"replies":[{"embeddable":true,"href":"https:\/\/www.planhmedia.org\/ca\/wp-json\/wp\/v2\/comments?post=5060"}],"version-history":[{"count":6,"href":"https:\/\/www.planhmedia.org\/ca\/wp-json\/wp\/v2\/pages\/5060\/revisions"}],"predecessor-version":[{"id":5563,"href":"https:\/\/www.planhmedia.org\/ca\/wp-json\/wp\/v2\/pages\/5060\/revisions\/5563"}],"wp:attachment":[{"href":"https:\/\/www.planhmedia.org\/ca\/wp-json\/wp\/v2\/media?parent=5060"}],"curies":[{"name":"wp","href":"https:\/\/api.w.org\/{rel}","templated":true}]}}