{"id":4133,"date":"2021-04-07T13:26:36","date_gmt":"2021-04-07T13:26:36","guid":{"rendered":"https:\/\/www.planhmedia.com\/?page_id=4133"},"modified":"2021-04-07T13:26:36","modified_gmt":"2021-04-07T13:26:36","slug":"valors","status":"publish","type":"page","link":"https:\/\/www.planhmedia.org\/ca\/nosaltres\/valors\/","title":{"rendered":"Valors"},"content":{"rendered":"<div class=\"wpb-content-wrapper\"><body><p>[vc_row][vc_column][vc_row_inner][vc_column_inner][vc_empty_space height=\u201d100px\u201d][vc_custom_heading text=\u201dELS NOSTRES VALORS\u201d font_container=\u201dtag:h2|text_align:center|color:%23000000\u2033 google_fonts=\u201dfont_family:Lato%3A100%2C100italic%2C300%2C300italic%2Cregular%2Citalic%2C700%2C700italic%2C900%2C900italic|font_style:900%20bold%20regular%3A900%3Anormal\u201d letter_spacing=\u201d2pt\u201d line_bottom_width=\u201d150px\u201d line_bottom_height=\u201d3px\u201d line_bottom_margin=\u201d30px 0 0 0\u2033 line_bottom_color=\u201d#ffbf00\u2033 line_bottom_position=\u201dcenter\u201d][vc_empty_space height=\u201d42px\u201d][\/vc_column_inner][\/vc_row_inner][\/vc_column][vc_column][vc_row_inner equal_height=\u201dyes\u201d][vc_column_inner width=\u201d1\/6\u2033][vc_column_text css_animation=\u201dnone\u201d text_color=\u201d#ffbf00\u2033 el_class=\u201dnum_value\u201d]<\/p>\n<h3 style=\"text-align: right;\">1\/<\/h3>\n<p>[\/vc_column_text][\/vc_column_inner][vc_column_inner width=\u201d2\/3\u2033][vc_column_text]<\/p>\n<p style=\"text-align: center;\">Creiem que les bones hist\u00f2ries tenen el poder de canviar el m\u00f3n i tenim la convicci\u00f3 que els podcasts s\u00f3n un mitj\u00e0 ideal per a inspirar el p\u00fablic a participar i posicionar-se en els temes importants del nostre temps.<\/p>\n<p>[\/vc_column_text][vc_empty_space][\/vc_column_inner][vc_column_inner width=\u201d1\/6\u2033][\/vc_column_inner][\/vc_row_inner][vc_row_inner equal_height=\u201dyes\u201d][vc_column_inner width=\u201d1\/6\u2033][vc_column_text css_animation=\u201dnone\u201d text_color=\u201d#ffbf00\u2033 el_class=\u201dnum_value\u201d]<\/p>\n<h3 style=\"text-align: right;\">2\/<\/h3>\n<p>[\/vc_column_text][\/vc_column_inner][vc_column_inner width=\u201d2\/3\u2033][vc_column_text]<\/p>\n<p style=\"text-align: center;\">Treballem amb entusiasme, curiositat i professionalitat per tal d\u2019oferir podcasts d\u2019alta qualitat que \u00abmoguin\u00bb els seus oients.<\/p>\n<p>[\/vc_column_text][vc_empty_space][\/vc_column_inner][vc_column_inner width=\u201d1\/6\u2033][\/vc_column_inner][\/vc_row_inner][vc_row_inner equal_height=\u201dyes\u201d][vc_column_inner width=\u201d1\/6\u2033][vc_column_text css_animation=\u201dnone\u201d text_color=\u201d#ffbf00\u2033 el_class=\u201dnum_value\u201d]<\/p>\n<h3 style=\"text-align: right;\">3\/<\/h3>\n<p>[\/vc_column_text][\/vc_column_inner][vc_column_inner width=\u201d2\/3\u2033][vc_column_text]<\/p>\n<p style=\"text-align: center;\">Ens agrada la gent honesta. Honesta amb la seva feina, honesta amb clients i prove\u00efdors, honesta amb l\u2019empresa i, sobretot, honesta en el desig d\u2019aportar al m\u00f3n les millors hist\u00f2ries d\u2019\u00e0udio.<\/p>\n<p>[\/vc_column_text][vc_empty_space][\/vc_column_inner][vc_column_inner width=\u201d1\/6\u2033][\/vc_column_inner][\/vc_row_inner][vc_row_inner equal_height=\u201dyes\u201d][vc_column_inner width=\u201d1\/6\u2033][vc_column_text css_animation=\u201dnone\u201d text_color=\u201d#ffbf00\u2033 el_class=\u201dnum_value\u201d]<\/p>\n<h3 style=\"text-align: right;\">4\/<\/h3>\n<p>[\/vc_column_text][\/vc_column_inner][vc_column_inner width=\u201d2\/3\u2033][vc_column_text]<\/p>\n<p style=\"text-align: center;\">Busquem treballar amb persones que no esperen ordres, fan el que prometen i actuen amb consideraci\u00f3 cap als altres.<\/p>\n<p>[\/vc_column_text][vc_empty_space][\/vc_column_inner][vc_column_inner width=\u201d1\/6\u2033][\/vc_column_inner][\/vc_row_inner][vc_row_inner equal_height=\u201dyes\u201d][vc_column_inner width=\u201d1\/6\u2033][vc_column_text css_animation=\u201dnone\u201d text_color=\u201d#ffbf00\u2033 el_class=\u201dnum_value\u201d]<\/p>\n<h3 style=\"text-align: right;\">5\/<\/h3>\n<p>[\/vc_column_text][\/vc_column_inner][vc_column_inner width=\u201d2\/3\u2033][vc_column_text]<\/p>\n<p style=\"text-align: center;\">Perseguim alts est\u00e0ndards professionals, per\u00f2 l\u2019amabilitat i la proximitat en les nostres interaccions tamb\u00e9 s\u00f3n fonamentals.<\/p>\n<p>[\/vc_column_text][vc_empty_space][\/vc_column_inner][vc_column_inner width=\u201d1\/6\u2033][\/vc_column_inner][\/vc_row_inner][vc_row_inner equal_height=\u201dyes\u201d][vc_column_inner width=\u201d1\/6\u2033][vc_column_text css_animation=\u201dnone\u201d text_color=\u201d#ffbf00\u2033 el_class=\u201dnum_value\u201d]<\/p>\n<h3 style=\"text-align: right;\">6\/<\/h3>\n<p>[\/vc_column_text][\/vc_column_inner][vc_column_inner width=\u201d2\/3\u2033][vc_column_text]<\/p>\n<p style=\"text-align: center;\">Volem que els membres de l\u2019empresa, aix\u00ed com els nostres col\u00b7laboradors i clients, puguin guanyar-se dignament la vida amb la seva feina.<\/p>\n<p>[\/vc_column_text][vc_empty_space][\/vc_column_inner][vc_column_inner width=\u201d1\/6\u2033][\/vc_column_inner][\/vc_row_inner][vc_row_inner equal_height=\u201dyes\u201d][vc_column_inner width=\u201d1\/6\u2033][vc_column_text css_animation=\u201dnone\u201d text_color=\u201d#ffbf00\u2033 el_class=\u201dnum_value\u201d]<\/p>\n<h3 style=\"text-align: right;\">7\/<\/h3>\n<p>[\/vc_column_text][\/vc_column_inner][vc_column_inner width=\u201d2\/3\u2033][vc_column_text]<\/p>\n<p style=\"text-align: center;\">Tenim un fort comprom\u00eds amb la diversitat, l\u2019equitat, la inclusi\u00f3 i la sostenibilitat.<\/p>\n<p>[\/vc_column_text][vc_empty_space][\/vc_column_inner][vc_column_inner width=\u201d1\/6\u2033][\/vc_column_inner][\/vc_row_inner][vc_row_inner equal_height=\u201dyes\u201d][vc_column_inner width=\u201d1\/6\u2033][vc_column_text css_animation=\u201dnone\u201d text_color=\u201d#ffbf00\u2033 el_class=\u201dnum_value\u201d]<\/p>\n<h3 style=\"text-align: right;\">8\/<\/h3>\n<p>[\/vc_column_text][\/vc_column_inner][vc_column_inner width=\u201d2\/3\u2033][vc_column_text]<\/p>\n<p style=\"text-align: center;\">El nostre objectiu \u00e9s que l\u2019empresa sigui rendible, per\u00f2 no a qualsevol preu. Entenem que cada individu dep\u00e8n d\u2019altres persones i, per tant, som responsables vers elles i les generacions futures.<\/p>\n<p>[\/vc_column_text][vc_empty_space][\/vc_column_inner][vc_column_inner width=\u201d1\/6\u2033][\/vc_column_inner][\/vc_row_inner][vc_row_inner equal_height=\u201dyes\u201d][vc_column_inner width=\u201d1\/6\u2033][vc_column_text css_animation=\u201dnone\u201d text_color=\u201d#ffbf00\u2033 el_class=\u201dnum_value\u201d]<\/p>\n<h3 style=\"text-align: right;\">9\/<\/h3>\n<p>[\/vc_column_text][\/vc_column_inner][vc_column_inner width=\u201d2\/3\u2033][vc_column_text]<\/p>\n<p style=\"text-align: center;\">Donem ple suport als <a href=\"https:\/\/www.un.org\/sustainabledevelopment\/es\/\" target=\"_blank\" rel=\"noopener noreferrer\">Objectius de Desenvolupament Sostenible<\/a> de les Nacions Unides.<\/p>\n<p>[\/vc_column_text][vc_empty_space][\/vc_column_inner][vc_column_inner width=\u201d1\/6\u2033][\/vc_column_inner][\/vc_row_inner][vc_row_inner equal_height=\u201dyes\u201d][vc_column_inner width=\u201d1\/6\u2033][vc_column_text css_animation=\u201dnone\u201d text_color=\u201d#ffbf00\u2033 el_class=\u201dnum_value\u201d]<\/p>\n<h3 style=\"text-align: right;\">10\/<\/h3>\n<p>[\/vc_column_text][\/vc_column_inner][vc_column_inner width=\u201d2\/3\u2033][vc_column_text]<\/p>\n<p style=\"text-align: center;\">Creiem fermament que hem de ser el canvi que busquem en el m\u00f3n. \u00c9s per aix\u00f2 que nom\u00e9s treballem en projectes que ressonen amb el nostre <a href=\"\/es\/nosotros#purpose\">prop\u00f2sit<\/a> i estimulen la nostra creativitat.<\/p>\n<p>[\/vc_column_text][vc_empty_space][\/vc_column_inner][vc_column_inner width=\u201d1\/6\u2033][\/vc_column_inner][\/vc_row_inner][\/vc_column][\/vc_row][vc_row][vc_column][vc_empty_space height=\u201d60px\u201d][\/vc_column][\/vc_row]<\/p>\n<\/body><\/div>","protected":false},"excerpt":{"rendered":"<p>[vc_row][vc_column][vc_row_inner][vc_column_inner][vc_empty_space height=\u201d100px\u201d][vc_custom_heading text=\u201dELS NOSTRES VALORS\u201d font_container=\u201dtag:h2|text_align:center|color:%23000000\u2033 google_fonts=\u201dfont_family:Lato%3A100%2C100italic%2C300%2C300italic%2Cregular%2Citalic%2C700%2C700italic%2C900%2C900italic|font_style:900%20bold%20regular%3A900%3Anormal\u201d letter_spacing=\u201d2pt\u201d line_bottom_width=\u201d150px\u201d line_bottom_height=\u201d3px\u201d line_bottom_margin=\u201d30px 0 0 0\u2033 line_bottom_color=\u201d#ffbf00\u2033 line_bottom_position=\u201dcenter\u201d][vc_empty_space height=\u201d42px\u201d][\/vc_column_inner][\/vc_row_inner][\/vc_column][vc_column][vc_row_inner equal_height=\u201dyes\u201d][vc_column_inner width=\u201d1\/6\u2033][vc_column_text css_animation=\u201dnone\u201d text_color=\u201d#ffbf00\u2033 el_class=\u201dnum_value\u201d] 1\/ [\/vc_column_text][\/vc_column_inner][vc_column_inner width=\u201d2\/3\u2033][vc_column_text] Creiem que les bones hist\u00f2ries tenen el poder de canviar el m\u00f3n i tenim la convicci\u00f3 que els podcasts s\u00f3n un mitj\u00e0 ideal per a inspirar el p\u00fablic a participar [&hellip;]<\/p>\n","protected":false},"author":1,"featured_media":0,"parent":4122,"menu_order":0,"comment_status":"closed","ping_status":"closed","template":"","meta":{"om_disable_all_campaigns":false,"_monsterinsights_skip_tracking":false,"_monsterinsights_sitenote_active":false,"_monsterinsights_sitenote_note":"","_monsterinsights_sitenote_category":0,"footnotes":""},"class_list":["post-4133","page","type-page","status-publish","hentry"],"jetpack_sharing_enabled":true,"_links":{"self":[{"href":"https:\/\/www.planhmedia.org\/ca\/wp-json\/wp\/v2\/pages\/4133","targetHints":{"allow":["GET"]}}],"collection":[{"href":"https:\/\/www.planhmedia.org\/ca\/wp-json\/wp\/v2\/pages"}],"about":[{"href":"https:\/\/www.planhmedia.org\/ca\/wp-json\/wp\/v2\/types\/page"}],"author":[{"embeddable":true,"href":"https:\/\/www.planhmedia.org\/ca\/wp-json\/wp\/v2\/users\/1"}],"replies":[{"embeddable":true,"href":"https:\/\/www.planhmedia.org\/ca\/wp-json\/wp\/v2\/comments?post=4133"}],"version-history":[{"count":3,"href":"https:\/\/www.planhmedia.org\/ca\/wp-json\/wp\/v2\/pages\/4133\/revisions"}],"predecessor-version":[{"id":4136,"href":"https:\/\/www.planhmedia.org\/ca\/wp-json\/wp\/v2\/pages\/4133\/revisions\/4136"}],"up":[{"embeddable":true,"href":"https:\/\/www.planhmedia.org\/ca\/wp-json\/wp\/v2\/pages\/4122"}],"wp:attachment":[{"href":"https:\/\/www.planhmedia.org\/ca\/wp-json\/wp\/v2\/media?parent=4133"}],"curies":[{"name":"wp","href":"https:\/\/api.w.org\/{rel}","templated":true}]}}